{"id":3427,"date":"2025-01-25T16:15:25","date_gmt":"2025-01-25T15:15:25","guid":{"rendered":"https:\/\/www2.fitness-flohmarkt.ch\/produkt\/hantelbank-competition-bankdruecken\/"},"modified":"2026-05-06T22:55:21","modified_gmt":"2026-05-06T20:55:21","slug":"banc-de-musculation-competition-bankdruecken","status":"publish","type":"product","link":"https:\/\/www.fitness-flohmarkt.ch\/fr\/produkt\/hantelbank-competition-bankdruecken\/","title":{"rendered":"Banc de musculation Competition | D\u00e9velopp\u00e9 couch\u00e9"},"content":{"rendered":"<h3 data-start=\"72\" data-end=\"372\">Banc de musculation Massive Competition - Avec Safety Spotter Arms &amp; Band Pegs<\/h3>\n<p data-start=\"72\" data-end=\"372\">Ce banc de musculation \u00e0 la construction massive est la solution id\u00e9ale pour un d\u00e9velopp\u00e9 couch\u00e9 s\u00fbr et intensif. Avec une capacit\u00e9 de charge allant jusqu'\u00e0 500 kg, il offre une stabilit\u00e9 suffisante pour les s\u00e9ances d'entra\u00eenement exigeantes.<\/p>\n<p data-start=\"374\" data-end=\"761\">Le support d'halt\u00e8res r\u00e9glable permet de s'adapter individuellement aux diff\u00e9rentes tailles, tandis que les Safety Spotter Arms int\u00e9gr\u00e9s font office de barres de s\u00e9curit\u00e9 et offrent une protection suppl\u00e9mentaire lorsque les poids sont \u00e9lev\u00e9s. Les bras de s\u00e9curit\u00e9 sont \u00e9galement r\u00e9glables en hauteur et aident \u00e0 r\u00e9duire consid\u00e9rablement les risques lors de l'entra\u00eenement seul.<\/p>\n<p data-start=\"763\" data-end=\"1066\">Gr\u00e2ce aux Band Pegs int\u00e9gr\u00e9s, les bandes de r\u00e9sistance peuvent \u00eatre fix\u00e9es en toute s\u00e9curit\u00e9 afin d'intensifier l'entra\u00eenement de mani\u00e8re cibl\u00e9e et de cr\u00e9er des stimuli suppl\u00e9mentaires. La construction massive en acier de haute qualit\u00e9 garantit une longue dur\u00e9e de vie, une stabilit\u00e9 et une performance fiable - m\u00eame en cas d'effort maximal.<\/p>\n<p data-start=\"1068\" data-end=\"1190\" data-is-last-node=\"\" data-is-only-node=\"\">Un appareil d'entra\u00eenement robuste pour un entra\u00eenement de musculation sans compromis, qui met l'accent sur la s\u00e9curit\u00e9, la fonctionnalit\u00e9 et la polyvalence.<\/p>","protected":false},"excerpt":{"rendered":"<p>Banc plat Competition robuste avec support d'halt\u00e8res r\u00e9glable, barres de s\u00e9curit\u00e9 et bandes Pegs - id\u00e9al pour le d\u00e9velopp\u00e9 couch\u00e9 lourd en toute s\u00e9curit\u00e9 et l'entra\u00eenement avec bandes de r\u00e9sistance. Capacit\u00e9 de charge jusqu'\u00e0 500 kg.<\/p>","protected":false},"featured_media":57588,"comment_status":"open","ping_status":"closed","template":"","meta":{"_acf_changed":false,"_gspb_post_css":""},"product_brand":[1000],"product_cat":[358],"product_tag":[],"class_list":{"0":"post-3427","1":"product","2":"type-product","3":"status-publish","4":"has-post-thumbnail","6":"product_brand-fitcom","7":"product_cat-hantelbaenke","8":"product_shipping_class-standard","9":"pa_anzahl-stufen-1737","10":"pa_artikel-pro-verkaufseinheit-1x","11":"pa_breite-180-cm","12":"pa_farbe-schwarz","13":"pa_hantelbanktyp-hantelbank-mit-ablage","14":"pa_hoehe-110-cm","15":"pa_laenge-160-cm","16":"pa_lieferumfang-1x-hantelbank","17":"pa_material-stahl-pulverbeschichtet","18":"pa_material-polster-kunstleder","19":"pa_max-belastung-500-kg","20":"pa_max-gewicht-langhantelablage-500-kg","21":"pa_negativ-einstellung-nein","22":"pa_transportrollen-nein","23":"pa_verstellbare-rueckenlehne-nein","24":"pa_verstellbarer-sitz-nein","26":"first","27":"instock","28":"taxable","29":"shipping-taxable","30":"purchasable","31":"product-type-simple"},"bundled_by":[],"bundle_stock_status":"instock","bundle_stock_quantity":8,"bundle_virtual":false,"bundle_layout":"","bundle_add_to_cart_form_location":"","bundle_editable_in_cart":false,"bundle_sold_individually_context":"","bundle_item_grouping":"","bundle_min_size":"","bundle_max_size":"","bundle_price":[],"bundled_items":[],"bundle_sell_ids":[],"acf":[],"df_price":490,"df_sale_price":"","df_regular_price":490,"df_image_link":"https:\/\/www.fitness-flohmarkt.ch\/wp-content\/uploads\/F-83185_Hantelbank-Competition-Bankdruecken_0-20250314-101703-300x300.jpg","_links":{"self":[{"href":"https:\/\/www.fitness-flohmarkt.ch\/fr\/wp-json\/wp\/v2\/product\/3427","targetHints":{"allow":["GET"]}}],"collection":[{"href":"https:\/\/www.fitness-flohmarkt.ch\/fr\/wp-json\/wp\/v2\/product"}],"about":[{"href":"https:\/\/www.fitness-flohmarkt.ch\/fr\/wp-json\/wp\/v2\/types\/product"}],"replies":[{"embeddable":true,"href":"https:\/\/www.fitness-flohmarkt.ch\/fr\/wp-json\/wp\/v2\/comments?post=3427"}],"wp:featuredmedia":[{"embeddable":true,"href":"https:\/\/www.fitness-flohmarkt.ch\/fr\/wp-json\/wp\/v2\/media\/57588"}],"wp:attachment":[{"href":"https:\/\/www.fitness-flohmarkt.ch\/fr\/wp-json\/wp\/v2\/media?parent=3427"}],"wp:term":[{"taxonomy":"product_brand","embeddable":true,"href":"https:\/\/www.fitness-flohmarkt.ch\/fr\/wp-json\/wp\/v2\/product_brand?post=3427"},{"taxonomy":"product_cat","embeddable":true,"href":"https:\/\/www.fitness-flohmarkt.ch\/fr\/wp-json\/wp\/v2\/product_cat?post=3427"},{"taxonomy":"product_tag","embeddable":true,"href":"https:\/\/www.fitness-flohmarkt.ch\/fr\/wp-json\/wp\/v2\/product_tag?post=3427"}],"curies":[{"name":"wp","href":"https:\/\/api.w.org\/{rel}","templated":true}]}}