{"id":3418,"date":"2025-01-25T16:15:18","date_gmt":"2025-01-25T15:15:18","guid":{"rendered":"https:\/\/www2.fitness-flohmarkt.ch\/produkt\/atx-wadenmaschine-sitzend-calf\/"},"modified":"2026-04-20T15:13:13","modified_gmt":"2026-04-20T13:13:13","slug":"atx-machine-a-mollets-assise-calf","status":"publish","type":"product","link":"https:\/\/www.fitness-flohmarkt.ch\/fr\/produkt\/atx-wadenmaschine-sitzend-calf\/","title":{"rendered":"ATX Machine \u00e0 mollets assise | Calf"},"content":{"rendered":"<h3>Machine \u00e0 mollets ATX\u00ae - Entra\u00eenement professionnel pour des mollets forts<\/h3>\n<p data-start=\"0\" data-end=\"511\">La machine \u00e0 mollets ATX\u00ae est un appareil d'entra\u00eenement professionnel sp\u00e9cialement con\u00e7u pour un entra\u00eenement efficace et cibl\u00e9 de la musculature des mollets. Certifi\u00e9e selon la norme EN 957 et agr\u00e9\u00e9e pour les studios, cette machine convainc par sa construction massive et robuste, id\u00e9ale pour les studios exigeants. La position de l'assise et du rembourrage des genoux, r\u00e9glable individuellement, permet une adaptation optimale aux diff\u00e9rentes tailles et assure ainsi une ex\u00e9cution ergonomiquement correcte des exercices.<\/p>\n<p data-start=\"513\" data-end=\"921\">Le levier de l'assise, qui oscille compl\u00e8tement, est double et mont\u00e9 sur roulement \u00e0 billes des deux c\u00f4t\u00e9s, ce qui assure un mouvement doux et r\u00e9gulier. Le rembourrage des genoux peut \u00eatre r\u00e9gl\u00e9 en hauteur de mani\u00e8re flexible afin de garantir un angle parfait et permettre ainsi une contraction musculaire optimale. Avec une capacit\u00e9 de charge du disque allant jusqu'\u00e0 200 kg, la machine \u00e0 mollets est particuli\u00e8rement lourde \u00e0 porter et stable.<\/p>\n<p data-start=\"923\" data-end=\"1416\" data-is-last-node=\"\" data-is-only-node=\"\">L'appareil est autonome et dispose de pieds en caoutchouc qui prot\u00e8gent le sol et assurent une s\u00e9curit\u00e9 antid\u00e9rapante. Un rembourrage confortable augmente encore le confort d'entra\u00eenement. La r\u00e9ception des disques d'halt\u00e8res est con\u00e7ue en s\u00e9rie pour des disques de 30 mm d'une longueur de 250 mm et est dot\u00e9e d'un blocage de s\u00e9curit\u00e9. Les dimensions de la machine sont de 135 x 71 x 90 cm pour un poids d'environ 50 kg, ce qui en fait un appareil stable et fonctionnel pour un entra\u00eenement efficace des mollets.<\/p>\n<p>&nbsp;<\/p>\n<p>&nbsp;<\/p>","protected":false},"excerpt":{"rendered":"<p>Machine \u00e0 mollets ATX\u00ae de construction robuste avec si\u00e8ge et genouill\u00e8re r\u00e9glables individuellement pour un confort optimal. Autonome, peut supporter jusqu'\u00e0 200 kg, avec pieds caoutchout\u00e9s pour une bonne stabilit\u00e9 au sol. Homologu\u00e9e pour les studios, certifi\u00e9e selon la norme EN 957.<\/p>","protected":false},"featured_media":9048565,"comment_status":"open","ping_status":"closed","template":"","meta":{"_acf_changed":false,"_gspb_post_css":""},"product_brand":[1039],"product_cat":[342],"product_tag":[],"class_list":{"0":"post-3418","1":"product","2":"type-product","3":"status-publish","4":"has-post-thumbnail","6":"product_brand-atx","7":"product_cat-plate-loaded","8":"product_shipping_class-standard","9":"pa_artikel-pro-verkaufseinheit-1x","10":"pa_breite-71-cm","11":"pa_farbe-schwarz","12":"pa_gewicht-50-kg","13":"pa_hoehe-90-cm","14":"pa_lieferumfang-1x-plate-loaded-geraet","15":"pa_material-stahl","16":"pa_max-belastung-200-kg","17":"pa_tiefe-135-cm-2","18":"pa_verstellbarer-sitz-ja","20":"first","21":"instock","22":"taxable","23":"shipping-taxable","24":"purchasable","25":"product-type-simple"},"bundled_by":[],"bundle_stock_status":"instock","bundle_stock_quantity":7,"bundle_virtual":false,"bundle_layout":"","bundle_add_to_cart_form_location":"","bundle_editable_in_cart":false,"bundle_sold_individually_context":"","bundle_item_grouping":"","bundle_min_size":"","bundle_max_size":"","bundle_price":[],"bundled_items":[],"bundle_sell_ids":[],"acf":[],"df_price":450,"df_sale_price":"","df_regular_price":450,"df_image_link":"https:\/\/www.fitness-flohmarkt.ch\/wp-content\/uploads\/F-67982_ATX-Wadenmaschine-sitzend-Calf_0-20251006-130209-300x300.jpg","_links":{"self":[{"href":"https:\/\/www.fitness-flohmarkt.ch\/fr\/wp-json\/wp\/v2\/product\/3418","targetHints":{"allow":["GET"]}}],"collection":[{"href":"https:\/\/www.fitness-flohmarkt.ch\/fr\/wp-json\/wp\/v2\/product"}],"about":[{"href":"https:\/\/www.fitness-flohmarkt.ch\/fr\/wp-json\/wp\/v2\/types\/product"}],"replies":[{"embeddable":true,"href":"https:\/\/www.fitness-flohmarkt.ch\/fr\/wp-json\/wp\/v2\/comments?post=3418"}],"wp:featuredmedia":[{"embeddable":true,"href":"https:\/\/www.fitness-flohmarkt.ch\/fr\/wp-json\/wp\/v2\/media\/9048565"}],"wp:attachment":[{"href":"https:\/\/www.fitness-flohmarkt.ch\/fr\/wp-json\/wp\/v2\/media?parent=3418"}],"wp:term":[{"taxonomy":"product_brand","embeddable":true,"href":"https:\/\/www.fitness-flohmarkt.ch\/fr\/wp-json\/wp\/v2\/product_brand?post=3418"},{"taxonomy":"product_cat","embeddable":true,"href":"https:\/\/www.fitness-flohmarkt.ch\/fr\/wp-json\/wp\/v2\/product_cat?post=3418"},{"taxonomy":"product_tag","embeddable":true,"href":"https:\/\/www.fitness-flohmarkt.ch\/fr\/wp-json\/wp\/v2\/product_tag?post=3418"}],"curies":[{"name":"wp","href":"https:\/\/api.w.org\/{rel}","templated":true}]}}