{"id":3346,"date":"2025-01-25T16:13:55","date_gmt":"2025-01-25T15:13:55","guid":{"rendered":"https:\/\/www2.fitness-flohmarkt.ch\/produkt\/atx-squat-stand-block-kniebeugenblock\/"},"modified":"2026-04-13T10:05:42","modified_gmt":"2026-04-13T08:05:42","slug":"atx-squat-stand-block-bloc-de-flexion-des-genoux","status":"publish","type":"product","link":"https:\/\/www.fitness-flohmarkt.ch\/fr\/produkt\/atx-squat-stand-block-kniebeugenblock\/","title":{"rendered":"ATX Squat Stand Block | Bloc de flexion des genoux"},"content":{"rendered":"<h3 data-start=\"0\" data-end=\"93\"><strong data-start=\"13\" data-end=\"93\">Bloc de squats d'ATX\u00ae - Optimise les squats avec une stabilit\u00e9 suppl\u00e9mentaire<\/strong><\/h3>\n<p class=\"\" data-start=\"0\" data-end=\"93\">Le bloc de squat d'ATX\u00ae permet d'am\u00e9liorer la posture lors de l'entra\u00eenement des squats et de soulager le dos et les chevilles. Gr\u00e2ce \u00e0 l'\u00e9l\u00e9vation du talon d'environ 10 mm \u00e0 50 mm, la barre d'halt\u00e8res est mieux \u00e9quilibr\u00e9e et la stabilit\u00e9 pendant l'entra\u00eenement est nettement am\u00e9lior\u00e9e. L'entra\u00eenement devient ainsi plus s\u00fbr et plus efficace.<\/p>\n<p class=\"\" data-start=\"449\" data-end=\"730\">Le bloc est en caoutchouc plein incassable, r\u00e9sistant et peut supporter de lourdes charges. Il peut \u00e9galement \u00eatre utilis\u00e9 pour effectuer des squats excentriques. De plus, il offre une surface d'appui antid\u00e9rapante qui garantit une stabilit\u00e9 maximale \u00e0 chaque entra\u00eenement.<\/p>\n<p class=\"\" data-start=\"732\" data-end=\"925\">Avec ses dimensions de 70 x 16 x 5 cm, le bloc de squat ATX\u00ae convient parfaitement aux entra\u00eenements intensifs et constitue un outil robuste et durable pour un entra\u00eenement de musculation cibl\u00e9.<\/p>\n<p class=\"\" data-start=\"927\" data-end=\"947\"><strong data-start=\"927\" data-end=\"947\">Remarque : <\/strong>Prix \u00e0 l'unit\u00e9.<\/p>","protected":false},"excerpt":{"rendered":"<p>Le bloc de squat d'ATX\u00ae optimise la posture lors de l'entra\u00eenement au squat et soulage le dos et les chevilles. Avec une \u00e9l\u00e9vation du talon d'environ 10 mm \u00e0 50 mm, la stabilit\u00e9 est am\u00e9lior\u00e9e pendant l'entra\u00eenement. Le bloc est en caoutchouc plein incassable, r\u00e9sistant et peut supporter de lourdes charges et offre une surface d'appui antid\u00e9rapante.<\/p>","protected":false},"featured_media":9048557,"comment_status":"open","ping_status":"closed","template":"","meta":{"_acf_changed":false,"_gspb_post_css":""},"product_brand":[1039],"product_cat":[319],"product_tag":[],"class_list":{"0":"post-3346","1":"product","2":"type-product","3":"status-publish","4":"has-post-thumbnail","6":"product_brand-atx","7":"product_cat-fitness-zubehoer","8":"pa_artikel-pro-verkaufseinheit-1x","9":"pa_breite-16-cm","10":"pa_farbe-schwarz","11":"pa_fitness-zubehoertyp-weightlifting","12":"pa_gewicht-5-kg","13":"pa_hoehe-5-cm","14":"pa_laenge-70-cm","15":"pa_lieferumfang-1x-squat-stand-block","16":"pa_material-gummi","18":"first","19":"instock","20":"taxable","21":"shipping-taxable","22":"purchasable","23":"product-type-simple"},"bundled_by":[],"bundle_stock_status":"instock","bundle_stock_quantity":30,"bundle_virtual":false,"bundle_layout":"","bundle_add_to_cart_form_location":"","bundle_editable_in_cart":false,"bundle_sold_individually_context":"","bundle_item_grouping":"","bundle_min_size":"","bundle_max_size":"","bundle_price":[],"bundled_items":[],"bundle_sell_ids":[],"acf":[],"df_price":39,"df_sale_price":"","df_regular_price":39,"df_image_link":"https:\/\/www.fitness-flohmarkt.ch\/wp-content\/uploads\/F-74236_ATX-Squat-Stand-Block-Kniebeugenblock_0-20251006-130119-300x300.jpg","_links":{"self":[{"href":"https:\/\/www.fitness-flohmarkt.ch\/fr\/wp-json\/wp\/v2\/product\/3346","targetHints":{"allow":["GET"]}}],"collection":[{"href":"https:\/\/www.fitness-flohmarkt.ch\/fr\/wp-json\/wp\/v2\/product"}],"about":[{"href":"https:\/\/www.fitness-flohmarkt.ch\/fr\/wp-json\/wp\/v2\/types\/product"}],"replies":[{"embeddable":true,"href":"https:\/\/www.fitness-flohmarkt.ch\/fr\/wp-json\/wp\/v2\/comments?post=3346"}],"wp:featuredmedia":[{"embeddable":true,"href":"https:\/\/www.fitness-flohmarkt.ch\/fr\/wp-json\/wp\/v2\/media\/9048557"}],"wp:attachment":[{"href":"https:\/\/www.fitness-flohmarkt.ch\/fr\/wp-json\/wp\/v2\/media?parent=3346"}],"wp:term":[{"taxonomy":"product_brand","embeddable":true,"href":"https:\/\/www.fitness-flohmarkt.ch\/fr\/wp-json\/wp\/v2\/product_brand?post=3346"},{"taxonomy":"product_cat","embeddable":true,"href":"https:\/\/www.fitness-flohmarkt.ch\/fr\/wp-json\/wp\/v2\/product_cat?post=3346"},{"taxonomy":"product_tag","embeddable":true,"href":"https:\/\/www.fitness-flohmarkt.ch\/fr\/wp-json\/wp\/v2\/product_tag?post=3346"}],"curies":[{"name":"wp","href":"https:\/\/api.w.org\/{rel}","templated":true}]}}