{"id":3328,"date":"2025-01-25T16:13:44","date_gmt":"2025-01-25T15:13:44","guid":{"rendered":"https:\/\/www2.fitness-flohmarkt.ch\/produkt\/keiser-crosstrainer-m5i-strider-elliptical\/"},"modified":"2026-04-20T15:53:51","modified_gmt":"2026-04-20T13:53:51","slug":"keiser-crosstrainer-m5i-strider-elliptical","status":"publish","type":"product","link":"https:\/\/www.fitness-flohmarkt.ch\/fr\/produkt\/keiser-crosstrainer-m5i-strider-elliptical\/","title":{"rendered":"V\u00e9lo elliptique Keiser M5i | Strider Elliptical"},"content":{"rendered":"<h3>Keiser M5i Strider - V\u00e9lo elliptique avec r\u00e9sistance magn\u00e9tique et connectivit\u00e9 Bluetooth<\/h3>\n<p data-start=\"0\" data-end=\"837\">Le M5i Strider de Keiser est un v\u00e9lo elliptique d'une qualit\u00e9 sup\u00e9rieure avec une r\u00e9sistance magn\u00e9tique inusable et une connectivit\u00e9 Bluetooth compl\u00e8te. Il offre des donn\u00e9es d'entra\u00eenement pr\u00e9cises comme les tours par minute, la puissance en watts, la consommation de calories, la fr\u00e9quence cardiaque (compatible avec Polar\u2122), le temps, les niveaux de r\u00e9sistance et la distance - le tout clairement affich\u00e9 sur l'ordinateur. Le r\u00e9glage de la r\u00e9sistance s'effectue en continu \u00e0 l'aide d'un r\u00e9gulateur facile \u00e0 manipuler, ce qui permet un entra\u00eenement individuel et fluide. Le v\u00e9lo elliptique est \u00e9quip\u00e9 de doubles poign\u00e9es mobiles rembourr\u00e9es ainsi que d'un guidon r\u00e9glable en hauteur pour un confort optimal. Pratiquement sans entretien et \u00e9quip\u00e9 de roulettes de transport, il est id\u00e9al pour une utilisation \u00e0 domicile et une utilisation commerciale l\u00e9g\u00e8re. L'appareil est livr\u00e9 dans son emballage d'origine et non mont\u00e9, avec la garantie d'usine de Keiser.<\/p>\n<h4 data-start=\"839\" data-end=\"859\"><strong data-start=\"839\" data-end=\"859\">En un coup d'\u0153il :<\/strong><\/h4>\n<ul data-start=\"860\" data-end=\"1468\">\n<li data-start=\"860\" data-end=\"894\">\n<p data-start=\"862\" data-end=\"894\">R\u00e9sistance magn\u00e9tique, sans usure<\/p>\n<\/li>\n<li data-start=\"895\" data-end=\"951\">\n<p data-start=\"897\" data-end=\"951\">\u00c9metteur Bluetooth pour connexion smartphone et tablette<\/p>\n<\/li>\n<li data-start=\"895\" data-end=\"951\">\n<p data-start=\"897\" data-end=\"951\">Ordinateur affichant:RPM (tours par minute), r\u00e9sultat de la puissance en watts (lecture en cours), kilocalories (nombre total par passage), fr\u00e9quence cardiaque (compatible avec Polar\u2122), temps r\u00e9alis\u00e9, vitesse (r\u00e9sistance, 1 \u00e0 24 vitesses), distance r\u00e9alis\u00e9e<\/p>\n<\/li>\n<li data-start=\"895\" data-end=\"951\">\n<p data-start=\"897\" data-end=\"951\">R\u00e9sistance r\u00e9glable en continu avec r\u00e9gulation facile \u00e0 utiliser<\/p>\n<\/li>\n<li data-start=\"895\" data-end=\"951\">\n<p data-start=\"897\" data-end=\"951\">poign\u00e9es \u00e0 double position, rembourr\u00e9es et mobiles<\/p>\n<\/li>\n<li data-start=\"895\" data-end=\"951\">\n<p data-start=\"897\" data-end=\"951\">Guidon r\u00e9glable en hauteur<\/p>\n<\/li>\n<li data-start=\"895\" data-end=\"951\">\n<p data-start=\"897\" data-end=\"951\">Marchepieds confortables<\/p>\n<\/li>\n<li data-start=\"895\" data-end=\"951\">\n<p data-start=\"897\" data-end=\"951\">Roulettes de transport<\/p>\n<\/li>\n<li data-start=\"895\" data-end=\"951\">\n<p data-start=\"897\" data-end=\"951\">dans son emballage d'origine, non mont\u00e9<\/p>\n<\/li>\n<li data-start=\"895\" data-end=\"951\">\n<p data-start=\"897\" data-end=\"951\">Garantie : 2 ans d'utilisation \u00e0 domicile, 1 an d'utilisation l\u00e9g\u00e8re-institutionnelle \u00e0 commerciale<\/p>\n<\/li>\n<li data-start=\"895\" data-end=\"951\">\n<p data-start=\"897\" data-end=\"951\">accessoires : r\u00e9cepteur polaire, porte-bouteille, compartiment de rangement<\/p>\n<\/li>\n<li data-start=\"895\" data-end=\"951\">\n<p data-start=\"897\" data-end=\"951\">Dimensions du carton : 57 x 58 x 113 cm (L x l x H)<\/p>\n<\/li>\n<\/ul>\n<p data-start=\"65\" data-end=\"209\"><strong data-start=\"65\" data-end=\"79\">Note :<\/strong> L'appareil est emball\u00e9 dans sa bo\u00eete en carton d'origine (non mont\u00e9) et est livr\u00e9 avec la garantie d'usine officielle de Keiser.<\/p>\n<p data-start=\"211\" data-end=\"236\"><strong data-start=\"211\" data-end=\"234\">Accessoires &amp; garantie :<\/strong><\/p>\n<ul data-start=\"237\" data-end=\"478\" data-is-last-node=\"\" data-is-only-node=\"\">\n<li data-start=\"237\" data-end=\"313\">\n<p data-start=\"239\" data-end=\"313\"><strong data-start=\"239\" data-end=\"251\">Accessoires :<\/strong> R\u00e9cepteur polaire int\u00e9gr\u00e9, porte-bouteille, compartiment de rangement<\/p>\n<\/li>\n<li data-start=\"314\" data-end=\"478\" data-is-last-node=\"\">\n<p data-start=\"316\" data-end=\"478\" data-is-last-node=\"\"><strong data-start=\"316\" data-end=\"329\">garantie :<\/strong> 2 ans de garantie compl\u00e8te \u00e0 domicile (sauf pi\u00e8ces d'usure), 1 an de garantie compl\u00e8te pour une utilisation l\u00e9g\u00e8rement institutionnelle \u00e0 commerciale<\/p>\n<\/li>\n<\/ul>","protected":false},"excerpt":{"rendered":"<p>Keiser M5i Strider avec r\u00e9sistance magn\u00e9tique r\u00e9glable en continu, ordinateur d'entra\u00eenement Bluetooth et guidon r\u00e9glable en hauteur. Affiche RPM, watts, calories, temps, distance, vitesse et pouls (compatible avec Polar). Peu d'entretien, avec des roulettes de transport et des accessoires comme un porte-bouteille et un compartiment de rangement.<\/p>","protected":false},"featured_media":67176,"comment_status":"open","ping_status":"closed","template":"","meta":{"_acf_changed":false,"_gspb_post_css":""},"product_brand":[],"product_cat":[818,357,304],"product_tag":[],"class_list":{"0":"post-3328","1":"product","2":"type-product","3":"status-publish","4":"has-post-thumbnail","6":"product_cat-conditioning","7":"product_cat-crosstrainer","8":"product_cat-reha-physio","9":"product_shipping_class-standard","10":"pa_angezeigte-messwerte-distanz","11":"pa_angezeigte-messwerte-kalorien","12":"pa_angezeigte-messwerte-leistungsergebnis-in-watt","13":"pa_angezeigte-messwerte-puls-in-verbindung-mit-brustgurt-nicht-inkl","14":"pa_angezeigte-messwerte-rpm","15":"pa_angezeigte-messwerte-widerstand","16":"pa_angezeigte-messwerte-zeit","17":"pa_anzahl-widerstandsstufen-2015","18":"pa_breite-60-cm","19":"pa_bremssystem-magnetwiderstand","20":"pa_crosstrainer-features-ablage-fuer-smartphone","21":"pa_crosstrainer-features-ablagefach-fuer-kleinteile","22":"pa_crosstrainer-features-flaschenhalter","23":"pa_crosstrainer-features-polarempfaenger","24":"pa_farbe-schwarz","25":"pa_gewicht-58-kg","26":"pa_hoehe-168-cm-2","27":"pa_hometrainertyp-crosstrainer","28":"pa_kompatibel-pulsempfaenger-polar-empfaenger","29":"pa_laenge-130-cm","30":"pa_max-belastung-180-kg","31":"pa_transportrollen-ja","33":"first","34":"instock","35":"taxable","36":"shipping-taxable","37":"purchasable","38":"product-type-simple"},"bundled_by":[],"bundle_stock_status":"instock","bundle_stock_quantity":9,"bundle_virtual":false,"bundle_layout":"","bundle_add_to_cart_form_location":"","bundle_editable_in_cart":false,"bundle_sold_individually_context":"","bundle_item_grouping":"","bundle_min_size":"","bundle_max_size":"","bundle_price":[],"bundled_items":[],"bundle_sell_ids":[],"acf":[],"df_price":2890,"df_sale_price":"","df_regular_price":2890,"df_image_link":"https:\/\/www.fitness-flohmarkt.ch\/wp-content\/uploads\/5602_M5i_Strider_Elliptical_Machine_Left_Three_Quarter-300x300.png","_links":{"self":[{"href":"https:\/\/www.fitness-flohmarkt.ch\/fr\/wp-json\/wp\/v2\/product\/3328","targetHints":{"allow":["GET"]}}],"collection":[{"href":"https:\/\/www.fitness-flohmarkt.ch\/fr\/wp-json\/wp\/v2\/product"}],"about":[{"href":"https:\/\/www.fitness-flohmarkt.ch\/fr\/wp-json\/wp\/v2\/types\/product"}],"replies":[{"embeddable":true,"href":"https:\/\/www.fitness-flohmarkt.ch\/fr\/wp-json\/wp\/v2\/comments?post=3328"}],"wp:featuredmedia":[{"embeddable":true,"href":"https:\/\/www.fitness-flohmarkt.ch\/fr\/wp-json\/wp\/v2\/media\/67176"}],"wp:attachment":[{"href":"https:\/\/www.fitness-flohmarkt.ch\/fr\/wp-json\/wp\/v2\/media?parent=3328"}],"wp:term":[{"taxonomy":"product_brand","embeddable":true,"href":"https:\/\/www.fitness-flohmarkt.ch\/fr\/wp-json\/wp\/v2\/product_brand?post=3328"},{"taxonomy":"product_cat","embeddable":true,"href":"https:\/\/www.fitness-flohmarkt.ch\/fr\/wp-json\/wp\/v2\/product_cat?post=3328"},{"taxonomy":"product_tag","embeddable":true,"href":"https:\/\/www.fitness-flohmarkt.ch\/fr\/wp-json\/wp\/v2\/product_tag?post=3328"}],"curies":[{"name":"wp","href":"https:\/\/api.w.org\/{rel}","templated":true}]}}