{"id":3293,"date":"2025-01-25T16:13:14","date_gmt":"2025-01-25T15:13:14","guid":{"rendered":"https:\/\/www2.fitness-flohmarkt.ch\/produkt\/atx-interval-timer-large-6-digit\/"},"modified":"2026-04-20T14:55:51","modified_gmt":"2026-04-20T12:55:51","slug":"atx-interval-timer-large-6-digit","status":"publish","type":"product","link":"https:\/\/www.fitness-flohmarkt.ch\/fr\/produkt\/atx-interval-timer-large-6-digit\/","title":{"rendered":"ATX Interval Timer Large | Minuteur num\u00e9rique"},"content":{"rendered":"<h3><strong>ATX<sup>\u00ae<\/sup> Interval Timer Large - <\/strong><strong>Minuteur \u00e0 intervalles programmable pour les gymnases, les clubs et les associations sportives<\/strong><\/h3>\n<p data-start=\"180\" data-end=\"1248\">L'ATX\u00ae Interval Timer est un minuteur d'intervalles num\u00e9rique qui permet un entra\u00eenement sur mesure gr\u00e2ce \u00e0 des intervalles pr\u00e9d\u00e9finis ou programmables par l'utilisateur. L'\u00e9cran LED clair affiche l'heure en rouge ainsi que des informations suppl\u00e9mentaires comme le nombre de tours en vert, et les chiffres de 10 centim\u00e8tres de haut sont bien lisibles m\u00eame \u00e0 plusieurs centaines de m\u00e8tres. L'affichage vert est plus visible que les minuteries comparables avec des chiffres bleus, et le verre d\u00e9poli sp\u00e9cial r\u00e9duit les reflets g\u00eanants sur l'\u00e9cran. Au total, il est possible d'enregistrer jusqu'\u00e0 dix programmes d\u00e9finis par l'utilisateur, pour lesquels le temps d'entra\u00eenement, le temps de pause et le nombre de tours peuvent \u00eatre r\u00e9gl\u00e9s individuellement. De plus, le minuteur offre des fonctions comme le compte \u00e0 rebours, le countup, un chronom\u00e8tre ainsi que des programmes pr\u00e9d\u00e9finis comme Tabata ou Fight Gone Bad. Le contr\u00f4le et la programmation se font facilement via la t\u00e9l\u00e9commande fournie. Lorsqu'elle n'est pas utilis\u00e9e, la minuterie peut \u00eatre \u00e9teinte ou utilis\u00e9e comme une horloge traditionnelle.<\/p>\n<p data-start=\"1250\" data-end=\"2011\">Le bo\u00eetier robuste en aluminium est adapt\u00e9 au montage mural et rend le minuteur particuli\u00e8rement r\u00e9sistant. Pour une flexibilit\u00e9 optimale, le temps peut \u00eatre d\u00e9fini entre 00:00 et 99:59 en secondes, avec possibilit\u00e9 d'addition et de compte \u00e0 rebours. Une fonction de chronom\u00e8tre avec une pr\u00e9cision d'un centi\u00e8me de seconde compl\u00e8te les nombreuses possibilit\u00e9s d'utilisation. Avant le d\u00e9but d'un programme, un compte \u00e0 rebours de 10 secondes peut \u00eatre activ\u00e9 en option, et un bip sonore puissant signale de mani\u00e8re fiable le d\u00e9but, la fin, les pauses et les changements de programme. En plus du minuteur num\u00e9rique \u00e0 six chiffres, la livraison comprend une t\u00e9l\u00e9commande, un bloc d'alimentation homologu\u00e9 CE avec environ trois m\u00e8tres de c\u00e2ble ainsi qu'un manuel d\u00e9taill\u00e9 sur la programmation et l'utilisation.<\/p>\n<p data-start=\"2013\" data-end=\"2197\">L'ATX\u00ae Interval Timer est la solution parfaite pour les environnements d'entra\u00eenement professionnels et offre un contr\u00f4le convivial coupl\u00e9 \u00e0 une haute visibilit\u00e9 et un design robuste.<\/p>","protected":false},"excerpt":{"rendered":"<p>Minuteur d'intervalles num\u00e9rique ATX\u00ae avec grand \u00e9cran LED facile \u00e0 lire, temps d'entra\u00eenement et de pause programmables et jusqu'\u00e0 dix programmes enregistrables. Contr\u00f4lable \u00e0 distance, bo\u00eetier robuste en aluminium et fonctions polyvalentes telles que chronom\u00e8tre, compte \u00e0 rebours et modes d'entra\u00eenement pr\u00e9d\u00e9finis - id\u00e9al pour les centres de fitness et les clubs.<\/p>","protected":false},"featured_media":9048552,"comment_status":"open","ping_status":"closed","template":"","meta":{"_acf_changed":false,"_gspb_post_css":""},"product_brand":[1039],"product_cat":[819],"product_tag":[],"class_list":{"0":"post-3293","1":"product","2":"type-product","3":"status-publish","4":"has-post-thumbnail","6":"product_brand-atx","7":"product_cat-digital-timer","8":"pa_artikel-pro-verkaufseinheit-4x","9":"pa_farbe-schwarz","10":"pa_fitness-zubehoertyp-digital-timer","11":"pa_gewicht-3-kg","12":"pa_hoehe-20-cm","13":"pa_laenge-64-cm","14":"pa_lieferumfang-1x-bedienungsanleitung","15":"pa_lieferumfang-1x-digital-timer","16":"pa_lieferumfang-1x-netzteil","17":"pa_lieferumfang-1x-remote","18":"pa_material-aluminium","19":"pa_material-glas","20":"pa_tiefe-5-cm","22":"first","23":"instock","24":"taxable","25":"shipping-taxable","26":"purchasable","27":"product-type-simple"},"bundled_by":[],"bundle_stock_status":"instock","bundle_stock_quantity":11,"bundle_virtual":false,"bundle_layout":"","bundle_add_to_cart_form_location":"","bundle_editable_in_cart":false,"bundle_sold_individually_context":"","bundle_item_grouping":"","bundle_min_size":"","bundle_max_size":"","bundle_price":[],"bundled_items":[],"bundle_sell_ids":[],"acf":[],"df_price":289,"df_sale_price":"","df_regular_price":289,"df_image_link":"https:\/\/www.fitness-flohmarkt.ch\/wp-content\/uploads\/F-15431_ATX-interval-Timer-Large-6-digit_0-20251006-130058-300x300.jpg","_links":{"self":[{"href":"https:\/\/www.fitness-flohmarkt.ch\/fr\/wp-json\/wp\/v2\/product\/3293","targetHints":{"allow":["GET"]}}],"collection":[{"href":"https:\/\/www.fitness-flohmarkt.ch\/fr\/wp-json\/wp\/v2\/product"}],"about":[{"href":"https:\/\/www.fitness-flohmarkt.ch\/fr\/wp-json\/wp\/v2\/types\/product"}],"replies":[{"embeddable":true,"href":"https:\/\/www.fitness-flohmarkt.ch\/fr\/wp-json\/wp\/v2\/comments?post=3293"}],"wp:featuredmedia":[{"embeddable":true,"href":"https:\/\/www.fitness-flohmarkt.ch\/fr\/wp-json\/wp\/v2\/media\/9048552"}],"wp:attachment":[{"href":"https:\/\/www.fitness-flohmarkt.ch\/fr\/wp-json\/wp\/v2\/media?parent=3293"}],"wp:term":[{"taxonomy":"product_brand","embeddable":true,"href":"https:\/\/www.fitness-flohmarkt.ch\/fr\/wp-json\/wp\/v2\/product_brand?post=3293"},{"taxonomy":"product_cat","embeddable":true,"href":"https:\/\/www.fitness-flohmarkt.ch\/fr\/wp-json\/wp\/v2\/product_cat?post=3293"},{"taxonomy":"product_tag","embeddable":true,"href":"https:\/\/www.fitness-flohmarkt.ch\/fr\/wp-json\/wp\/v2\/product_tag?post=3293"}],"curies":[{"name":"wp","href":"https:\/\/api.w.org\/{rel}","templated":true}]}}