{"id":3217,"date":"2025-01-25T16:12:28","date_gmt":"2025-01-25T15:12:28","guid":{"rendered":"https:\/\/www2.fitness-flohmarkt.ch\/produkt\/faszientraining-set-3-teilig\/"},"modified":"2026-04-20T15:13:10","modified_gmt":"2026-04-20T13:13:10","slug":"set-dentrainement-des-fascias-3-pieces","status":"publish","type":"product","link":"https:\/\/www.fitness-flohmarkt.ch\/fr\/produkt\/faszientraining-set-3-teilig\/","title":{"rendered":"Kit d'entra\u00eenement des fascias | 3 pi\u00e8ces"},"content":{"rendered":"<h3 data-start=\"134\" data-end=\"204\"><strong data-start=\"134\" data-end=\"204\">Kit d'entra\u00eenement des fascias - Une r\u00e9g\u00e9n\u00e9ration efficace pour tout le corps<\/strong><\/h3>\n<p class=\"\" data-start=\"206\" data-end=\"324\">Le kit d'entra\u00eenement des fascias comprend trois outils pratiques pour soulager les tensions et favoriser la r\u00e9cup\u00e9ration :<\/p>\n<ol data-start=\"326\" data-end=\"812\">\n<li class=\"\" data-start=\"326\" data-end=\"501\">\n<p class=\"\" data-start=\"329\" data-end=\"501\"><strong data-start=\"329\" data-end=\"353\">Rouleau de mousse (30 cm) :<\/strong> Id\u00e9al pour tout le corps, en particulier pour les muscles plus grands comme les cuisses et les mollets. Aide \u00e0 soulager les tensions et \u00e0 d\u00e9tendre les muscles.<\/p>\n<\/li>\n<li class=\"\" data-start=\"503\" data-end=\"658\">\n<p class=\"\" data-start=\"506\" data-end=\"658\"><strong data-start=\"506\" data-end=\"529\">Balle de massage (8 cm) :<\/strong> Parfait pour le traitement ponctuel des points douloureux et des tensions, en particulier dans le cou, les pieds et la zone des hanches\/fesses.<\/p>\n<\/li>\n<li class=\"\" data-start=\"660\" data-end=\"812\">\n<p class=\"\" data-start=\"663\" data-end=\"812\"><strong data-start=\"663\" data-end=\"687\">Duoball (8 x 16 cm) :<\/strong> Sp\u00e9cialement con\u00e7u pour le massage le long de la colonne vert\u00e9brale et dans la zone du cou. Dissout les tensions sans solliciter la colonne vert\u00e9brale.<\/p>\n<\/li>\n<\/ol>\n<p class=\"\" data-start=\"814\" data-end=\"886\">Un kit pratique pour un soin musculaire cibl\u00e9 et une r\u00e9g\u00e9n\u00e9ration rapide.<\/p>","protected":false},"excerpt":{"rendered":"<p>Kit d'entra\u00eenement des fascias : un kit pratique pour l'automassage cibl\u00e9 et la r\u00e9g\u00e9n\u00e9ration. Il favorise le rel\u00e2chement des tensions et stimule la circulation sanguine pour assouplir les muscles et augmenter la mobilit\u00e9. Id\u00e9al pour une utilisation apr\u00e8s l'entra\u00eenement ou pour la d\u00e9tente quotidienne.<\/p>","protected":false},"featured_media":9060912,"comment_status":"open","ping_status":"closed","template":"","meta":{"_acf_changed":false,"_gspb_post_css":""},"product_brand":[1000],"product_cat":[319,822,304],"product_tag":[],"class_list":{"0":"post-3217","1":"product","2":"type-product","3":"status-publish","4":"has-post-thumbnail","6":"product_brand-fitcom","7":"product_cat-fitness-zubehoer","8":"product_cat-mobility-recovery","9":"product_cat-reha-physio","10":"pa_artikel-pro-verkaufseinheit-3x","11":"pa_lieferumfang-1x-faszienrolle","12":"pa_lieferumfang-2x-massageball","14":"first","15":"instock","16":"taxable","17":"shipping-taxable","18":"purchasable","19":"product-type-bundle"},"bundled_by":[],"bundle_stock_status":"insufficientstock","bundle_stock_quantity":0,"bundle_virtual":false,"bundle_layout":"default","bundle_add_to_cart_form_location":"default","bundle_editable_in_cart":false,"bundle_sold_individually_context":"product","bundle_item_grouping":"parent","bundle_min_size":"","bundle_max_size":"","bundle_price":{"price":{"min":{"incl_tax":"19","excl_tax":"17.576318"},"max":{"incl_tax":"19","excl_tax":"17.576318"}},"regular_price":{"min":{"incl_tax":"19","excl_tax":"17.576318"},"max":{"incl_tax":"19","excl_tax":"17.576318"}}},"bundled_items":[{"bundled_item_id":953,"product_id":4681,"menu_order":0,"quantity_min":1,"quantity_max":1,"quantity_default":1,"priced_individually":false,"shipped_individually":false,"override_title":false,"title":"Rouleau de fascia","override_description":true,"description":"","optional":false,"hide_thumbnail":false,"discount":"","override_variations":false,"allowed_variations":[],"override_default_variation_attributes":false,"default_variation_attributes":[],"single_product_visibility":"visible","cart_visibility":"visible","order_visibility":"visible","single_product_price_visibility":"visible","cart_price_visibility":"visible","order_price_visibility":"visible","stock_status":"in_stock"},{"bundled_item_id":954,"product_id":39357,"menu_order":1,"quantity_min":1,"quantity_max":1,"quantity_default":1,"priced_individually":false,"shipped_individually":false,"override_title":false,"title":"Faszien Duoball","override_description":true,"description":"","optional":false,"hide_thumbnail":false,"discount":"","override_variations":true,"allowed_variations":[41828],"override_default_variation_attributes":true,"default_variation_attributes":[{"id":9,"name":"Longueur","option":"16-cm"}],"single_product_visibility":"visible","cart_visibility":"visible","order_visibility":"visible","single_product_price_visibility":"visible","cart_price_visibility":"visible","order_price_visibility":"visible","stock_status":"out_of_stock"},{"bundled_item_id":955,"product_id":4480,"menu_order":2,"quantity_min":1,"quantity_max":1,"quantity_default":1,"priced_individually":false,"shipped_individually":false,"override_title":false,"title":"Massageball","override_description":true,"description":"","optional":false,"hide_thumbnail":false,"discount":"","override_variations":false,"allowed_variations":[],"override_default_variation_attributes":false,"default_variation_attributes":[],"single_product_visibility":"visible","cart_visibility":"visible","order_visibility":"visible","single_product_price_visibility":"visible","cart_price_visibility":"visible","order_price_visibility":"visible","stock_status":"in_stock"}],"bundle_sell_ids":[],"acf":[],"df_price":19,"df_sale_price":"","df_regular_price":19,"df_image_link":"https:\/\/www.fitness-flohmarkt.ch\/wp-content\/uploads\/F-25538_Faszientraining-Set-3-teilig_0-20260217-161040-300x300.jpg","_links":{"self":[{"href":"https:\/\/www.fitness-flohmarkt.ch\/fr\/wp-json\/wp\/v2\/product\/3217","targetHints":{"allow":["GET"]}}],"collection":[{"href":"https:\/\/www.fitness-flohmarkt.ch\/fr\/wp-json\/wp\/v2\/product"}],"about":[{"href":"https:\/\/www.fitness-flohmarkt.ch\/fr\/wp-json\/wp\/v2\/types\/product"}],"replies":[{"embeddable":true,"href":"https:\/\/www.fitness-flohmarkt.ch\/fr\/wp-json\/wp\/v2\/comments?post=3217"}],"wp:featuredmedia":[{"embeddable":true,"href":"https:\/\/www.fitness-flohmarkt.ch\/fr\/wp-json\/wp\/v2\/media\/9060912"}],"wp:attachment":[{"href":"https:\/\/www.fitness-flohmarkt.ch\/fr\/wp-json\/wp\/v2\/media?parent=3217"}],"wp:term":[{"taxonomy":"product_brand","embeddable":true,"href":"https:\/\/www.fitness-flohmarkt.ch\/fr\/wp-json\/wp\/v2\/product_brand?post=3217"},{"taxonomy":"product_cat","embeddable":true,"href":"https:\/\/www.fitness-flohmarkt.ch\/fr\/wp-json\/wp\/v2\/product_cat?post=3217"},{"taxonomy":"product_tag","embeddable":true,"href":"https:\/\/www.fitness-flohmarkt.ch\/fr\/wp-json\/wp\/v2\/product_tag?post=3217"}],"curies":[{"name":"wp","href":"https:\/\/api.w.org\/{rel}","templated":true}]}}