{"id":3208,"date":"2025-01-25T16:12:22","date_gmt":"2025-01-25T15:12:22","guid":{"rendered":"https:\/\/www2.fitness-flohmarkt.ch\/produkt\/j-hooks-hantelablagen-zubehoer-power-rack\/"},"modified":"2026-04-20T16:13:01","modified_gmt":"2026-04-20T14:13:01","slug":"j-hooks-rangements-pour-halteres-accessoires-power-rack","status":"publish","type":"product","link":"https:\/\/www.fitness-flohmarkt.ch\/fr\/produkt\/j-hooks-hantelablagen-zubehoer-power-rack\/","title":{"rendered":"Supports pour halt\u00e8res J-Hooks | Accessoires Power Rack"},"content":{"rendered":"<h3 data-start=\"457\" data-end=\"534\"><strong data-start=\"457\" data-end=\"534\">Supports pour halt\u00e8res J-Hooks - supports stables pour halt\u00e8res longs pour racks et supports<\/strong><\/h3>\n<p class=\"\" data-start=\"285\" data-end=\"671\">Les J-Hooks servent de support fiable pour les halt\u00e8res et sont compatibles avec les Power Racks, les Rigs et les Squat Stands. Fabriqu\u00e9s en acier rev\u00eatu par poudre en finition noire, ils sont particuli\u00e8rement r\u00e9sistants, durables et adapt\u00e9s \u00e0 un entra\u00eenement intensif. Un support en plastique int\u00e9gr\u00e9 prot\u00e8ge la barre d'halt\u00e8res contre l'usure et les dommages lorsqu'elle est pos\u00e9e.<\/p>\n<p class=\"\" data-start=\"673\" data-end=\"945\">Les crochets se fixent rapidement et en toute s\u00e9curit\u00e9 sur l'upright. Le diam\u00e8tre des boulons est de 25 mm. Les dimensions : 22 cm de hauteur, 8,5 cm de largeur, 8 cm de profondeur - avec une profondeur totale de 19 cm, boulons de fixation inclus. La paire p\u00e8se un poids total de 5 kg.<\/p>\n<p><strong data-start=\"640\" data-end=\"675\">Compatible avec les racks suivants :<\/strong><\/p>\n<ul>\n<li>F-55936 - Rack de puissance professionnel<\/li>\n<li>F-42718 - Rack d'alimentation pliable<\/li>\n<li>F-28587 - Demi-rack ouvert<\/li>\n<\/ul>\n<p><strong>Remarque :<\/strong> Prix par paire.<\/p>","protected":false},"excerpt":{"rendered":"<p>Supports pour halt\u00e8res J-Hooks (paire) : Supports robustes pour halt\u00e8res longs en acier rev\u00eatu par poudre. Avec support en plastique pour prot\u00e9ger la barre d'halt\u00e8res. Facile \u00e0 fixer aux Power Racks, Rigs ou Squat Stands. Livr\u00e9 par paire.<\/p>","protected":false},"featured_media":57400,"comment_status":"open","ping_status":"closed","template":"","meta":{"_acf_changed":false,"_gspb_post_css":""},"product_brand":[1000],"product_cat":[950],"product_tag":[],"class_list":{"0":"post-3208","1":"product","2":"type-product","3":"status-publish","4":"has-post-thumbnail","6":"product_brand-fitcom","7":"product_cat-rr-zubehoer","8":"pa_artikel-pro-verkaufseinheit-1x","9":"pa_breite-8-5-cm","10":"pa_durchmesser-25-mm","11":"pa_farbe-schwarz","12":"pa_fitness-zubehoertyp-rack-attachment","13":"pa_hoehe-22-cm","14":"pa_lieferumfang-2x-j-hook","15":"pa_material-stahl-pulverbeschichtet","16":"pa_max-belastung-350-kg","17":"pa_tiefe-19-cm","19":"first","20":"instock","21":"taxable","22":"shipping-taxable","23":"purchasable","24":"product-type-simple"},"bundled_by":[],"bundle_stock_status":"instock","bundle_stock_quantity":59,"bundle_virtual":false,"bundle_layout":"","bundle_add_to_cart_form_location":"","bundle_editable_in_cart":false,"bundle_sold_individually_context":"","bundle_item_grouping":"","bundle_min_size":"","bundle_max_size":"","bundle_price":[],"bundled_items":[],"bundle_sell_ids":[],"acf":[],"df_price":50,"df_sale_price":"","df_regular_price":50,"df_image_link":"https:\/\/www.fitness-flohmarkt.ch\/wp-content\/uploads\/F-98594_J-Hooks-Hantelablagen-Zubehoer-Power-Rack_0-20250314-101339-300x300.jpg","_links":{"self":[{"href":"https:\/\/www.fitness-flohmarkt.ch\/fr\/wp-json\/wp\/v2\/product\/3208","targetHints":{"allow":["GET"]}}],"collection":[{"href":"https:\/\/www.fitness-flohmarkt.ch\/fr\/wp-json\/wp\/v2\/product"}],"about":[{"href":"https:\/\/www.fitness-flohmarkt.ch\/fr\/wp-json\/wp\/v2\/types\/product"}],"replies":[{"embeddable":true,"href":"https:\/\/www.fitness-flohmarkt.ch\/fr\/wp-json\/wp\/v2\/comments?post=3208"}],"wp:featuredmedia":[{"embeddable":true,"href":"https:\/\/www.fitness-flohmarkt.ch\/fr\/wp-json\/wp\/v2\/media\/57400"}],"wp:attachment":[{"href":"https:\/\/www.fitness-flohmarkt.ch\/fr\/wp-json\/wp\/v2\/media?parent=3208"}],"wp:term":[{"taxonomy":"product_brand","embeddable":true,"href":"https:\/\/www.fitness-flohmarkt.ch\/fr\/wp-json\/wp\/v2\/product_brand?post=3208"},{"taxonomy":"product_cat","embeddable":true,"href":"https:\/\/www.fitness-flohmarkt.ch\/fr\/wp-json\/wp\/v2\/product_cat?post=3208"},{"taxonomy":"product_tag","embeddable":true,"href":"https:\/\/www.fitness-flohmarkt.ch\/fr\/wp-json\/wp\/v2\/product_tag?post=3208"}],"curies":[{"name":"wp","href":"https:\/\/api.w.org\/{rel}","templated":true}]}}