{"id":3186,"date":"2025-01-25T16:12:07","date_gmt":"2025-01-25T15:12:07","guid":{"rendered":"https:\/\/www2.fitness-flohmarkt.ch\/produkt\/halterung-wand-battle-rope-befestigungspunkt\/"},"modified":"2026-04-13T18:24:48","modified_gmt":"2026-04-13T16:24:48","slug":"support-battle-rope-point-de-fixation","status":"publish","type":"product","link":"https:\/\/www.fitness-flohmarkt.ch\/fr\/produkt\/halterung-wand-battle-rope-befestigungspunkt\/","title":{"rendered":"Support mural Battle Rope | Point de fixation"},"content":{"rendered":"<p class=\"whitespace-normal break-words\"><strong>Support mural Battle Rope en acier massif - mat\u00e9riel de fixation inclus<\/strong><\/p>\n<p class=\"whitespace-normal break-words\">Le support mural Battle Rope sert \u00e0 fixer les Battle Rope au mur en toute s\u00e9curit\u00e9. Elle est fabriqu\u00e9e en acier massif avec une finition noire, mesure 20 x 5 cm et dispose d'un \u0153illet de 8 cm. La construction robuste permet un entra\u00eenement stable et soutient une grande diversit\u00e9 d'exercices. La fixation se fait de mani\u00e8re flexible sur les surfaces murales appropri\u00e9es. Pour une utilisation durable et s\u00fbre, il est recommand\u00e9 de faire appel \u00e0 une personne comp\u00e9tente pour le montage.<\/p>\n<p class=\"whitespace-normal break-words\"><strong>Remarque :<\/strong> Support mural inclus, y compris les vis appropri\u00e9es.<\/p>","protected":false},"excerpt":{"rendered":"<p>Support mural robuste pour Battle Ropes en acier massif avec une finition noire mate. Dimensions : 20 x 5 cm avec un \u0153illet de 8 cm. Fixation murale s\u00fbre pour les entra\u00eenements intensifs de rope. Mat\u00e9riel de fixation inclus.<\/p>","protected":false},"featured_media":57384,"comment_status":"open","ping_status":"closed","template":"","meta":{"_acf_changed":false,"_gspb_post_css":""},"product_brand":[1000],"product_cat":[818,319],"product_tag":[],"class_list":{"0":"post-3186","1":"product","2":"type-product","3":"status-publish","4":"has-post-thumbnail","6":"product_brand-fitcom","7":"product_cat-conditioning","8":"product_cat-fitness-zubehoer","9":"pa_artikel-pro-verkaufseinheit-2x","10":"pa_breite-5-cm","11":"pa_dicke-11-mm","12":"pa_farbe-schwarz","13":"pa_fitness-zubehoertyp-wand-und-deckenhalterung","14":"pa_laenge-20-cm","15":"pa_lieferumfang-1x-befestigungspunkt","16":"pa_lieferumfang-4x-schraube","17":"pa_material-stahl","18":"pa_max-belastung-100-kg","19":"pa_tiefe-8-cm","20":"pa_verstellbar-nein","22":"first","23":"instock","24":"taxable","25":"shipping-taxable","26":"purchasable","27":"product-type-simple"},"bundled_by":[],"bundle_stock_status":"instock","bundle_stock_quantity":209,"bundle_virtual":false,"bundle_layout":"","bundle_add_to_cart_form_location":"","bundle_editable_in_cart":false,"bundle_sold_individually_context":"","bundle_item_grouping":"","bundle_min_size":"","bundle_max_size":"","bundle_price":[],"bundled_items":[],"bundle_sell_ids":[],"acf":[],"df_price":10,"df_sale_price":"","df_regular_price":10,"df_image_link":"https:\/\/www.fitness-flohmarkt.ch\/wp-content\/uploads\/F-84659_Halterung-Wand-Battle-Rope-Befestigungspunkt_0-20250314-101316-300x300.jpg","_links":{"self":[{"href":"https:\/\/www.fitness-flohmarkt.ch\/fr\/wp-json\/wp\/v2\/product\/3186","targetHints":{"allow":["GET"]}}],"collection":[{"href":"https:\/\/www.fitness-flohmarkt.ch\/fr\/wp-json\/wp\/v2\/product"}],"about":[{"href":"https:\/\/www.fitness-flohmarkt.ch\/fr\/wp-json\/wp\/v2\/types\/product"}],"replies":[{"embeddable":true,"href":"https:\/\/www.fitness-flohmarkt.ch\/fr\/wp-json\/wp\/v2\/comments?post=3186"}],"wp:featuredmedia":[{"embeddable":true,"href":"https:\/\/www.fitness-flohmarkt.ch\/fr\/wp-json\/wp\/v2\/media\/57384"}],"wp:attachment":[{"href":"https:\/\/www.fitness-flohmarkt.ch\/fr\/wp-json\/wp\/v2\/media?parent=3186"}],"wp:term":[{"taxonomy":"product_brand","embeddable":true,"href":"https:\/\/www.fitness-flohmarkt.ch\/fr\/wp-json\/wp\/v2\/product_brand?post=3186"},{"taxonomy":"product_cat","embeddable":true,"href":"https:\/\/www.fitness-flohmarkt.ch\/fr\/wp-json\/wp\/v2\/product_cat?post=3186"},{"taxonomy":"product_tag","embeddable":true,"href":"https:\/\/www.fitness-flohmarkt.ch\/fr\/wp-json\/wp\/v2\/product_tag?post=3186"}],"curies":[{"name":"wp","href":"https:\/\/api.w.org\/{rel}","templated":true}]}}