{"id":3134,"date":"2025-01-25T16:11:36","date_gmt":"2025-01-25T15:11:36","guid":{"rendered":"https:\/\/www2.fitness-flohmarkt.ch\/produkt\/atx-flat-bench-pro-flachbank\/"},"modified":"2026-03-22T17:50:04","modified_gmt":"2026-03-22T16:50:04","slug":"atx-flat-bench-pro-banc-plat","status":"publish","type":"product","link":"https:\/\/www.fitness-flohmarkt.ch\/fr\/produkt\/atx-flat-bench-pro-flachbank\/","title":{"rendered":"ATX Flat Bench Pro | Banc plat"},"content":{"rendered":"<h3 data-start=\"359\" data-end=\"489\"><strong data-start=\"406\" data-end=\"487\">ATX\u00ae Flat Bench PRO - Banc plat de studio robuste aux normes internationales<\/strong><\/h3>\n<p data-start=\"491\" data-end=\"828\">L'ATX\u00ae Flat Bench PRO de la s\u00e9rie ATX 700 a \u00e9t\u00e9 con\u00e7u pour une stabilit\u00e9 et une s\u00e9curit\u00e9 d'entra\u00eenement maximales. La construction sans torsion avec un cadre soud\u00e9 et des \u00e9l\u00e9ments viss\u00e9s de s\u00e9curit\u00e9 assure une stabilit\u00e9 particuli\u00e8rement solide - soutenue par le pied transversal de 60 cm de large avec des embouts antid\u00e9rapants en caoutchouc.<\/p>\n<p data-start=\"830\" data-end=\"1101\">Le rembourrage de 5 cm d'\u00e9paisseur offre un confort et un soutien ferme avec une surface de couchage de 122 x 30 cm. Les dimensions sont conformes aux directives officielles de l'IPF (International Powerlifting Federation), ce qui fait que le banc convient parfaitement aux entra\u00eenements de musculation orient\u00e9s vers la performance.<\/p>\n<p data-start=\"1103\" data-end=\"1340\" data-is-last-node=\"\" data-is-only-node=\"\">Un pied plat \u00e0 un seul point \u00e0 l'avant assure une libert\u00e9 de mouvement maximale pour les pieds pendant l'entra\u00eenement. Le banc est certifi\u00e9 EN 20957 et r\u00e9pond donc aux normes professionnelles - aussi bien dans les studios que dans les salles de gym \u00e0 domicile ambitieuses.<\/p>","protected":false},"excerpt":{"rendered":"<p>ATX Flat Bench Pro Banc plat. Banc professionnel \u00e0 acheter en ligne \u00e0 bas prix du stock suisse.<\/p>","protected":false},"featured_media":9048545,"comment_status":"open","ping_status":"closed","template":"","meta":{"_acf_changed":false,"_gspb_post_css":""},"product_brand":[1039],"product_cat":[358],"product_tag":[],"class_list":{"0":"post-3134","1":"product","2":"type-product","3":"status-publish","4":"has-post-thumbnail","6":"product_brand-atx","7":"product_cat-hantelbaenke","8":"pa_anzahl-stufen-1737","9":"pa_artikel-pro-verkaufseinheit-1x","10":"pa_breite-60-cm","11":"pa_farbe-schwarz","12":"pa_gewicht-21-3-kg","13":"pa_hantelbanktyp-flachbank","14":"pa_hoehe-45-cm","15":"pa_laenge-127-cm","16":"pa_lieferumfang-1x-hantelbank","17":"pa_material-stahl-pulverbeschichtet","18":"pa_material-polster-kunstleder","19":"pa_max-belastung-750-kg","20":"pa_negativ-einstellung-nein","21":"pa_transportrollen-nein","22":"pa_verstellbare-rueckenlehne-nein","23":"pa_verstellbarer-sitz-nein","25":"first","26":"instock","27":"taxable","28":"shipping-taxable","29":"purchasable","30":"product-type-simple"},"bundled_by":[],"bundle_stock_status":"instock","bundle_stock_quantity":7,"bundle_virtual":false,"bundle_layout":"","bundle_add_to_cart_form_location":"","bundle_editable_in_cart":false,"bundle_sold_individually_context":"","bundle_item_grouping":"","bundle_min_size":"","bundle_max_size":"","bundle_price":[],"bundled_items":[],"bundle_sell_ids":[],"acf":[],"df_price":195,"df_sale_price":"","df_regular_price":195,"df_image_link":"https:\/\/www.fitness-flohmarkt.ch\/wp-content\/uploads\/F-49922_ATX-Flat-Bench-Pro-Flachbank_0-20250314-101242-1-300x300.png","_links":{"self":[{"href":"https:\/\/www.fitness-flohmarkt.ch\/fr\/wp-json\/wp\/v2\/product\/3134","targetHints":{"allow":["GET"]}}],"collection":[{"href":"https:\/\/www.fitness-flohmarkt.ch\/fr\/wp-json\/wp\/v2\/product"}],"about":[{"href":"https:\/\/www.fitness-flohmarkt.ch\/fr\/wp-json\/wp\/v2\/types\/product"}],"replies":[{"embeddable":true,"href":"https:\/\/www.fitness-flohmarkt.ch\/fr\/wp-json\/wp\/v2\/comments?post=3134"}],"wp:featuredmedia":[{"embeddable":true,"href":"https:\/\/www.fitness-flohmarkt.ch\/fr\/wp-json\/wp\/v2\/media\/9048545"}],"wp:attachment":[{"href":"https:\/\/www.fitness-flohmarkt.ch\/fr\/wp-json\/wp\/v2\/media?parent=3134"}],"wp:term":[{"taxonomy":"product_brand","embeddable":true,"href":"https:\/\/www.fitness-flohmarkt.ch\/fr\/wp-json\/wp\/v2\/product_brand?post=3134"},{"taxonomy":"product_cat","embeddable":true,"href":"https:\/\/www.fitness-flohmarkt.ch\/fr\/wp-json\/wp\/v2\/product_cat?post=3134"},{"taxonomy":"product_tag","embeddable":true,"href":"https:\/\/www.fitness-flohmarkt.ch\/fr\/wp-json\/wp\/v2\/product_tag?post=3134"}],"curies":[{"name":"wp","href":"https:\/\/api.w.org\/{rel}","templated":true}]}}