{"id":3011,"date":"2025-01-25T16:09:58","date_gmt":"2025-01-25T15:09:58","guid":{"rendered":"https:\/\/www2.fitness-flohmarkt.ch\/produkt\/basic-lifting-straps-zughilfen\/"},"modified":"2026-04-20T13:30:36","modified_gmt":"2026-04-20T11:30:36","slug":"basic-lifting-straps-aides-a-la-traction","status":"publish","type":"product","link":"https:\/\/www.fitness-flohmarkt.ch\/fr\/produkt\/basic-lifting-straps-zughilfen\/","title":{"rendered":"Basic Lifting Straps | Aides \u00e0 la traction"},"content":{"rendered":"<h3 data-start=\"146\" data-end=\"521\"><strong data-start=\"146\" data-end=\"227\">Lifting Straps \u2013 Mehr Griffkraft, mehr Wiederholungen, mehr Fortschritt<\/strong><\/h3>\n<p class=\"\" data-start=\"146\" data-end=\"521\">Les Basic Lifting Straps sont l'aide \u00e0 l'entra\u00eenement id\u00e9ale pour tous ceux qui atteignent la limite de leur force de pr\u00e9hension en soulevant des poids lourds. En particulier pour les exercices comme le soulev\u00e9 de terre, les aides \u00e0 la traction aident \u00e0 soulager la force de maintien et \u00e0 tirer plus de la musculature cible.<\/p>\n<p class=\"\" data-start=\"523\" data-end=\"881\">Fabriqu\u00e9s en coton r\u00e9sistant, les straps sont particuli\u00e8rement antid\u00e9rapants et ne se d\u00e9chirent pas, m\u00eame lors d'entra\u00eenements intensifs. Avec une longueur de 61 cm et une largeur de 4 cm, ils offrent une grande surface d'appui et un maintien s\u00fbr. Le syst\u00e8me simple permet une mise en place rapide, tandis que la taille unique convient \u00e0 toutes les formes de mains.<\/p>\n<p class=\"\" data-start=\"883\" data-end=\"1181\">Les Lifting Straps sont livr\u00e9es dans un set pratique de 2 pi\u00e8ces et sont des accessoires durables et confortables qui soutiennent de mani\u00e8re optimale les d\u00e9butants et les avanc\u00e9s dans les exercices de traction. Ainsi, la force de pr\u00e9hension ne sera plus un facteur limitant - pour plus de r\u00e9p\u00e9titions et plus de progr\u00e8s dans l'entra\u00eenement.<\/p>\n<p data-start=\"883\" data-end=\"1181\"><strong>Remarque :<\/strong> Prix par paire.<\/p>","protected":false},"excerpt":{"rendered":"<p>Basic Lifting Straps - Aides \u00e0 la traction r\u00e9sistantes en coton antid\u00e9rapant et ind\u00e9chirable. Id\u00e9ales pour la musculation lourde, lorsque la force de pr\u00e9hension diminue. 61 \u00d7 4 cm, taille unique, en lot de 2. Pour plus de s\u00e9curit\u00e9, plus de r\u00e9p\u00e9titions et une meilleure progression de l'entra\u00eenement.<\/p>","protected":false},"featured_media":57276,"comment_status":"open","ping_status":"closed","template":"","meta":{"_acf_changed":false,"_gspb_post_css":""},"product_brand":[1000],"product_cat":[319,620],"product_tag":[],"class_list":{"0":"post-3011","1":"product","2":"type-product","3":"status-publish","4":"has-post-thumbnail","6":"product_brand-fitcom","7":"product_cat-fitness-zubehoer","8":"product_cat-hg-zubehoer","9":"pa_artikel-pro-verkaufseinheit-2x","10":"pa_breite-4-cm","11":"pa_dicke-3-mm","12":"pa_farbe-schwarz","13":"pa_fitness-zubehoertyp-weightlifting","14":"pa_laenge-61-cm","15":"pa_lieferumfang-2x-lifting-strap","16":"pa_material-baumwolle","17":"pa_max-belastung-300-kg","19":"first","20":"outofstock","21":"taxable","22":"shipping-taxable","23":"purchasable","24":"product-type-simple"},"bundled_by":[],"bundle_stock_status":"outofstock","bundle_stock_quantity":0,"bundle_virtual":false,"bundle_layout":"","bundle_add_to_cart_form_location":"","bundle_editable_in_cart":false,"bundle_sold_individually_context":"","bundle_item_grouping":"","bundle_min_size":"","bundle_max_size":"","bundle_price":[],"bundled_items":[],"bundle_sell_ids":[],"acf":[],"df_price":9,"df_sale_price":"","df_regular_price":9,"df_image_link":"https:\/\/www.fitness-flohmarkt.ch\/wp-content\/uploads\/F-64972_Basic-Lifting-Straps-Zughilfen_0-20250314-101059-300x300.jpg","_links":{"self":[{"href":"https:\/\/www.fitness-flohmarkt.ch\/fr\/wp-json\/wp\/v2\/product\/3011","targetHints":{"allow":["GET"]}}],"collection":[{"href":"https:\/\/www.fitness-flohmarkt.ch\/fr\/wp-json\/wp\/v2\/product"}],"about":[{"href":"https:\/\/www.fitness-flohmarkt.ch\/fr\/wp-json\/wp\/v2\/types\/product"}],"replies":[{"embeddable":true,"href":"https:\/\/www.fitness-flohmarkt.ch\/fr\/wp-json\/wp\/v2\/comments?post=3011"}],"wp:featuredmedia":[{"embeddable":true,"href":"https:\/\/www.fitness-flohmarkt.ch\/fr\/wp-json\/wp\/v2\/media\/57276"}],"wp:attachment":[{"href":"https:\/\/www.fitness-flohmarkt.ch\/fr\/wp-json\/wp\/v2\/media?parent=3011"}],"wp:term":[{"taxonomy":"product_brand","embeddable":true,"href":"https:\/\/www.fitness-flohmarkt.ch\/fr\/wp-json\/wp\/v2\/product_brand?post=3011"},{"taxonomy":"product_cat","embeddable":true,"href":"https:\/\/www.fitness-flohmarkt.ch\/fr\/wp-json\/wp\/v2\/product_cat?post=3011"},{"taxonomy":"product_tag","embeddable":true,"href":"https:\/\/www.fitness-flohmarkt.ch\/fr\/wp-json\/wp\/v2\/product_tag?post=3011"}],"curies":[{"name":"wp","href":"https:\/\/api.w.org\/{rel}","templated":true}]}}