{"id":2993,"date":"2025-01-25T16:09:46","date_gmt":"2025-01-25T15:09:46","guid":{"rendered":"https:\/\/www2.fitness-flohmarkt.ch\/produkt\/hantelscheibenstaender-30mm-scheibenstaender\/"},"modified":"2026-04-22T15:50:23","modified_gmt":"2026-04-22T13:50:23","slug":"support-de-disques-dhalteres-30mm-support-de-disques","status":"publish","type":"product","link":"https:\/\/www.fitness-flohmarkt.ch\/fr\/produkt\/hantelscheibenstaender-30mm-scheibenstaender\/","title":{"rendered":"Support pour disques d'halt\u00e8res 30 mm | Support pour disques"},"content":{"rendered":"<h3 data-start=\"0\" data-end=\"389\"><strong data-start=\"19\" data-end=\"96\">Support pour disques d'halt\u00e8res 30 mm - solution compacte pour l'utilisation \u00e0 domicile et en studio<\/strong><\/h3>\n<p class=\"\" data-start=\"0\" data-end=\"389\">Le support pour disques d'halt\u00e8res de 30 mm est une solution peu encombrante et fonctionnelle pour le stockage ordonn\u00e9 des disques de poids. Avec sa construction stable en acier noir, il est id\u00e9al pour les gymnases \u00e0 domicile et les studios.<\/p>\n<p class=\"\" data-start=\"391\" data-end=\"751\">\u00c9quip\u00e9 de plusieurs possibilit\u00e9s de rangement pour les disques d'halt\u00e8res, le support garantit un acc\u00e8s rapide pendant l'entra\u00eenement. Le logement central des barres de 25 mm de diam\u00e8tre sert de rangement suppl\u00e9mentaire ou de support pour d'autres accessoires. Gr\u00e2ce \u00e0 ses dimensions compactes, le support peut \u00eatre plac\u00e9 de mani\u00e8re flexible dans la pi\u00e8ce sans prendre beaucoup de place.<\/p>\n<p class=\"\" data-start=\"753\" data-end=\"864\">Un accessoire d'entra\u00eenement robuste pour un stockage structur\u00e9 et s\u00fbr des disques de poids lors d'une utilisation r\u00e9guli\u00e8re.<\/p>\n<p class=\"\" data-start=\"866\" data-end=\"927\"><strong>Remarque :<\/strong> Les disques d'halt\u00e8res ne sont pas inclus dans la livraison.<\/p>","protected":false},"excerpt":{"rendered":"<p>Support pour disques d'halt\u00e8res pour disques de 30 mm<strong data-start=\"953\" data-end=\"998\">:<\/strong> Construction robuste en acier noir avec logement pour 30 disques d'halt\u00e8res. Logement de barre de 25 mm int\u00e9gr\u00e9. Compact, stable et id\u00e9al pour les gymnases \u00e0 domicile. Pour un rangement ordonn\u00e9 et peu encombrant.<\/p>","protected":false},"featured_media":57252,"comment_status":"open","ping_status":"closed","template":"","meta":{"_acf_changed":false,"_gspb_post_css":""},"product_brand":[1000],"product_cat":[808,332],"product_tag":[],"class_list":{"0":"post-2993","1":"product","2":"type-product","3":"status-publish","4":"has-post-thumbnail","6":"product_brand-fitcom","7":"product_cat-30mm-hantelscheiben","8":"product_cat-hantelstaender","9":"pa_ablage-gummiert-nein","10":"pa_artikel-pro-verkaufseinheit-1x","11":"pa_farbe-schwarz","12":"pa_hanteltyp-hantelscheiben","13":"pa_kernmaterial-stahl","14":"pa_lieferumfang-1x-hantelscheibenstaender","15":"pa_lochdurchmesser-30-mm","16":"pa_max-belastung-150-kg","17":"pa_oberflaeche-pulverbeschichtet","18":"pa_staendertyp-hantelscheibenstaender","20":"first","21":"instock","22":"taxable","23":"shipping-taxable","24":"purchasable","25":"product-type-simple"},"bundled_by":[],"bundle_stock_status":"instock","bundle_stock_quantity":9,"bundle_virtual":false,"bundle_layout":"","bundle_add_to_cart_form_location":"","bundle_editable_in_cart":false,"bundle_sold_individually_context":"","bundle_item_grouping":"","bundle_min_size":"","bundle_max_size":"","bundle_price":[],"bundled_items":[],"bundle_sell_ids":[],"acf":[],"df_price":95,"df_sale_price":"","df_regular_price":95,"df_image_link":"https:\/\/www.fitness-flohmarkt.ch\/wp-content\/uploads\/F-44691_Hantelscheibenstaender-30mm-Scheibenstaender_0-20250314-101040-300x300.jpg","_links":{"self":[{"href":"https:\/\/www.fitness-flohmarkt.ch\/fr\/wp-json\/wp\/v2\/product\/2993","targetHints":{"allow":["GET"]}}],"collection":[{"href":"https:\/\/www.fitness-flohmarkt.ch\/fr\/wp-json\/wp\/v2\/product"}],"about":[{"href":"https:\/\/www.fitness-flohmarkt.ch\/fr\/wp-json\/wp\/v2\/types\/product"}],"replies":[{"embeddable":true,"href":"https:\/\/www.fitness-flohmarkt.ch\/fr\/wp-json\/wp\/v2\/comments?post=2993"}],"wp:featuredmedia":[{"embeddable":true,"href":"https:\/\/www.fitness-flohmarkt.ch\/fr\/wp-json\/wp\/v2\/media\/57252"}],"wp:attachment":[{"href":"https:\/\/www.fitness-flohmarkt.ch\/fr\/wp-json\/wp\/v2\/media?parent=2993"}],"wp:term":[{"taxonomy":"product_brand","embeddable":true,"href":"https:\/\/www.fitness-flohmarkt.ch\/fr\/wp-json\/wp\/v2\/product_brand?post=2993"},{"taxonomy":"product_cat","embeddable":true,"href":"https:\/\/www.fitness-flohmarkt.ch\/fr\/wp-json\/wp\/v2\/product_cat?post=2993"},{"taxonomy":"product_tag","embeddable":true,"href":"https:\/\/www.fitness-flohmarkt.ch\/fr\/wp-json\/wp\/v2\/product_tag?post=2993"}],"curies":[{"name":"wp","href":"https:\/\/api.w.org\/{rel}","templated":true}]}}