{"id":2980,"date":"2025-01-25T16:09:38","date_gmt":"2025-01-25T15:09:38","guid":{"rendered":"https:\/\/www2.fitness-flohmarkt.ch\/produkt\/rack-adjustable-dumbbell-32-kg-staender\/"},"modified":"2026-04-20T15:53:22","modified_gmt":"2026-04-20T13:53:22","slug":"rack-dumbbell-ajustable-32-kg-staender","status":"publish","type":"product","link":"https:\/\/www.fitness-flohmarkt.ch\/fr\/produkt\/rack-adjustable-dumbbell-32-kg-staender\/","title":{"rendered":"Rack Adjustable Dumbbell 32 kg | Supports"},"content":{"rendered":"<h3 data-start=\"90\" data-end=\"184\">support d'halt\u00e8res pour Adjustable Dumbbells - compact, stable &amp; pratique pour d\u00e9poser les halt\u00e8res en toute s\u00e9curit\u00e9<\/h3>\n<p class=\"\" data-start=\"186\" data-end=\"490\">Le support d'halt\u00e8res est con\u00e7u pour recevoir par paire des halt\u00e8res courts r\u00e9glables jusqu'\u00e0 32 kg. La construction m\u00e9tallique solide au design classique assure une grande long\u00e9vit\u00e9 et une bonne stabilit\u00e9. La hauteur de rangement ergonomique permet de prendre et de d\u00e9poser les halt\u00e8res de mani\u00e8re confortable.<\/p>\n<p class=\"\" data-start=\"492\" data-end=\"792\">Le design peu encombrant est particuli\u00e8rement adapt\u00e9 aux petits environnements d'entra\u00eenement. Les embouts en plastique prot\u00e9geant le sol aux pieds \u00e9vitent les rayures sur le sol. Le support offre une solution bien pens\u00e9e pour un stockage ordonn\u00e9 et s\u00fbr des halt\u00e8res syst\u00e8me - fonctionnel, durable et peu encombrant.<\/p>\n<p data-start=\"492\" data-end=\"792\"><strong>Remarque :<\/strong> Les halt\u00e8res courts r\u00e9glables ne sont pas inclus dans la livraison.<\/p>\n<p data-start=\"492\" data-end=\"792\"><strong>Halt\u00e8res compatibles : <\/strong>F-75295 (Halt\u00e8re court r\u00e9glable 32 kg)<\/p>\n<p><strong>\u00a0<\/strong><\/p>","protected":false},"excerpt":{"rendered":"<p>Support d'halt\u00e8res pour deux halt\u00e8res courts r\u00e9glables jusqu'\u00e0 32 kg. Construction robuste, design peu encombrant et hauteur de rangement pratique. Id\u00e9al pour un rangement s\u00fbr et ordonn\u00e9 dans les salles d'entra\u00eenement.<\/p>","protected":false},"featured_media":57224,"comment_status":"open","ping_status":"closed","template":"","meta":{"_acf_changed":false,"_gspb_post_css":""},"product_brand":[1000],"product_cat":[332,343],"product_tag":[],"class_list":{"0":"post-2980","1":"product","2":"type-product","3":"status-publish","4":"has-post-thumbnail","6":"product_brand-fitcom","7":"product_cat-hantelstaender","8":"product_cat-heimgebrauch","9":"pa_ablage-gummiert-ja","10":"pa_artikel-pro-verkaufseinheit-1x","11":"pa_breite-65-cm","12":"pa_breite-abstellflaeche-17-5-cm","13":"pa_farbe-grau","14":"pa_gewicht-18-kg","15":"pa_hanteltyp-kurzhantel-verstellbar","16":"pa_hoehe-67-cm","17":"pa_kernmaterial-metall","18":"pa_lieferumfang-1x-kurzhantelstaender","19":"pa_max-belastung-100-kg","20":"pa_staendertyp-hantelstaender","21":"pa_tiefe-56-cm","22":"pa_tiefe-abstellflaeche-35-cm","24":"first","25":"instock","26":"taxable","27":"shipping-taxable","28":"purchasable","29":"product-type-simple"},"bundled_by":[],"bundle_stock_status":"instock","bundle_stock_quantity":40,"bundle_virtual":false,"bundle_layout":"","bundle_add_to_cart_form_location":"","bundle_editable_in_cart":false,"bundle_sold_individually_context":"","bundle_item_grouping":"","bundle_min_size":"","bundle_max_size":"","bundle_price":[],"bundled_items":[],"bundle_sell_ids":[],"acf":[],"df_price":120,"df_sale_price":"","df_regular_price":120,"df_image_link":"https:\/\/www.fitness-flohmarkt.ch\/wp-content\/uploads\/F-75879_Rack-Adjustable-Dumbbell-32-Kg-Staender_0-20250314-101031-300x300.jpg","_links":{"self":[{"href":"https:\/\/www.fitness-flohmarkt.ch\/fr\/wp-json\/wp\/v2\/product\/2980","targetHints":{"allow":["GET"]}}],"collection":[{"href":"https:\/\/www.fitness-flohmarkt.ch\/fr\/wp-json\/wp\/v2\/product"}],"about":[{"href":"https:\/\/www.fitness-flohmarkt.ch\/fr\/wp-json\/wp\/v2\/types\/product"}],"replies":[{"embeddable":true,"href":"https:\/\/www.fitness-flohmarkt.ch\/fr\/wp-json\/wp\/v2\/comments?post=2980"}],"wp:featuredmedia":[{"embeddable":true,"href":"https:\/\/www.fitness-flohmarkt.ch\/fr\/wp-json\/wp\/v2\/media\/57224"}],"wp:attachment":[{"href":"https:\/\/www.fitness-flohmarkt.ch\/fr\/wp-json\/wp\/v2\/media?parent=2980"}],"wp:term":[{"taxonomy":"product_brand","embeddable":true,"href":"https:\/\/www.fitness-flohmarkt.ch\/fr\/wp-json\/wp\/v2\/product_brand?post=2980"},{"taxonomy":"product_cat","embeddable":true,"href":"https:\/\/www.fitness-flohmarkt.ch\/fr\/wp-json\/wp\/v2\/product_cat?post=2980"},{"taxonomy":"product_tag","embeddable":true,"href":"https:\/\/www.fitness-flohmarkt.ch\/fr\/wp-json\/wp\/v2\/product_tag?post=2980"}],"curies":[{"name":"wp","href":"https:\/\/api.w.org\/{rel}","templated":true}]}}