{"id":2841,"date":"2025-01-25T16:07:34","date_gmt":"2025-01-25T15:07:34","guid":{"rendered":"https:\/\/www2.fitness-flohmarkt.ch\/produkt\/assault-elite-bike-airbike\/"},"modified":"2026-04-20T13:12:53","modified_gmt":"2026-04-20T11:12:53","slug":"assault-elite-bike-airbike","status":"publish","type":"product","link":"https:\/\/www.fitness-flohmarkt.ch\/fr\/produkt\/assault-elite-bike-airbike\/","title":{"rendered":"Assault Elite Bike | Airbike"},"content":{"rendered":"<h3>Assault AirBike Elite - entra\u00eenement professionnel par intervalles avec un maximum de contr\u00f4le<\/h3>\n<p><strong>Pour ceux qui aiment l'original et qui veulent faire passer leur entra\u00eenement par intervalles au niveau sup\u00e9rieur.<\/strong><\/p>\n<p>L'Assault AirBike Elite fait passer l'entra\u00eenement par intervalles au niveau sup\u00e9rieur gr\u00e2ce \u00e0 sa souplesse, son design ergonomique et ses fonctions de console avanc\u00e9es qui garantissent une exp\u00e9rience d'entra\u00eenement intense et bien pens\u00e9e. L'adaptabilit\u00e9 presque illimit\u00e9e de cet appareil permet \u00e0 l'utilisateur d'opter pour un entra\u00eenement r\u00e9gulier en fonction de la fr\u00e9quence cardiaque ou pour un entra\u00eenement par intervalles de haute intensit\u00e9.<\/p>\n<h4>L'Assault Airbike Elite en d\u00e9tail :<\/h4>\n<ul>\n<li>\u00a0\u00a0\u00a0\u00a0 Avec un poids propre d'environ 57 kg, une capacit\u00e9 de charge maximale de 160 kg<\/li>\n<li>\u00a0\u00a0\u00a0\u00a0 Construction solide en tubes d'acier avec des tubes en m\u00e9tal lourd et un rev\u00eatement r\u00e9sistant aux rayures<\/li>\n<li>\u00a0\u00a0\u00a0\u00a0 Pieds caoutchout\u00e9s et roulettes de transport faciles \u00e0 manier<\/li>\n<li>\u00a0\u00a0\u00a0\u00a0 L'\u00e9cran LCD avec connectivit\u00e9 Bluetooth assure une bonne vue d'ensemble et une lisibilit\u00e9 facile<\/li>\n<li>\u00a0\u00a0\u00a0\u00a0 Toutes les valeurs d'entra\u00eenement en un coup d'\u0153il : Temps, distance, vitesse, watts, RPM, calories, pouls<\/li>\n<li>\u00a0\u00a0\u00a0\u00a0 R\u00e9glage de la r\u00e9sistance ind\u00e9pendant de la vitesse<\/li>\n<li>\u00a0\u00a0\u00a0\u00a0 8 programmes &amp; profils d'entra\u00eenement<\/li>\n<li>\u00a0\u00a0\u00a0\u00a0 Alimentation ind\u00e9pendante du r\u00e9seau avec batterie<\/li>\n<li>\u00a0\u00a0\u00a0\u00a0 La selle anatomique et r\u00e9sistante \u00e0 la transpiration, se r\u00e8gle aussi bien horizontalement qu'en hauteur.<\/li>\n<li>\u00a0\u00a0\u00a0\u00a0 Syst\u00e8me d'entra\u00eenement par cha\u00eene de haute qualit\u00e9 pour une transmission optimale de la puissance<\/li>\n<li>\u00a0\u00a0\u00a0\u00a0 Syst\u00e8me de freinage : air<\/li>\n<li>\u00a0\u00a0\u00a0\u00a0 Dimensions d'installation - Ergom\u00e8tre Assault AirBike : (L) 122 cm x (l) 67 cm x (H) 143 cm<\/li>\n<\/ul>","protected":false},"excerpt":{"rendered":"<p>L'Assault AirBike Elite allie une construction robuste \u00e0 des fonctions haut de gamme : R\u00e9sistance \u00e0 l'air, 8 programmes, \u00e9cran LCD Bluetooth et selle r\u00e9glable individuellement. Parfait pour l'entra\u00eenement \u00e0 intervalles et \u00e0 la fr\u00e9quence cardiaque - sans aucun branchement \u00e9lectrique.<\/p>","protected":false},"featured_media":9013164,"comment_status":"open","ping_status":"closed","template":"","meta":{"_acf_changed":false,"_gspb_post_css":""},"product_brand":[1065],"product_cat":[341,818,304],"product_tag":[],"class_list":{"0":"post-2841","1":"product","2":"type-product","3":"status-publish","4":"has-post-thumbnail","6":"product_brand-assault-fitness","7":"product_cat-bikes-ergometer","8":"product_cat-conditioning","9":"product_cat-reha-physio","10":"product_shipping_class-standard","11":"pa_breite-67-cm","12":"pa_bremssystem-luftwiderstand","13":"pa_farbe-grau","14":"pa_gewicht-57-kg-2","15":"pa_hoehe-143-cm","16":"pa_hometrainertyp-airbike","17":"pa_laenge-122-cm","18":"pa_max-belastung-160-kg","19":"pa_touchscreen-nein","20":"pa_transportrollen-ja","22":"first","23":"outofstock","24":"taxable","25":"shipping-taxable","26":"purchasable","27":"product-type-simple"},"bundled_by":[],"bundle_stock_status":"outofstock","bundle_stock_quantity":-1,"bundle_virtual":false,"bundle_layout":"","bundle_add_to_cart_form_location":"","bundle_editable_in_cart":false,"bundle_sold_individually_context":"","bundle_item_grouping":"","bundle_min_size":"","bundle_max_size":"","bundle_price":[],"bundled_items":[],"bundle_sell_ids":[],"acf":[],"df_price":1445,"df_sale_price":"","df_regular_price":1445,"df_image_link":"https:\/\/www.fitness-flohmarkt.ch\/wp-content\/uploads\/F-62729_Assault-Elite-Bike-Airbike_0-20250326-163114-300x300.jpg","_links":{"self":[{"href":"https:\/\/www.fitness-flohmarkt.ch\/fr\/wp-json\/wp\/v2\/product\/2841","targetHints":{"allow":["GET"]}}],"collection":[{"href":"https:\/\/www.fitness-flohmarkt.ch\/fr\/wp-json\/wp\/v2\/product"}],"about":[{"href":"https:\/\/www.fitness-flohmarkt.ch\/fr\/wp-json\/wp\/v2\/types\/product"}],"replies":[{"embeddable":true,"href":"https:\/\/www.fitness-flohmarkt.ch\/fr\/wp-json\/wp\/v2\/comments?post=2841"}],"wp:featuredmedia":[{"embeddable":true,"href":"https:\/\/www.fitness-flohmarkt.ch\/fr\/wp-json\/wp\/v2\/media\/9013164"}],"wp:attachment":[{"href":"https:\/\/www.fitness-flohmarkt.ch\/fr\/wp-json\/wp\/v2\/media?parent=2841"}],"wp:term":[{"taxonomy":"product_brand","embeddable":true,"href":"https:\/\/www.fitness-flohmarkt.ch\/fr\/wp-json\/wp\/v2\/product_brand?post=2841"},{"taxonomy":"product_cat","embeddable":true,"href":"https:\/\/www.fitness-flohmarkt.ch\/fr\/wp-json\/wp\/v2\/product_cat?post=2841"},{"taxonomy":"product_tag","embeddable":true,"href":"https:\/\/www.fitness-flohmarkt.ch\/fr\/wp-json\/wp\/v2\/product_tag?post=2841"}],"curies":[{"name":"wp","href":"https:\/\/api.w.org\/{rel}","templated":true}]}}