{"id":2828,"date":"2025-01-25T16:07:24","date_gmt":"2025-01-25T15:07:24","guid":{"rendered":"https:\/\/www2.fitness-flohmarkt.ch\/produkt\/assault-runner-pro-airrunner\/"},"modified":"2026-04-20T13:12:51","modified_gmt":"2026-04-20T11:12:51","slug":"assault-runner-pro-airrunner","status":"publish","type":"product","link":"https:\/\/www.fitness-flohmarkt.ch\/fr\/produkt\/assault-runner-pro-airrunner\/","title":{"rendered":"Assault Runner Pro | Airrunner"},"content":{"rendered":"<h3 data-start=\"189\" data-end=\"238\"><strong data-start=\"193\" data-end=\"238\">Assault Fitness - Tapis de course \u00e0 lamelles incurv\u00e9es<\/strong><\/h3>\n<p data-start=\"240\" data-end=\"648\">Le tapis de course \u00e0 lamelles Assault Fitness repose sur un principe de course sans aucun moteur. L'entra\u00eenement se fait uniquement par le propre mouvement - ce qui permet non seulement de r\u00e9guler la vitesse de course de mani\u00e8re totalement naturelle, mais aussi de br\u00fbler jusqu'\u00e0 30 % de calories en plus. La surface de course incurv\u00e9e favorise une technique de course ergonomique, m\u00e9nageant les articulations, avec un guidage naturel du pied et une empreinte active de la plante du pied.<\/p>\n<p data-start=\"650\" data-end=\"1159\">Gr\u00e2ce \u00e0 la construction l\u00e9g\u00e8re des lamelles et aux roulements \u00e0 billes de pr\u00e9cision de haute qualit\u00e9, l'appareil r\u00e9agit de mani\u00e8re fluide aux changements de rythme - id\u00e9al pour le HIIT, le jogging ou la marche. La structure r\u00e9sistante convient aussi bien \u00e0 l'utilisation \u00e0 domicile qu'\u00e0 l'utilisation professionnelle en studio. Un \u00e9cran LCD \u00e0 fort contraste affiche toutes les donn\u00e9es d'entra\u00eenement importantes. Des ceintures pectorales ou l'application Assault Fitness peuvent \u00eatre connect\u00e9es via Bluetooth. L'appareil n\u00e9cessite peu d'entretien, ne n\u00e9cessite pas de branchement \u00e9lectrique et est pr\u00eat \u00e0 l'emploi.<\/p>\n<h4 data-start=\"215\" data-end=\"240\"><strong data-start=\"221\" data-end=\"240\">En un coup d'\u0153il<\/strong><\/h4>\n<ul data-start=\"242\" data-end=\"1185\">\n<li data-start=\"242\" data-end=\"298\">\n<p data-start=\"244\" data-end=\"298\">Tapis de course sans moteur avec surface de course \u00e0 lamelles incurv\u00e9es<\/p>\n<\/li>\n<li data-start=\"299\" data-end=\"365\">\n<p data-start=\"301\" data-end=\"365\">Vitesse autopropuls\u00e9e - pas de branchement \u00e9lectrique n\u00e9cessaire<\/p>\n<\/li>\n<li data-start=\"366\" data-end=\"399\">\n<p data-start=\"368\" data-end=\"399\">Grande surface de course : 155 x 43 cm<\/p>\n<\/li>\n<li data-start=\"400\" data-end=\"462\">\n<p data-start=\"402\" data-end=\"462\">Lamelles en plastique de haute qualit\u00e9 avec un excellent amortissement<\/p>\n<\/li>\n<li data-start=\"463\" data-end=\"523\">\n<p data-start=\"465\" data-end=\"523\">Roulement \u00e0 billes de pr\u00e9cision pour un fonctionnement fluide et silencieux<\/p>\n<\/li>\n<li data-start=\"524\" data-end=\"548\">\n<p data-start=\"526\" data-end=\"548\">Poids net : 127 kg<\/p>\n<\/li>\n<li data-start=\"549\" data-end=\"583\">\n<p data-start=\"551\" data-end=\"583\">Charge maximale : environ 159 kg<\/p>\n<\/li>\n<li data-start=\"584\" data-end=\"636\">\n<p data-start=\"586\" data-end=\"636\">Design ergonomique pour une course qui m\u00e9nage les articulations<\/p>\n<\/li>\n<li data-start=\"637\" data-end=\"685\">\n<p data-start=\"639\" data-end=\"685\">Convient aux tailles de 150 \u00e0 194 cm<\/p>\n<\/li>\n<li data-start=\"686\" data-end=\"757\">\n<p data-start=\"688\" data-end=\"757\">Roulettes de transport et poign\u00e9es int\u00e9gr\u00e9es pour un positionnement facile<\/p>\n<\/li>\n<li data-start=\"758\" data-end=\"798\">\n<p data-start=\"760\" data-end=\"798\">Peu d'entretien et pr\u00eat \u00e0 l'emploi<\/p>\n<\/li>\n<li data-start=\"799\" data-end=\"979\">\n<p data-start=\"801\" data-end=\"851\">\u00c9cran LCD (fonctionnant sur piles) avec affichage de :<\/p>\n<ul data-start=\"854\" data-end=\"979\">\n<li data-start=\"854\" data-end=\"873\">\n<p data-start=\"856\" data-end=\"873\">Vitesse<\/p>\n<\/li>\n<li data-start=\"876\" data-end=\"884\">\n<p data-start=\"878\" data-end=\"884\">Temps<\/p>\n<\/li>\n<li data-start=\"887\" data-end=\"898\">\n<p data-start=\"889\" data-end=\"898\">Distance<\/p>\n<\/li>\n<li data-start=\"901\" data-end=\"913\">\n<p data-start=\"903\" data-end=\"913\">Calories<\/p>\n<\/li>\n<li data-start=\"916\" data-end=\"924\">\n<p data-start=\"918\" data-end=\"924\">Pace<\/p>\n<\/li>\n<li data-start=\"927\" data-end=\"979\">\n<p data-start=\"929\" data-end=\"979\">pouls (compatible avec une ceinture pectorale, non incluse)<\/p>\n<\/li>\n<\/ul>\n<\/li>\n<li data-start=\"980\" data-end=\"1016\">\n<p data-start=\"982\" data-end=\"1016\">8 programmes d'entra\u00eenement int\u00e9gr\u00e9s<\/p>\n<\/li>\n<li data-start=\"1017\" data-end=\"1082\">\n<p data-start=\"1019\" data-end=\"1082\">Interface Bluetooth pour la connexion \u00e0 l'application ou \u00e0 la ceinture pectorale<\/p>\n<\/li>\n<li data-start=\"1083\" data-end=\"1143\">\n<p data-start=\"1085\" data-end=\"1143\">R\u00e9cepteur int\u00e9gr\u00e9 pour ceinture cardiaque (ceinture pectorale en option)<\/p>\n<\/li>\n<li data-start=\"1144\" data-end=\"1185\">\n<p data-start=\"1146\" data-end=\"1185\">Facile \u00e0 utiliser gr\u00e2ce au menu de fonctions<\/p>\n<\/li>\n<\/ul>","protected":false},"excerpt":{"rendered":"<p>Le tapis de course Assault Curved fonctionne sans moteur et est entra\u00een\u00e9 uniquement par ses propres mouvements. Pour un mouvement de course naturel, une consommation accrue de calories et des s\u00e9ances intensives de HIIT - sans \u00e9lectricit\u00e9, peu d'entretien, avec \u00e9cran LCD &amp; 8 programmes.<\/p>","protected":false},"featured_media":9013152,"comment_status":"open","ping_status":"closed","template":"","meta":{"_acf_changed":false,"_gspb_post_css":""},"product_brand":[1065],"product_cat":[818,1197,312,304],"product_tag":[],"class_list":{"0":"post-2828","1":"product","2":"type-product","3":"status-publish","4":"has-post-thumbnail","6":"product_brand-assault-fitness","7":"product_cat-conditioning","8":"product_cat-hyrox","9":"product_cat-laufbaender","10":"product_cat-reha-physio","11":"product_shipping_class-standard","12":"pa_angezeigte-messwerte-distanz","13":"pa_angezeigte-messwerte-geschwindigkeit","14":"pa_angezeigte-messwerte-kalorien","15":"pa_angezeigte-messwerte-puls-in-verbindung-mit-brustgurt-nicht-inkl","16":"pa_angezeigte-messwerte-trainingsprofile","17":"pa_angezeigte-messwerte-zeit","18":"pa_breite-84-cm","19":"pa_breite-laufflaeche-43-cm","20":"pa_bremssystem-eigenantrieb","21":"pa_energieversorgung-keine","22":"pa_energieversorgung-stromlos","23":"pa_farbe-schwarz","24":"pa_gewicht-160-kg","25":"pa_hoehe-163-cm","26":"pa_hometrainertyp-laufband","27":"pa_kompatibel-pulsempfaenger-brustgurt-optional","28":"pa_laenge-178-cm","29":"pa_laenge-laufflaeche-155-cm","30":"pa_laufband-features-eigenantrieb","31":"pa_laufband-features-halterung-smartphone","32":"pa_laufband-features-konkave-laufflaeche","33":"pa_laufband-features-transportrollen","34":"pa_max-belastung-180-kg","35":"pa_max-geschwindigkeit-unbegrenzt","37":"first","38":"instock","39":"taxable","40":"shipping-taxable","41":"purchasable","42":"product-type-simple"},"bundled_by":[],"bundle_stock_status":"instock","bundle_stock_quantity":14,"bundle_virtual":false,"bundle_layout":"","bundle_add_to_cart_form_location":"","bundle_editable_in_cart":false,"bundle_sold_individually_context":"","bundle_item_grouping":"","bundle_min_size":"","bundle_max_size":"","bundle_price":[],"bundled_items":[],"bundle_sell_ids":[],"acf":[],"df_price":4115,"df_sale_price":"","df_regular_price":4115,"df_image_link":"https:\/\/www.fitness-flohmarkt.ch\/wp-content\/uploads\/F-37717_Assault-Runner-Pro-Airrunner_0-20250326-163103-300x300.jpg","_links":{"self":[{"href":"https:\/\/www.fitness-flohmarkt.ch\/fr\/wp-json\/wp\/v2\/product\/2828","targetHints":{"allow":["GET"]}}],"collection":[{"href":"https:\/\/www.fitness-flohmarkt.ch\/fr\/wp-json\/wp\/v2\/product"}],"about":[{"href":"https:\/\/www.fitness-flohmarkt.ch\/fr\/wp-json\/wp\/v2\/types\/product"}],"replies":[{"embeddable":true,"href":"https:\/\/www.fitness-flohmarkt.ch\/fr\/wp-json\/wp\/v2\/comments?post=2828"}],"wp:featuredmedia":[{"embeddable":true,"href":"https:\/\/www.fitness-flohmarkt.ch\/fr\/wp-json\/wp\/v2\/media\/9013152"}],"wp:attachment":[{"href":"https:\/\/www.fitness-flohmarkt.ch\/fr\/wp-json\/wp\/v2\/media?parent=2828"}],"wp:term":[{"taxonomy":"product_brand","embeddable":true,"href":"https:\/\/www.fitness-flohmarkt.ch\/fr\/wp-json\/wp\/v2\/product_brand?post=2828"},{"taxonomy":"product_cat","embeddable":true,"href":"https:\/\/www.fitness-flohmarkt.ch\/fr\/wp-json\/wp\/v2\/product_cat?post=2828"},{"taxonomy":"product_tag","embeddable":true,"href":"https:\/\/www.fitness-flohmarkt.ch\/fr\/wp-json\/wp\/v2\/product_tag?post=2828"}],"curies":[{"name":"wp","href":"https:\/\/api.w.org\/{rel}","templated":true}]}}