{"id":2815,"date":"2025-01-25T16:07:15","date_gmt":"2025-01-25T15:07:15","guid":{"rendered":"https:\/\/www2.fitness-flohmarkt.ch\/produkt\/assault-rower-elite-rudergeraet\/"},"modified":"2026-04-20T13:12:23","modified_gmt":"2026-04-20T11:12:23","slug":"assault-rower-elite-rameur","status":"publish","type":"product","link":"https:\/\/www.fitness-flohmarkt.ch\/fr\/produkt\/assault-rower-elite-rudergeraet\/","title":{"rendered":"Assault Rower Elite | Rameur"},"content":{"rendered":"<h3>Assault Rower Elite - Rameur ergom\u00e9trique robuste pour un entra\u00eenement intensif de tout le corps<\/h3>\n<h4>L'Assault Rower Elite en d\u00e9tail :<\/h4>\n<ul>\n<li>si\u00e8ge r\u00e9sistant \u00e0 la sueur et repose-pieds r\u00e9glables<\/li>\n<li>Entra\u00eenement \u00e0 cha\u00eene et \u00e0 courroie \u00e0 deux niveaux<\/li>\n<li>Plaques de base r\u00e9glables en acier<\/li>\n<li>pas besoin de branchement \u00e9lectrique<\/li>\n<li>Syst\u00e8me de nivellement\/stabilisation \u00e0 4 voies<\/li>\n<\/ul>\n<h4>Avantages de l'AssaultRower<\/h4>\n<p>L'entra\u00eenement de fitness sur l'Assault AirRower se caract\u00e9rise par une multitude de possibilit\u00e9s et offre de nombreux avantages. Tu peux ainsi atteindre plus rapidement tes objectifs d'entra\u00eenement personnels. Voici quelques-uns de ces avantages :<\/p>\n<ul>\n<li>\u00a0\u00a0\u00a0 Combinaison parfaite d'entra\u00eenement de force et d'endurance<\/li>\n<li>\u00a0\u00a0\u00a0 La tension art\u00e9rielle est abaiss\u00e9e<\/li>\n<li>\u00a0\u00a0\u00a0 Renforcement du syst\u00e8me cardio-vasculaire<\/li>\n<li>\u00a0\u00a0\u00a0 Travaille l'ensemble de la musculature, l'appareil locomoteur et la posture du corps<\/li>\n<li>\u00a0\u00a0\u00a0 Doux pour les articulations et faible risque de blessure<\/li>\n<li>\u00a0\u00a0\u00a0 Consommation d'\u00e9nergie tr\u00e8s \u00e9lev\u00e9e<\/li>\n<li>\u00a0\u00a0\u00a0 Optimise les performances et l'\u00e9quilibre<\/li>\n<li>\u00a0\u00a0\u00a0 Entra\u00eenement de tout le corps avec un seul appareil d'entra\u00eenement<\/li>\n<li>\u00a0\u00a0\u00a0 Pas de consommation d'\u00e9nergie - utilisable partout<\/li>\n<li>\u00a0\u00a0\u00a0 Progression rapide de l'entra\u00eenement<\/li>\n<li>\u00a0\u00a0\u00a0 Solution pour les maux de dos<\/li>\n<\/ul>","protected":false},"excerpt":{"rendered":"<p>L'Assault Rower Elite combine un entra\u00eenement d'aviron puissant avec une grande capacit\u00e9 de charge. Avec un syst\u00e8me d'entra\u00eenement n\u00e9cessitant peu d'entretien, des repose-pieds r\u00e9glables en acier et un si\u00e8ge r\u00e9sistant \u00e0 la transpiration - sans aucun branchement \u00e9lectrique. Id\u00e9al pour un entra\u00eenement d'endurance et de musculation efficace.<\/p>","protected":false},"featured_media":9013136,"comment_status":"open","ping_status":"closed","template":"","meta":{"_acf_changed":false,"_gspb_post_css":""},"product_brand":[1065],"product_cat":[818,1197,304,306],"product_tag":[],"class_list":{"0":"post-2815","1":"product","2":"type-product","3":"status-publish","4":"has-post-thumbnail","6":"product_brand-assault-fitness","7":"product_cat-conditioning","8":"product_cat-hyrox","9":"product_cat-reha-physio","10":"product_cat-rudergeraete","11":"product_shipping_class-standard","12":"pa_breite-51-cm","13":"pa_bremssystem-luftwiderstand","14":"pa_farbe-grau","15":"pa_gewicht-65-kg","16":"pa_hoehe-123-5-cm","17":"pa_hometrainertyp-airrower","18":"pa_laenge-235-cm","19":"pa_max-belastung-160-kg","20":"pa_touchscreen-nein","21":"pa_transportrollen-ja","23":"first","24":"outofstock","25":"taxable","26":"shipping-taxable","27":"purchasable","28":"product-type-simple"},"bundled_by":[],"bundle_stock_status":"outofstock","bundle_stock_quantity":0,"bundle_virtual":false,"bundle_layout":"","bundle_add_to_cart_form_location":"","bundle_editable_in_cart":false,"bundle_sold_individually_context":"","bundle_item_grouping":"","bundle_min_size":"","bundle_max_size":"","bundle_price":[],"bundled_items":[],"bundle_sell_ids":[],"acf":[],"df_price":1495,"df_sale_price":"","df_regular_price":1495,"df_image_link":"https:\/\/www.fitness-flohmarkt.ch\/wp-content\/uploads\/assault-rower-elite-1-300x300.png","_links":{"self":[{"href":"https:\/\/www.fitness-flohmarkt.ch\/fr\/wp-json\/wp\/v2\/product\/2815","targetHints":{"allow":["GET"]}}],"collection":[{"href":"https:\/\/www.fitness-flohmarkt.ch\/fr\/wp-json\/wp\/v2\/product"}],"about":[{"href":"https:\/\/www.fitness-flohmarkt.ch\/fr\/wp-json\/wp\/v2\/types\/product"}],"replies":[{"embeddable":true,"href":"https:\/\/www.fitness-flohmarkt.ch\/fr\/wp-json\/wp\/v2\/comments?post=2815"}],"wp:featuredmedia":[{"embeddable":true,"href":"https:\/\/www.fitness-flohmarkt.ch\/fr\/wp-json\/wp\/v2\/media\/9013136"}],"wp:attachment":[{"href":"https:\/\/www.fitness-flohmarkt.ch\/fr\/wp-json\/wp\/v2\/media?parent=2815"}],"wp:term":[{"taxonomy":"product_brand","embeddable":true,"href":"https:\/\/www.fitness-flohmarkt.ch\/fr\/wp-json\/wp\/v2\/product_brand?post=2815"},{"taxonomy":"product_cat","embeddable":true,"href":"https:\/\/www.fitness-flohmarkt.ch\/fr\/wp-json\/wp\/v2\/product_cat?post=2815"},{"taxonomy":"product_tag","embeddable":true,"href":"https:\/\/www.fitness-flohmarkt.ch\/fr\/wp-json\/wp\/v2\/product_tag?post=2815"}],"curies":[{"name":"wp","href":"https:\/\/api.w.org\/{rel}","templated":true}]}}