{"id":28097,"date":"2025-02-11T17:55:58","date_gmt":"2025-02-11T16:55:58","guid":{"rendered":"https:\/\/www2.fitness-flohmarkt.ch\/?post_type=product&#038;p=28097"},"modified":"2026-03-27T11:10:14","modified_gmt":"2026-03-27T10:10:14","slug":"soft-jump-box-set-bois","status":"publish","type":"product","link":"https:\/\/www.fitness-flohmarkt.ch\/fr\/produkt\/soft-jump-box-set-holz\/","title":{"rendered":"Premium Soft Jump Box en bois | Set 4 pi\u00e8ces"},"content":{"rendered":"<h3>Jump Box Premium - Avec noyau en bois et rev\u00eatement en mousse pour une s\u00e9curit\u00e9 maximale<\/h3>\n<p data-start=\"590\" data-end=\"986\">Le set Soft Jump Box, compos\u00e9 de quatre \u00e9l\u00e9ments empilables, permet un entra\u00eenement de saut adaptable aux diff\u00e9rents niveaux d'entra\u00eenement. Les diff\u00e9rentes bo\u00eetes ont une surface de base uniforme de 90 x 75 cm et peuvent \u00eatre reli\u00e9es entre elles en toute s\u00e9curit\u00e9 gr\u00e2ce \u00e0 des fermetures velcro. Les hauteurs sont de 15 cm (6\u2033), 30 cm (12\u2033), 45 cm (18\u2033) et 60 cm (24\u2033), ce qui donne une hauteur totale maximale de 150 cm (59\u2033).<\/p>\n<p data-start=\"988\" data-end=\"1372\">Chaque bo\u00eete est dot\u00e9e d'un noyau en bois stable qui assure une bonne stabilit\u00e9 et d'un rev\u00eatement en mousse souple qui minimise le risque de blessure. Le rev\u00eatement en PVC r\u00e9sistant augmente la long\u00e9vit\u00e9 et rend le set id\u00e9al pour am\u00e9liorer la force de saut, la coordination et la force rapide. Gr\u00e2ce \u00e0 sa construction empilable, le set est peu encombrant et peut \u00eatre utilis\u00e9 de mani\u00e8re flexible.<\/p>","protected":false},"excerpt":{"rendered":"<p>Set modulaire Soft Jump Box avec quatre \u00e9l\u00e9ments empilables (90 x 75 cm) dans les hauteurs 15, 30, 45 et 60 cm - id\u00e9al pour un entra\u00eenement de saut s\u00fbr et adaptable. Avec un noyau en bois solide et un rev\u00eatement en mousse souple pour une s\u00e9curit\u00e9 et une durabilit\u00e9 optimales.<\/p>","protected":false},"featured_media":9027299,"comment_status":"closed","ping_status":"closed","template":"","meta":{"_acf_changed":false,"_gspb_post_css":""},"product_brand":[1000],"product_cat":[818,813,319,304],"product_tag":[],"class_list":{"0":"post-28097","1":"product","2":"type-product","3":"status-publish","4":"has-post-thumbnail","6":"product_brand-fitcom","7":"product_cat-conditioning","8":"product_cat-fg-diverse","9":"product_cat-fitness-zubehoer","10":"product_cat-reha-physio","11":"pa_anzahl-hoehenstufen-1349","12":"pa_artikel-pro-verkaufseinheit-1x","13":"pa_breite-51-cm","14":"pa_farbe-schwarz","15":"pa_fitness-zubehoertyp-step-und-sprungboxen","16":"pa_griffe-ja","17":"pa_hoehe-61-cm","18":"pa_kernmaterial-holz-mit-schaumstoffueberzug","19":"pa_laenge-76-cm","20":"pa_lieferumfang-1x-jump-box-set","21":"pa_max-belastung-200-kg","22":"pa_max-hoehe-150-cm","23":"pa_min-hoehe-15-cm","24":"pa_oberflaeche-pvc","25":"pa_step-sprungboxtyp-plyo-box","26":"pa_verbindungsart-klettverschluss","28":"first","29":"instock","30":"taxable","31":"shipping-taxable","32":"purchasable","33":"product-type-simple"},"bundled_by":[],"bundle_stock_status":"instock","bundle_stock_quantity":5,"bundle_virtual":false,"bundle_layout":"","bundle_add_to_cart_form_location":"","bundle_editable_in_cart":false,"bundle_sold_individually_context":"","bundle_item_grouping":"","bundle_min_size":"","bundle_max_size":"","bundle_price":[],"bundled_items":[],"bundle_sell_ids":[],"acf":[],"df_price":995,"df_sale_price":"","df_regular_price":995,"df_image_link":"https:\/\/www.fitness-flohmarkt.ch\/wp-content\/uploads\/box_set_1-2-300x300.png","_links":{"self":[{"href":"https:\/\/www.fitness-flohmarkt.ch\/fr\/wp-json\/wp\/v2\/product\/28097","targetHints":{"allow":["GET"]}}],"collection":[{"href":"https:\/\/www.fitness-flohmarkt.ch\/fr\/wp-json\/wp\/v2\/product"}],"about":[{"href":"https:\/\/www.fitness-flohmarkt.ch\/fr\/wp-json\/wp\/v2\/types\/product"}],"replies":[{"embeddable":true,"href":"https:\/\/www.fitness-flohmarkt.ch\/fr\/wp-json\/wp\/v2\/comments?post=28097"}],"wp:featuredmedia":[{"embeddable":true,"href":"https:\/\/www.fitness-flohmarkt.ch\/fr\/wp-json\/wp\/v2\/media\/9027299"}],"wp:attachment":[{"href":"https:\/\/www.fitness-flohmarkt.ch\/fr\/wp-json\/wp\/v2\/media?parent=28097"}],"wp:term":[{"taxonomy":"product_brand","embeddable":true,"href":"https:\/\/www.fitness-flohmarkt.ch\/fr\/wp-json\/wp\/v2\/product_brand?post=28097"},{"taxonomy":"product_cat","embeddable":true,"href":"https:\/\/www.fitness-flohmarkt.ch\/fr\/wp-json\/wp\/v2\/product_cat?post=28097"},{"taxonomy":"product_tag","embeddable":true,"href":"https:\/\/www.fitness-flohmarkt.ch\/fr\/wp-json\/wp\/v2\/product_tag?post=28097"}],"curies":[{"name":"wp","href":"https:\/\/api.w.org\/{rel}","templated":true}]}}