{"id":28089,"date":"2025-02-11T17:55:33","date_gmt":"2025-02-11T16:55:33","guid":{"rendered":"https:\/\/www2.fitness-flohmarkt.ch\/?post_type=product&#038;p=28089"},"modified":"2026-03-04T13:55:22","modified_gmt":"2026-03-04T12:55:22","slug":"agility-leader-nouveau-2025","status":"publish","type":"product","link":"https:\/\/www.fitness-flohmarkt.ch\/fr\/produkt\/agility-leiter-neu-2025\/","title":{"rendered":"Agility Speed Ladder | R\u00e9glable"},"content":{"rendered":"<h3 data-start=\"453\" data-end=\"858\"><strong data-start=\"453\" data-end=\"523\">Agility Speed Ladder - \u00e9chelle de coordination &amp; syst\u00e8me de haies tout en un<\/strong><\/h3>\n<p data-start=\"453\" data-end=\"858\">L'\u00e9chelle Agility Speed Ladder est un outil d'entra\u00eenement polyvalent pour am\u00e9liorer la coordination, la vitesse et la force d'appui. Elle se transforme en un tour de main d'une \u00e9chelle de coordination plate en mini-haies jusqu'\u00e0 10,5 cm de haut - id\u00e9ale pour des drills vari\u00e9s lors d'un entra\u00eenement fonctionnel, d'un bootcamp ou d'un entra\u00eenement de football.<\/p>\n<p data-start=\"860\" data-end=\"1181\">Les huit \u00e9chelons, espac\u00e9s de 40 cm, sont fabriqu\u00e9s en plastique ABS durable et r\u00e9sistant aux intemp\u00e9ries. L'astucieux m\u00e9canisme de pliage r\u00e9duit les risques de tr\u00e9buchement et permet un entra\u00eenement s\u00fbr et intensif tout en offrant une grande flexibilit\u00e9. En mode plat, l'\u00e9chelle mesure 300 \u00d7 66 \u00d7 2 cm, en mode haie 300 \u00d7 50 \u00d7 10,5 cm.<\/p>\n<p data-start=\"1183\" data-end=\"1432\">Gr\u00e2ce au sac de transport fourni, l'\u00e9chelle d'entra\u00eenement est facile \u00e0 transporter et se range en prenant peu de place. Dans un design noir et jaune accrocheur - fonctionnelle, robuste et id\u00e9ale pour un entra\u00eenement d'agilit\u00e9 ambitieux en int\u00e9rieur et en ext\u00e9rieur.<\/p>","protected":false},"excerpt":{"rendered":"<p>\u00c9chelle de coordination pliable avec 8 \u00e9chelons qui se transforment en haies de 10,5 cm de haut. Id\u00e9al pour la coordination, la rapidit\u00e9 et la force d'appui. En plastique ABS robuste, sac de transport inclus.<\/p>","protected":false},"featured_media":9026628,"comment_status":"closed","ping_status":"closed","template":"","meta":{"_acf_changed":false,"_gspb_post_css":""},"product_brand":[1000],"product_cat":[818,319],"product_tag":[],"class_list":{"0":"post-28089","1":"product","2":"type-product","3":"status-publish","4":"has-post-thumbnail","6":"product_brand-fitcom","7":"product_cat-conditioning","8":"product_cat-fitness-zubehoer","9":"pa_artikel-pro-verkaufseinheit-2x","10":"pa_breite-50-cm","11":"pa_farbe-gelb","12":"pa_fitness-zubehoertyp-koordination-agility","13":"pa_gewicht-tbd","14":"pa_hoehe-10-5-cm","15":"pa_laenge-300-cm","16":"pa_lieferumfang-1x-agility-leiter","17":"pa_lieferumfang-1x-beutel","18":"pa_material-kunststoff","19":"pa_verstellbar-ja","21":"first","22":"instock","23":"taxable","24":"shipping-taxable","25":"purchasable","26":"product-type-simple"},"bundled_by":[],"bundle_stock_status":"instock","bundle_stock_quantity":40,"bundle_virtual":false,"bundle_layout":"","bundle_add_to_cart_form_location":"","bundle_editable_in_cart":false,"bundle_sold_individually_context":"","bundle_item_grouping":"","bundle_min_size":"","bundle_max_size":"","bundle_price":[],"bundled_items":[],"bundle_sell_ids":[],"acf":[],"df_price":19,"df_sale_price":"","df_regular_price":19,"df_image_link":"https:\/\/www.fitness-flohmarkt.ch\/wp-content\/uploads\/133_web-20250523-095028-300x300.png","_links":{"self":[{"href":"https:\/\/www.fitness-flohmarkt.ch\/fr\/wp-json\/wp\/v2\/product\/28089","targetHints":{"allow":["GET"]}}],"collection":[{"href":"https:\/\/www.fitness-flohmarkt.ch\/fr\/wp-json\/wp\/v2\/product"}],"about":[{"href":"https:\/\/www.fitness-flohmarkt.ch\/fr\/wp-json\/wp\/v2\/types\/product"}],"replies":[{"embeddable":true,"href":"https:\/\/www.fitness-flohmarkt.ch\/fr\/wp-json\/wp\/v2\/comments?post=28089"}],"wp:featuredmedia":[{"embeddable":true,"href":"https:\/\/www.fitness-flohmarkt.ch\/fr\/wp-json\/wp\/v2\/media\/9026628"}],"wp:attachment":[{"href":"https:\/\/www.fitness-flohmarkt.ch\/fr\/wp-json\/wp\/v2\/media?parent=28089"}],"wp:term":[{"taxonomy":"product_brand","embeddable":true,"href":"https:\/\/www.fitness-flohmarkt.ch\/fr\/wp-json\/wp\/v2\/product_brand?post=28089"},{"taxonomy":"product_cat","embeddable":true,"href":"https:\/\/www.fitness-flohmarkt.ch\/fr\/wp-json\/wp\/v2\/product_cat?post=28089"},{"taxonomy":"product_tag","embeddable":true,"href":"https:\/\/www.fitness-flohmarkt.ch\/fr\/wp-json\/wp\/v2\/product_tag?post=28089"}],"curies":[{"name":"wp","href":"https:\/\/api.w.org\/{rel}","templated":true}]}}