{"id":2744,"date":"2025-01-25T16:06:15","date_gmt":"2025-01-25T15:06:15","guid":{"rendered":"https:\/\/www2.fitness-flohmarkt.ch\/produkt\/biceps-blaster-arm-trainer-bizeps\/"},"modified":"2026-03-31T13:10:17","modified_gmt":"2026-03-31T11:10:17","slug":"biceps-blaster-arm-trainer-biceps","status":"publish","type":"product","link":"https:\/\/www.fitness-flohmarkt.ch\/fr\/produkt\/biceps-blaster-arm-trainer-bizeps\/","title":{"rendered":"Biceps Blaster | Entra\u00eeneur de bras biceps"},"content":{"rendered":"<h3><strong data-start=\"494\" data-end=\"575\">Arm Trainer Bizepsblaster - accessoire pour une isolation cibl\u00e9e lors de l'entra\u00eenement des bras<\/strong><\/h3>\n<p>L'Arm Trainer Bizepsblaster convient \u00e0 l'entra\u00eenement isol\u00e9 des muscles du biceps. Gr\u00e2ce au guidage ferme du haut des bras, le mouvement est concentr\u00e9 sur le muscle cible. Une surface d'appui rembourr\u00e9e prot\u00e8ge les coudes et assure la stabilit\u00e9 pendant l'ex\u00e9cution de l'exercice. Le syst\u00e8me peut \u00eatre mis en place rapidement et confortablement \u00e0 l'aide d'une sangle. Fabriqu\u00e9 en mat\u00e9riau robuste et de couleur noire, le Blaster convient aussi bien pour l'entra\u00eenement \u00e0 domicile qu'en studio. L'accessoire mesure 57 cm de large, 10 cm de long et 9 cm de haut. Avec un poids propre de 1,4 kg, il offre une base stable pour des r\u00e9p\u00e9titions contr\u00f4l\u00e9es lors de l'entra\u00eenement des bras.<\/p>","protected":false},"excerpt":{"rendered":"<p>L'Arm Trainer Bizepsblaster favorise l'entra\u00eenement cibl\u00e9 des biceps gr\u00e2ce \u00e0 l'ex\u00e9cution isol\u00e9e des mouvements. Le support rembourr\u00e9 prot\u00e8ge les coudes, tandis que le mat\u00e9riau solide assure un maintien s\u00fbr. Avec syst\u00e8me de fermeture rapide pour une mise en place facile.<\/p>","protected":false},"featured_media":9045324,"comment_status":"open","ping_status":"closed","template":"","meta":{"_acf_changed":false,"_gspb_post_css":""},"product_brand":[1000],"product_cat":[319],"product_tag":[],"class_list":{"0":"post-2744","1":"product","2":"type-product","3":"status-publish","4":"has-post-thumbnail","6":"product_brand-fitcom","7":"product_cat-fitness-zubehoer","8":"pa_artikel-pro-verkaufseinheit-1x","9":"pa_breite-57-cm","10":"pa_farbe-schwarz","11":"pa_fitness-zubehoertyp-weightlifting","12":"pa_gewicht-1-4-kg","13":"pa_hoehe-9-cm","14":"pa_laenge-10-cm","15":"pa_lieferumfang-1x-arm-trainer","16":"pa_material-neopren","17":"pa_material-nylon","18":"pa_material-stahl","19":"pa_verstellbar-ja","21":"first","22":"instock","23":"taxable","24":"shipping-taxable","25":"purchasable","26":"product-type-simple"},"bundled_by":[],"bundle_stock_status":"instock","bundle_stock_quantity":103,"bundle_virtual":false,"bundle_layout":"","bundle_add_to_cart_form_location":"","bundle_editable_in_cart":false,"bundle_sold_individually_context":"","bundle_item_grouping":"","bundle_min_size":"","bundle_max_size":"","bundle_price":[],"bundled_items":[],"bundle_sell_ids":[],"acf":[],"df_price":19,"df_sale_price":"","df_regular_price":19,"df_image_link":"https:\/\/www.fitness-flohmarkt.ch\/wp-content\/uploads\/bicep_blaster_2-20250216-200001-scaled-2-300x266.png","_links":{"self":[{"href":"https:\/\/www.fitness-flohmarkt.ch\/fr\/wp-json\/wp\/v2\/product\/2744","targetHints":{"allow":["GET"]}}],"collection":[{"href":"https:\/\/www.fitness-flohmarkt.ch\/fr\/wp-json\/wp\/v2\/product"}],"about":[{"href":"https:\/\/www.fitness-flohmarkt.ch\/fr\/wp-json\/wp\/v2\/types\/product"}],"replies":[{"embeddable":true,"href":"https:\/\/www.fitness-flohmarkt.ch\/fr\/wp-json\/wp\/v2\/comments?post=2744"}],"wp:featuredmedia":[{"embeddable":true,"href":"https:\/\/www.fitness-flohmarkt.ch\/fr\/wp-json\/wp\/v2\/media\/9045324"}],"wp:attachment":[{"href":"https:\/\/www.fitness-flohmarkt.ch\/fr\/wp-json\/wp\/v2\/media?parent=2744"}],"wp:term":[{"taxonomy":"product_brand","embeddable":true,"href":"https:\/\/www.fitness-flohmarkt.ch\/fr\/wp-json\/wp\/v2\/product_brand?post=2744"},{"taxonomy":"product_cat","embeddable":true,"href":"https:\/\/www.fitness-flohmarkt.ch\/fr\/wp-json\/wp\/v2\/product_cat?post=2744"},{"taxonomy":"product_tag","embeddable":true,"href":"https:\/\/www.fitness-flohmarkt.ch\/fr\/wp-json\/wp\/v2\/product_tag?post=2744"}],"curies":[{"name":"wp","href":"https:\/\/api.w.org\/{rel}","templated":true}]}}