{"id":2687,"date":"2025-01-25T16:05:24","date_gmt":"2025-01-25T15:05:24","guid":{"rendered":"https:\/\/www2.fitness-flohmarkt.ch\/produkt\/flexx-egym-zirkel-8er-set-occasion\/"},"modified":"2026-01-16T09:50:07","modified_gmt":"2026-01-16T08:50:07","slug":"flexx-egym-compas-set-de-8-occasion","status":"publish","type":"product","link":"https:\/\/www.fitness-flohmarkt.ch\/fr\/produkt\/flexx-egym-zirkel-8er-set-occasion\/","title":{"rendered":"Flexx Egym compas set de 8 | Occasion dans la commande du client"},"content":{"rendered":"<p>Compas Flexx Egym set de 8 pi\u00e8ces Occasion<\/p>\n<p>\u00c9tat impeccable, 1 an d'utilisation.<\/p>\n<p>Set compos\u00e9 de 8 appareils selon les photos. \u00c9tat comme neuf. Prix neuf CHF 39'000.00<\/p>\n<p>A vendre sur ordre d'un client. Visite possible sur demande dans la r\u00e9gion de Zurich.<\/p>","protected":false},"excerpt":{"rendered":"<div id=\":2ln\" class=\"Am aiL Al editable LW-avf tS-tW tS-tY\" role=\"textbox\" aria-label=\"Contenu du message\" aria-controls=\":31i\" aria-expanded=\"false\">\n<div class=\"gmail_default\"><strong>Vendu pour le compte d'un client et doit \u00eatre retir\u00e9 dans la r\u00e9gion de Zurich. En cas d'achat, nous te mettrons en contact avec le vendeur.<\/strong><\/div>\n<\/div>","protected":false},"featured_media":9050432,"comment_status":"closed","ping_status":"closed","template":"","meta":{"_acf_changed":false,"_gspb_post_css":""},"product_brand":[],"product_cat":[813,313,304],"product_tag":[309],"class_list":{"0":"post-2687","1":"product","2":"type-product","3":"status-publish","4":"has-post-thumbnail","6":"product_cat-fg-diverse","7":"product_cat-outlet","8":"product_cat-reha-physio","9":"product_tag-occasion","10":"product_shipping_class-nur-abholung","12":"first","13":"instock","14":"taxable","15":"shipping-taxable","16":"purchasable","17":"product-type-simple"},"bundled_by":[],"bundle_stock_status":"instock","bundle_stock_quantity":1,"bundle_virtual":false,"bundle_layout":"","bundle_add_to_cart_form_location":"","bundle_editable_in_cart":false,"bundle_sold_individually_context":"","bundle_item_grouping":"","bundle_min_size":"","bundle_max_size":"","bundle_price":[],"bundled_items":[],"bundle_sell_ids":[],"acf":[],"df_price":9990,"df_sale_price":"","df_regular_price":9990,"df_image_link":"https:\/\/www.fitness-flohmarkt.ch\/wp-content\/uploads\/F-76513_Flexx-Egym-Zirkel-8er-Set-Occasion_0-20251021-123051-300x300.jpg","_links":{"self":[{"href":"https:\/\/www.fitness-flohmarkt.ch\/fr\/wp-json\/wp\/v2\/product\/2687","targetHints":{"allow":["GET"]}}],"collection":[{"href":"https:\/\/www.fitness-flohmarkt.ch\/fr\/wp-json\/wp\/v2\/product"}],"about":[{"href":"https:\/\/www.fitness-flohmarkt.ch\/fr\/wp-json\/wp\/v2\/types\/product"}],"replies":[{"embeddable":true,"href":"https:\/\/www.fitness-flohmarkt.ch\/fr\/wp-json\/wp\/v2\/comments?post=2687"}],"wp:featuredmedia":[{"embeddable":true,"href":"https:\/\/www.fitness-flohmarkt.ch\/fr\/wp-json\/wp\/v2\/media\/9050432"}],"wp:attachment":[{"href":"https:\/\/www.fitness-flohmarkt.ch\/fr\/wp-json\/wp\/v2\/media?parent=2687"}],"wp:term":[{"taxonomy":"product_brand","embeddable":true,"href":"https:\/\/www.fitness-flohmarkt.ch\/fr\/wp-json\/wp\/v2\/product_brand?post=2687"},{"taxonomy":"product_cat","embeddable":true,"href":"https:\/\/www.fitness-flohmarkt.ch\/fr\/wp-json\/wp\/v2\/product_cat?post=2687"},{"taxonomy":"product_tag","embeddable":true,"href":"https:\/\/www.fitness-flohmarkt.ch\/fr\/wp-json\/wp\/v2\/product_tag?post=2687"}],"curies":[{"name":"wp","href":"https:\/\/api.w.org\/{rel}","templated":true}]}}