{"id":2598,"date":"2025-01-25T16:04:27","date_gmt":"2025-01-25T15:04:27","guid":{"rendered":"https:\/\/www2.fitness-flohmarkt.ch\/produkt\/keiser-functional-trainer-infinity-serie\/"},"modified":"2026-05-12T15:30:32","modified_gmt":"2026-05-12T13:30:32","slug":"keiser-functional-trainer-infinity-serie","status":"publish","type":"product","link":"https:\/\/www.fitness-flohmarkt.ch\/fr\/produkt\/keiser-functional-trainer-infinity-serie\/","title":{"rendered":"Keiser Entra\u00eeneur fonctionnel | S\u00e9rie Infinity"},"content":{"rendered":"<div>\n<h3>Keiser Infinity Functional Trainer - Syst\u00e8me de traction \u00e0 c\u00e2ble fonctionnant \u00e0 l'air comprim\u00e9 pour un entra\u00eenement polyvalent<\/h3>\n<p>La s\u00e9rie Infinity de Keiser est le premier syst\u00e8me de poulie au monde qui fonctionne \u00e0 l'air comprim\u00e9. Cet entra\u00eeneur fonctionnel a \u00e9t\u00e9 con\u00e7u de mani\u00e8re \u00e0 ce que l'entra\u00eenement soit possible \u00e0 n'importe quelle vitesse souhait\u00e9e, \u00e0 presque n'importe quel angle et dans n'importe quelle direction. L'entra\u00eenement en dehors d'un circuit ferm\u00e9 am\u00e9liore en outre l'\u00e9quilibre et la stabilit\u00e9. L'entra\u00eeneur fonctionnel est un syst\u00e8me de poulie qui offre une vari\u00e9t\u00e9 d'exercices presque illimit\u00e9e. En ajustant s\u00e9par\u00e9ment les bras de haut en bas, il est possible d'entra\u00eener tout le corps avec un seul appareil. En combinaison avec les accessoires du kit Infinity, tous les mouvements et exercices fonctionnels sont r\u00e9alisables. Que ce soit dans le domaine de la r\u00e9\u00e9ducation, du fitness g\u00e9n\u00e9ral ou de l'entra\u00eenement fonctionnel dans le sport de comp\u00e9tition, cet appareil couvre tous les besoins. L'entra\u00eeneur fonctionnel peut \u00e9galement \u00eatre utilis\u00e9 \u00e0 domicile ; le streaming en ligne et les nombreuses vid\u00e9os d'exemple permettent un entra\u00eenement complet dans son propre environnement.<\/p>\n<\/div>\n<p><strong>Aper\u00e7u des avantages du Functional Trainer only :<\/strong><\/p>\n<ul data-start=\"1205\" data-end=\"1598\">\n<li data-start=\"1205\" data-end=\"1308\">\n<p data-start=\"1207\" data-end=\"1308\">Contr\u00f4le total du niveau de r\u00e9sistance, en commen\u00e7ant \u00e0 0,1 kg et en augmentant par paliers de 100 grammes.<\/p>\n<\/li>\n<li data-start=\"1309\" data-end=\"1411\">\n<p data-start=\"1311\" data-end=\"1411\">R\u00e9sistance pneumatique constante pour r\u00e9duire les chocs sur les tissus conjonctifs et les articulations<\/p>\n<\/li>\n<li data-start=\"1412\" data-end=\"1478\">\n<p data-start=\"1414\" data-end=\"1478\">Adaptabilit\u00e9 polyvalente pour un entra\u00eenement personnalis\u00e9<\/p>\n<\/li>\n<li data-start=\"1479\" data-end=\"1572\">\n<p data-start=\"1481\" data-end=\"1572\">Des possibilit\u00e9s d'entra\u00eenement illimit\u00e9es - n'importe quelle r\u00e9sistance, n'importe quel angle, n'importe quelle vitesse<\/p>\n<\/li>\n<li data-start=\"1573\" data-end=\"1598\">\n<p data-start=\"1575\" data-end=\"1598\">Design peu encombrant<\/p>\n<\/li>\n<\/ul>\n<p><strong>Les informations techniques en un coup d'\u0153il :<\/strong><\/p>\n<ul>\n<li>\u00a0\u00a0\u00a0 Hauteur (bras en haut) : 2261 mm<\/li>\n<li>\u00a0\u00a0\u00a0 Hauteur (bras en bas) : 1497 mm<\/li>\n<li>\u00a0\u00a0\u00a0 Largeur (bras \u00e9tendus) : 2413 mm<\/li>\n<li>\u00a0\u00a0\u00a0 Largeur de base : 813 mm<\/li>\n<li>\u00a0\u00a0\u00a0 Profondeur : 610 mm<\/li>\n<li>\u00a0\u00a0\u00a0 Poids : 59 kg<\/li>\n<li>\u00a0\u00a0\u00a0 Plage de r\u00e9sistance bilat\u00e9rale : 0 - 48 kg<\/li>\n<li>\u00a0\u00a0\u00a0 Plage de r\u00e9sistance d'un c\u00f4t\u00e9 : 0 - 24 kg<\/li>\n<li>\u00a0\u00a0\u00a0 Longueur du c\u00e2ble bilat\u00e9ral : 1829 mm<\/li>\n<li>\u00a0\u00a0\u00a0 Longueur du c\u00e2ble unilat\u00e9ral : 3658 mm<\/li>\n<\/ul>","protected":false},"excerpt":{"rendered":"<p>Entra\u00eeneur fonctionnel Keiser Infinity avec syst\u00e8me de r\u00e9sistance pneumatique pour un entra\u00eenement m\u00e9nageant les articulations \u00e0 n'importe quelle vitesse, direction et angle. Permet des exercices fonctionnels dans un espace r\u00e9duit - de la r\u00e9\u00e9ducation au sport de haut niveau. R\u00e9sistance finement ajustable \u00e0 partir de 0,1 kg.<\/p>","protected":false},"featured_media":57032,"comment_status":"open","ping_status":"closed","template":"","meta":{"_acf_changed":false,"_gspb_post_css":""},"product_brand":[],"product_cat":[818,813,304,310],"product_tag":[],"class_list":{"0":"post-2598","1":"product","2":"type-product","3":"status-publish","4":"has-post-thumbnail","6":"product_cat-conditioning","7":"product_cat-fg-diverse","8":"product_cat-reha-physio","9":"product_cat-steckgewichte","10":"product_shipping_class-standard","11":"pa_artikel-pro-verkaufseinheit-1x","12":"pa_farbe-schwarz","13":"pa_gewicht-59-kg","14":"pa_lieferumfang-1x-functional-trainer","15":"pa_material-stahl-pulverbeschichtet","16":"pa_max-hoehe-226-cm","17":"pa_min-hoehe-150-cm","18":"pa_tiefe-61-cm","20":"first","21":"instock","22":"taxable","23":"shipping-taxable","24":"purchasable","25":"product-type-simple"},"bundled_by":[],"bundle_stock_status":"instock","bundle_stock_quantity":8,"bundle_virtual":false,"bundle_layout":"","bundle_add_to_cart_form_location":"","bundle_editable_in_cart":false,"bundle_sold_individually_context":"","bundle_item_grouping":"","bundle_min_size":"","bundle_max_size":"","bundle_price":[],"bundled_items":[],"bundle_sell_ids":[],"acf":[],"df_price":8990,"df_sale_price":"","df_regular_price":8990,"df_image_link":"https:\/\/www.fitness-flohmarkt.ch\/wp-content\/uploads\/F-65962_Keiser-Functional-Trainer-Infinity-Serie_0-20250314-100639-300x300.jpg","_links":{"self":[{"href":"https:\/\/www.fitness-flohmarkt.ch\/fr\/wp-json\/wp\/v2\/product\/2598","targetHints":{"allow":["GET"]}}],"collection":[{"href":"https:\/\/www.fitness-flohmarkt.ch\/fr\/wp-json\/wp\/v2\/product"}],"about":[{"href":"https:\/\/www.fitness-flohmarkt.ch\/fr\/wp-json\/wp\/v2\/types\/product"}],"replies":[{"embeddable":true,"href":"https:\/\/www.fitness-flohmarkt.ch\/fr\/wp-json\/wp\/v2\/comments?post=2598"}],"wp:featuredmedia":[{"embeddable":true,"href":"https:\/\/www.fitness-flohmarkt.ch\/fr\/wp-json\/wp\/v2\/media\/57032"}],"wp:attachment":[{"href":"https:\/\/www.fitness-flohmarkt.ch\/fr\/wp-json\/wp\/v2\/media?parent=2598"}],"wp:term":[{"taxonomy":"product_brand","embeddable":true,"href":"https:\/\/www.fitness-flohmarkt.ch\/fr\/wp-json\/wp\/v2\/product_brand?post=2598"},{"taxonomy":"product_cat","embeddable":true,"href":"https:\/\/www.fitness-flohmarkt.ch\/fr\/wp-json\/wp\/v2\/product_cat?post=2598"},{"taxonomy":"product_tag","embeddable":true,"href":"https:\/\/www.fitness-flohmarkt.ch\/fr\/wp-json\/wp\/v2\/product_tag?post=2598"}],"curies":[{"name":"wp","href":"https:\/\/api.w.org\/{rel}","templated":true}]}}