{"id":2581,"date":"2025-01-25T16:04:00","date_gmt":"2025-01-25T15:04:00","guid":{"rendered":"https:\/\/www2.fitness-flohmarkt.ch\/produkt\/keiser-infinity-accessory-kit-functional-trainer\/"},"modified":"2026-04-20T15:52:48","modified_gmt":"2026-04-20T13:52:48","slug":"keiser-infinity-kit-daccessoires-functional-trainer","status":"publish","type":"product","link":"https:\/\/www.fitness-flohmarkt.ch\/fr\/produkt\/keiser-infinity-accessory-kit-functional-trainer\/","title":{"rendered":"Keiser Infinity Accessory Kit | Entra\u00eeneur fonctionnel"},"content":{"rendered":"<h3>Set de poign\u00e9es pour entra\u00eeneur fonctionnel Keiser - accessoires \u00e9tendus pour un entra\u00eenement polyvalent<\/h3>\n<p data-start=\"397\" data-end=\"458\">Le kit de poign\u00e9es pour l'entra\u00eeneur fonctionnel Keiser comprend<\/p>\n<ul>\n<li data-start=\"461\" data-end=\"477\">Back\/Lat-Strap<\/li>\n<li data-start=\"480\" data-end=\"503\">Sangle Cinch Pro \u00e0 la cheville<\/li>\n<li data-start=\"506\" data-end=\"518\">Ceinture pour la taille<\/li>\n<li data-start=\"521\" data-end=\"535\">Corde \u00e0 triceps<\/li>\n<li data-start=\"538\" data-end=\"555\">Keiser Chop Bar<\/li>\n<\/ul>\n<p data-start=\"557\" data-end=\"777\">Ces accessoires permettent une plus grande vari\u00e9t\u00e9 d'exercices et \u00e9largissent les possibilit\u00e9s d'entra\u00eenement. Sans le kit Infinity, l'entra\u00eeneur fonctionnel Keiser est livr\u00e9 exclusivement avec les poign\u00e9es standard \u00e0 une main.<\/p>","protected":false},"excerpt":{"rendered":"<p>Le kit de poign\u00e9es ajoute des accessoires pratiques \u00e0 l'entra\u00eeneur fonctionnel Keiser, comme Back\/Lat-Strap, Pro Ankle Cinch Strap, Waist Belt, Triceps Rope et Keiser Chop Bar - pour un entra\u00eenement encore plus polyvalent. Sans le kit Infinity, seules les poign\u00e9es standard \u00e0 une main sont incluses.<\/p>","protected":false},"featured_media":69677,"comment_status":"open","ping_status":"closed","template":"","meta":{"_acf_changed":false,"_gspb_post_css":""},"product_brand":[],"product_cat":[813,815,304],"product_tag":[],"class_list":{"0":"post-2581","1":"product","2":"type-product","3":"status-publish","4":"has-post-thumbnail","6":"product_cat-fg-diverse","7":"product_cat-griffe-kabelzug","8":"product_cat-reha-physio","9":"pa_artikel-pro-verkaufseinheit-7x","10":"pa_fitness-zubehoertyp-kabelzuggriff","11":"pa_lieferumfang-7x-kabelzuggriff","13":"first","14":"instock","15":"taxable","16":"shipping-taxable","17":"purchasable","18":"product-type-simple"},"bundled_by":[],"bundle_stock_status":"instock","bundle_stock_quantity":22,"bundle_virtual":false,"bundle_layout":"","bundle_add_to_cart_form_location":"","bundle_editable_in_cart":false,"bundle_sold_individually_context":"","bundle_item_grouping":"","bundle_min_size":"","bundle_max_size":"","bundle_price":[],"bundled_items":[],"bundle_sell_ids":[],"acf":[],"df_price":990,"df_sale_price":"","df_regular_price":990,"df_image_link":"https:\/\/www.fitness-flohmarkt.ch\/wp-content\/uploads\/kit-accessoires-infinity-keiser-300x300.jpg","_links":{"self":[{"href":"https:\/\/www.fitness-flohmarkt.ch\/fr\/wp-json\/wp\/v2\/product\/2581","targetHints":{"allow":["GET"]}}],"collection":[{"href":"https:\/\/www.fitness-flohmarkt.ch\/fr\/wp-json\/wp\/v2\/product"}],"about":[{"href":"https:\/\/www.fitness-flohmarkt.ch\/fr\/wp-json\/wp\/v2\/types\/product"}],"replies":[{"embeddable":true,"href":"https:\/\/www.fitness-flohmarkt.ch\/fr\/wp-json\/wp\/v2\/comments?post=2581"}],"wp:featuredmedia":[{"embeddable":true,"href":"https:\/\/www.fitness-flohmarkt.ch\/fr\/wp-json\/wp\/v2\/media\/69677"}],"wp:attachment":[{"href":"https:\/\/www.fitness-flohmarkt.ch\/fr\/wp-json\/wp\/v2\/media?parent=2581"}],"wp:term":[{"taxonomy":"product_brand","embeddable":true,"href":"https:\/\/www.fitness-flohmarkt.ch\/fr\/wp-json\/wp\/v2\/product_brand?post=2581"},{"taxonomy":"product_cat","embeddable":true,"href":"https:\/\/www.fitness-flohmarkt.ch\/fr\/wp-json\/wp\/v2\/product_cat?post=2581"},{"taxonomy":"product_tag","embeddable":true,"href":"https:\/\/www.fitness-flohmarkt.ch\/fr\/wp-json\/wp\/v2\/product_tag?post=2581"}],"curies":[{"name":"wp","href":"https:\/\/api.w.org\/{rel}","templated":true}]}}