{"id":2558,"date":"2025-01-25T16:03:38","date_gmt":"2025-01-25T15:03:38","guid":{"rendered":"https:\/\/www2.fitness-flohmarkt.ch\/produkt\/lever-jammer-arms-kit-zubehoer-power-rack\/"},"modified":"2026-03-01T23:28:05","modified_gmt":"2026-03-01T22:28:05","slug":"lever-jammer-arms-kit-accessoires-power-rack","status":"publish","type":"product","link":"https:\/\/www.fitness-flohmarkt.ch\/fr\/produkt\/lever-jammer-arms-kit-zubehoer-power-rack\/","title":{"rendered":"Lever Jammer Arms Kit | Accessoires Power Rack"},"content":{"rendered":"<h3 data-start=\"0\" data-end=\"60\"><strong data-start=\"0\" data-end=\"60\">Lever Jammer Arms - Extension des fonctions pour les Power Racks\u00a0<\/strong><\/h3>\n<p class=\"\" data-start=\"62\" data-end=\"395\">Les Lever Jammer Arms ajoutent de nombreuses possibilit\u00e9s d'entra\u00eenement \u00e0 ton rack. Id\u00e9al pour les exercices de musculation fondamentaux comme le d\u00e9velopp\u00e9 couch\u00e9, le d\u00e9velopp\u00e9 \u00e9paules ou le soulev\u00e9 de terre. R\u00e9glable en hauteur pour une position d'entra\u00eenement adapt\u00e9e et mont\u00e9 en un tour de main. Les bras sont peu encombrants sur le rack et n'occupent pas de surface au sol.<\/p>\n<p class=\"\" data-start=\"397\" data-end=\"638\">Les poign\u00e9es s'enl\u00e8vent rapidement - pour pouvoir entrer et sortir du rack sans \u00eatre g\u00ean\u00e9. La construction m\u00e9tallique massive garantit une grande capacit\u00e9 de charge et des propri\u00e9t\u00e9s de fonctionnement durables. \u00c9quip\u00e9 d'un support de disque de 50 mm.<\/p>\n<p><strong data-start=\"640\" data-end=\"675\">Compatible avec les racks suivants :<\/strong><\/p>\n<ul>\n<li>F-55936 - Power Rack Professional (\u00e0 partir de l'ann\u00e9e 2023)<\/li>\n<li>F-42718 - Rack d'alimentation pliable<\/li>\n<li>F-28587 - Demi-rack ouvert<\/li>\n<\/ul>\n<p data-start=\"640\" data-end=\"811\"><strong>Remarque :<\/strong> Prix par paire.<\/p>","protected":false},"excerpt":{"rendered":"<p>Lever Jammer Arms pour Power Racks : bras de levier r\u00e9glables en hauteur en m\u00e9tal avec logement de disque de 50 mm. Pour des exercices polyvalents comme le d\u00e9velopp\u00e9 couch\u00e9, l'\u00e9paul\u00e9-jet\u00e9 ou le row. Montage serr\u00e9 sans perte d'espace. Convient pour Power Rack Professional, Foldable Power Rack et Open Half Rack.<\/p>","protected":false},"featured_media":68969,"comment_status":"open","ping_status":"closed","template":"","meta":{"_acf_changed":false,"_gspb_post_css":""},"product_brand":[1000],"product_cat":[950],"product_tag":[],"class_list":{"0":"post-2558","1":"product","2":"type-product","3":"status-publish","4":"has-post-thumbnail","6":"product_brand-fitcom","7":"product_cat-rr-zubehoer","8":"pa_artikel-pro-verkaufseinheit-1x","9":"pa_breite-64-5-cm","10":"pa_farbe-schwarz","11":"pa_fitness-zubehoertyp-rack-attachment","12":"pa_kernmaterial-stahl","13":"pa_laenge-98-cm","14":"pa_lieferumfang-2x-rack-attachment","15":"pa_lochdurchmesser-28-mm","16":"pa_oberflaeche-pulverbeschichtet","17":"pa_verstellbar-nein","19":"first","20":"instock","21":"taxable","22":"shipping-taxable","23":"purchasable","24":"product-type-simple"},"bundled_by":[],"bundle_stock_status":"instock","bundle_stock_quantity":5,"bundle_virtual":false,"bundle_layout":"","bundle_add_to_cart_form_location":"","bundle_editable_in_cart":false,"bundle_sold_individually_context":"","bundle_item_grouping":"","bundle_min_size":"","bundle_max_size":"","bundle_price":[],"bundled_items":[],"bundle_sell_ids":[],"acf":[],"df_price":250,"df_sale_price":"","df_regular_price":250,"df_image_link":"https:\/\/www.fitness-flohmarkt.ch\/wp-content\/uploads\/rack_zubehoer_1-1-2-300x300.png","_links":{"self":[{"href":"https:\/\/www.fitness-flohmarkt.ch\/fr\/wp-json\/wp\/v2\/product\/2558","targetHints":{"allow":["GET"]}}],"collection":[{"href":"https:\/\/www.fitness-flohmarkt.ch\/fr\/wp-json\/wp\/v2\/product"}],"about":[{"href":"https:\/\/www.fitness-flohmarkt.ch\/fr\/wp-json\/wp\/v2\/types\/product"}],"replies":[{"embeddable":true,"href":"https:\/\/www.fitness-flohmarkt.ch\/fr\/wp-json\/wp\/v2\/comments?post=2558"}],"wp:featuredmedia":[{"embeddable":true,"href":"https:\/\/www.fitness-flohmarkt.ch\/fr\/wp-json\/wp\/v2\/media\/68969"}],"wp:attachment":[{"href":"https:\/\/www.fitness-flohmarkt.ch\/fr\/wp-json\/wp\/v2\/media?parent=2558"}],"wp:term":[{"taxonomy":"product_brand","embeddable":true,"href":"https:\/\/www.fitness-flohmarkt.ch\/fr\/wp-json\/wp\/v2\/product_brand?post=2558"},{"taxonomy":"product_cat","embeddable":true,"href":"https:\/\/www.fitness-flohmarkt.ch\/fr\/wp-json\/wp\/v2\/product_cat?post=2558"},{"taxonomy":"product_tag","embeddable":true,"href":"https:\/\/www.fitness-flohmarkt.ch\/fr\/wp-json\/wp\/v2\/product_tag?post=2558"}],"curies":[{"name":"wp","href":"https:\/\/api.w.org\/{rel}","templated":true}]}}