{"id":2444,"date":"2025-01-25T16:01:51","date_gmt":"2025-01-25T15:01:51","guid":{"rendered":"https:\/\/www2.fitness-flohmarkt.ch\/produkt\/assault-runner-elite-airrunner\/"},"modified":"2026-04-20T13:12:20","modified_gmt":"2026-04-20T11:12:20","slug":"assault-runner-elite-airrunner","status":"publish","type":"product","link":"https:\/\/www.fitness-flohmarkt.ch\/fr\/produkt\/assault-runner-elite-airrunner\/","title":{"rendered":"Assault Runner Elite | Airrunner"},"content":{"rendered":"<h3 data-start=\"237\" data-end=\"311\"><strong data-start=\"240\" data-end=\"311\">AssaultRunner Elite - Tapis de course curved d'une haute qualit\u00e9 avec autopropulsion<\/strong><\/h3>\n<p data-start=\"313\" data-end=\"748\">L'AssaultRunner Elite est un tapis de course sans moteur avec une surface de course \u00e0 lamelles incurv\u00e9es, sp\u00e9cialement con\u00e7u pour une sensation de course naturelle et efficace. La vitesse est d\u00e9termin\u00e9e uniquement par le mouvement de course de l'utilisateur - sans aucun branchement \u00e9lectrique. La forme incurv\u00e9e brevet\u00e9e de l'appareil favorise automatiquement une technique de course saine, avec un d\u00e9roulement naturel sur la plante des pieds et une longueur de pas individuelle.<\/p>\n<p data-start=\"750\" data-end=\"1244\">Gr\u00e2ce \u00e0 la technologie des lamelles, l'entra\u00eenement est particuli\u00e8rement doux pour les articulations, avec un excellent amorti. Le domaine d'utilisation s'\u00e9tend de la marche mod\u00e9r\u00e9e aux sprints HIIT intensifs - avec un ajustement illimit\u00e9 de la vitesse en temps r\u00e9el. Gr\u00e2ce \u00e0 l'entra\u00eenement autonome, la consommation de calories peut \u00eatre jusqu'\u00e0 30 % plus \u00e9lev\u00e9e que sur les tapis de course traditionnels avec moteur. La construction n\u00e9cessitant peu d'entretien et la robustesse permettent une utilisation aussi bien \u00e0 domicile que dans un studio professionnel.<\/p>\n<h4 data-start=\"1251\" data-end=\"1276\"><strong data-start=\"1257\" data-end=\"1276\">En un coup d'\u0153il<\/strong><\/h4>\n<ul data-start=\"1278\" data-end=\"2564\">\n<li data-start=\"1278\" data-end=\"1338\">\n<p data-start=\"1280\" data-end=\"1338\">Tapis de course sans moteur avec surface de course \u00e0 lamelles incurv\u00e9es<\/p>\n<\/li>\n<li data-start=\"1339\" data-end=\"1409\">\n<p data-start=\"1341\" data-end=\"1409\">Vitesse autopropuls\u00e9e - pas de branchement \u00e9lectrique n\u00e9cessaire<\/p>\n<\/li>\n<li data-start=\"1410\" data-end=\"1447\">\n<p data-start=\"1412\" data-end=\"1447\">Grande surface de course : 155 x 43 cm<\/p>\n<\/li>\n<li data-start=\"1448\" data-end=\"1549\">\n<p data-start=\"1450\" data-end=\"1549\">Construction robuste en acier avec mat\u00e9riel r\u00e9sistant \u00e0 la corrosion et mains courantes recouvertes de TPU<\/p>\n<\/li>\n<li data-start=\"1550\" data-end=\"1607\">\n<p data-start=\"1552\" data-end=\"1607\">Lamelles \u00e0 faible frottement avec un excellent amortissement<\/p>\n<\/li>\n<li data-start=\"1608\" data-end=\"1638\">\n<p data-start=\"1610\" data-end=\"1638\">poids net : 131,2 kg<\/p>\n<\/li>\n<li data-start=\"1639\" data-end=\"1677\">\n<p data-start=\"1641\" data-end=\"1677\">charge maximale : environ 181 kg<\/p>\n<\/li>\n<li data-start=\"1678\" data-end=\"1730\">\n<p data-start=\"1680\" data-end=\"1730\">Convient aux tailles de 150 \u00e0 194 cm<\/p>\n<\/li>\n<li data-start=\"1731\" data-end=\"1804\">\n<p data-start=\"1733\" data-end=\"1804\">Design ergonomique \u00e0 faible impact - favorise une technique de course saine<\/p>\n<\/li>\n<li data-start=\"1805\" data-end=\"1882\">\n<p data-start=\"1807\" data-end=\"1882\">Roulettes de transport et surfaces d'appui plus grandes pour un positionnement facile<\/p>\n<\/li>\n<li data-start=\"1883\" data-end=\"1927\">\n<p data-start=\"1885\" data-end=\"1927\">Peu d'entretien et pr\u00eat \u00e0 l'emploi<\/p>\n<\/li>\n<li data-start=\"1928\" data-end=\"2107\">\n<p data-start=\"1930\" data-end=\"1979\">\u00c9cran LCD avec contraste \u00e9lev\u00e9, affichage de :<\/p>\n<ul data-start=\"1982\" data-end=\"2107\">\n<li data-start=\"1982\" data-end=\"2001\">\n<p data-start=\"1984\" data-end=\"2001\">Vitesse<\/p>\n<\/li>\n<li data-start=\"2004\" data-end=\"2012\">\n<p data-start=\"2006\" data-end=\"2012\">Temps<\/p>\n<\/li>\n<li data-start=\"2015\" data-end=\"2026\">\n<p data-start=\"2017\" data-end=\"2026\">Distance<\/p>\n<\/li>\n<li data-start=\"2029\" data-end=\"2041\">\n<p data-start=\"2031\" data-end=\"2041\">Calories<\/p>\n<\/li>\n<li data-start=\"2044\" data-end=\"2052\">\n<p data-start=\"2046\" data-end=\"2052\">Pace<\/p>\n<\/li>\n<li data-start=\"2055\" data-end=\"2107\">\n<p data-start=\"2057\" data-end=\"2107\">pouls (compatible avec une ceinture pectorale, non incluse)<\/p>\n<\/li>\n<\/ul>\n<\/li>\n<li data-start=\"2108\" data-end=\"2253\">\n<p data-start=\"2110\" data-end=\"2253\">modes d'entra\u00eenement : Quick Start, programmes d'intervalles (20\/10, 10\/20, individuel), programmes cibles (temps, distance, calories, FC), mode comp\u00e9tition<\/p>\n<\/li>\n<li data-start=\"2254\" data-end=\"2338\">\n<p data-start=\"2256\" data-end=\"2338\">interface Bluetooth pour la connexion avec la ceinture pectorale et l'application Assault Fitness<\/p>\n<\/li>\n<li data-start=\"2339\" data-end=\"2410\">\n<p data-start=\"2341\" data-end=\"2410\">R\u00e9cepteur de ceinture cardiaque int\u00e9gr\u00e9 (ceinture pectorale disponible en option)<\/p>\n<\/li>\n<li data-start=\"2411\" data-end=\"2564\">\n<p data-start=\"2413\" data-end=\"2443\">\u00c9quipement suppl\u00e9mentaire :<\/p>\n<ul data-start=\"2446\" data-end=\"2564\">\n<li data-start=\"2446\" data-end=\"2472\">\n<p data-start=\"2448\" data-end=\"2472\">2 porte-bouteilles d'eau<\/p>\n<\/li>\n<li data-start=\"2475\" data-end=\"2507\">\n<p data-start=\"2477\" data-end=\"2507\">Fente multifonctionnelle<\/p>\n<\/li>\n<li data-start=\"2510\" data-end=\"2564\">\n<p data-start=\"2512\" data-end=\"2564\">Larges parties lat\u00e9rales pour monter et descendre en toute s\u00e9curit\u00e9<\/p>\n<\/li>\n<\/ul>\n<\/li>\n<\/ul>","protected":false},"excerpt":{"rendered":"<p>Le tapis de course sans moteur AssaultRunner Elite permet une exp\u00e9rience de course r\u00e9aliste, m\u00e9nageant les articulations, sans \u00e9lectricit\u00e9. La surface de course \u00e0 lamelles incurv\u00e9es s'adapte directement \u00e0 la vitesse de course - id\u00e9al pour le HIIT, le sprint ou l'entra\u00eenement \u00e0 la marche.<\/p>","protected":false},"featured_media":9013124,"comment_status":"open","ping_status":"closed","template":"","meta":{"_acf_changed":false,"_gspb_post_css":""},"product_brand":[1065],"product_cat":[818,1197,312,304],"product_tag":[],"class_list":{"0":"post-2444","1":"product","2":"type-product","3":"status-publish","4":"has-post-thumbnail","6":"product_brand-assault-fitness","7":"product_cat-conditioning","8":"product_cat-hyrox","9":"product_cat-laufbaender","10":"product_cat-reha-physio","11":"product_shipping_class-standard","12":"pa_angezeigte-messwerte-distanz","13":"pa_angezeigte-messwerte-geschwindigkeit","14":"pa_angezeigte-messwerte-kalorien","15":"pa_angezeigte-messwerte-puls-in-verbindung-mit-brustgurt-nicht-inkl","16":"pa_angezeigte-messwerte-trainingsprofile","17":"pa_angezeigte-messwerte-zeit","18":"pa_breite-80-5-cm","19":"pa_breite-laufflaeche-43-cm","20":"pa_bremssystem-eigenantrieb","21":"pa_energieversorgung-eigenantrieb","22":"pa_energieversorgung-stromlos","23":"pa_farbe-grau","24":"pa_gewicht-131-2-kg","25":"pa_hoehe-163-5-cm","26":"pa_hometrainertyp-laufband","27":"pa_kompatibel-pulsempfaenger-assault-app","28":"pa_kompatibel-pulsempfaenger-brustgurt-optional","29":"pa_laenge-177-5-cm","30":"pa_laenge-laufflaeche-155-cm","31":"pa_laufband-features-eigenantrieb","32":"pa_laufband-features-flaschenhalter","33":"pa_laufband-features-halterung-smartphone","34":"pa_laufband-features-konkave-laufflaeche","35":"pa_laufband-features-transportrollen","36":"pa_max-belastung-180-kg","37":"pa_max-geschwindigkeit-unbegrenzt","38":"pa_pulsart-bluetooth","40":"first","41":"instock","42":"taxable","43":"shipping-taxable","44":"purchasable","45":"product-type-simple"},"bundled_by":[],"bundle_stock_status":"instock","bundle_stock_quantity":2,"bundle_virtual":false,"bundle_layout":"","bundle_add_to_cart_form_location":"","bundle_editable_in_cart":false,"bundle_sold_individually_context":"","bundle_item_grouping":"","bundle_min_size":"","bundle_max_size":"","bundle_price":[],"bundled_items":[],"bundle_sell_ids":[],"acf":[],"df_price":4890,"df_sale_price":"","df_regular_price":4890,"df_image_link":"https:\/\/www.fitness-flohmarkt.ch\/wp-content\/uploads\/F-18442_Assault-Runner-Elite-Airrunner_0-20250326-163039-300x300.jpg","_links":{"self":[{"href":"https:\/\/www.fitness-flohmarkt.ch\/fr\/wp-json\/wp\/v2\/product\/2444","targetHints":{"allow":["GET"]}}],"collection":[{"href":"https:\/\/www.fitness-flohmarkt.ch\/fr\/wp-json\/wp\/v2\/product"}],"about":[{"href":"https:\/\/www.fitness-flohmarkt.ch\/fr\/wp-json\/wp\/v2\/types\/product"}],"replies":[{"embeddable":true,"href":"https:\/\/www.fitness-flohmarkt.ch\/fr\/wp-json\/wp\/v2\/comments?post=2444"}],"wp:featuredmedia":[{"embeddable":true,"href":"https:\/\/www.fitness-flohmarkt.ch\/fr\/wp-json\/wp\/v2\/media\/9013124"}],"wp:attachment":[{"href":"https:\/\/www.fitness-flohmarkt.ch\/fr\/wp-json\/wp\/v2\/media?parent=2444"}],"wp:term":[{"taxonomy":"product_brand","embeddable":true,"href":"https:\/\/www.fitness-flohmarkt.ch\/fr\/wp-json\/wp\/v2\/product_brand?post=2444"},{"taxonomy":"product_cat","embeddable":true,"href":"https:\/\/www.fitness-flohmarkt.ch\/fr\/wp-json\/wp\/v2\/product_cat?post=2444"},{"taxonomy":"product_tag","embeddable":true,"href":"https:\/\/www.fitness-flohmarkt.ch\/fr\/wp-json\/wp\/v2\/product_tag?post=2444"}],"curies":[{"name":"wp","href":"https:\/\/api.w.org\/{rel}","templated":true}]}}