{"id":2431,"date":"2025-01-25T16:01:41","date_gmt":"2025-01-25T15:01:41","guid":{"rendered":"https:\/\/www2.fitness-flohmarkt.ch\/produkt\/mini-band-set-3-loops\/"},"modified":"2026-04-20T15:52:20","modified_gmt":"2026-04-20T13:52:20","slug":"mini-band-set-3-loops","status":"publish","type":"product","link":"https:\/\/www.fitness-flohmarkt.ch\/fr\/produkt\/mini-band-set-3-loops\/","title":{"rendered":"Mini Band Set | 3 Loops"},"content":{"rendered":"<h3 data-start=\"408\" data-end=\"878\">Set Mini Band Loops - bandes de fitness polyvalentes pour un entra\u00eenement cibl\u00e9 des cuisses et des jambes<\/h3>\n<p class=\"\" data-start=\"408\" data-end=\"878\">Le set Mini Band Loops est un outil d'entra\u00eenement polyvalent, sp\u00e9cialement con\u00e7u pour le bas du corps. Les bandes sont parfaitement adapt\u00e9es aux exercices qui d\u00e9veloppent \u00e0 la fois la force et la coordination. Gr\u00e2ce \u00e0 leur facilit\u00e9 d'utilisation, sans enroulements ni accessoires suppl\u00e9mentaires, elles peuvent \u00eatre utilis\u00e9es dans une multitude d'exercices qui renforcent \u00e0 la fois les muscles des cuisses et favorisent la mobilit\u00e9.<\/p>\n<p class=\"\" data-start=\"880\" data-end=\"928\">Le set se compose de trois niveaux de r\u00e9sistance :<\/p>\n<ul data-start=\"1016\" data-end=\"1081\">\n<li class=\"\" data-start=\"1016\" data-end=\"1035\">\n<p class=\"\" data-start=\"1018\" data-end=\"1035\"><strong data-start=\"1018\" data-end=\"1033\">L\u00e9ger (bleu)<\/strong><\/p>\n<\/li>\n<li class=\"\" data-start=\"1036\" data-end=\"1056\">\n<p class=\"\" data-start=\"1038\" data-end=\"1056\"><strong data-start=\"1038\" data-end=\"1054\">Moyen (rouge)<\/strong><\/p>\n<\/li>\n<li class=\"\" data-start=\"1057\" data-end=\"1081\">\n<p class=\"\" data-start=\"1059\" data-end=\"1081\"><strong data-start=\"1059\" data-end=\"1079\">Fort (noir)<\/strong><\/p>\n<\/li>\n<\/ul>\n<p class=\"\" data-start=\"1065\" data-end=\"1353\">Gr\u00e2ce aux trois niveaux de r\u00e9sistance, l'entra\u00eenement peut \u00eatre adapt\u00e9 de mani\u00e8re tr\u00e8s flexible aux besoins et aux progr\u00e8s de chacun. Les Mini Band Loops sont id\u00e9aux pour la tonification, le renforcement et aussi pour les exercices d'\u00e9chauffement avant des s\u00e9ances d'entra\u00eenement plus intensives, comme le Leg Day.<\/p>\n<p class=\"\" data-start=\"1355\" data-end=\"1724\">Le set est l\u00e9ger et compact, avec une largeur de 5 cm et une longueur de 25 cm, ce qui permet d'utiliser facilement les bandes dans le home gym tout en \u00e9tant pratique pour l'entra\u00eenement en d\u00e9placement. Ils prennent peu de place et se rangent facilement dans n'importe quel sac. Un outil d'entra\u00eenement indispensable pour tous les niveaux de fitness.<\/p>","protected":false},"excerpt":{"rendered":"<p>Set Mini Band Loops avec trois niveaux de r\u00e9sistance (bleu, rouge, noir) pour un entra\u00eenement efficace des muscles des jambes et de la coordination. Id\u00e9al pour les exercices de renforcement et de tonification cibl\u00e9s, les exercices d'\u00e9chauffement ou comme outil d'entra\u00eenement pratique \u00e0 la maison ou en d\u00e9placement.<\/p>","protected":false},"featured_media":56888,"comment_status":"open","ping_status":"closed","template":"","meta":{"_acf_changed":false,"_gspb_post_css":""},"product_brand":[1000],"product_cat":[319,821,343,822,304],"product_tag":[],"class_list":{"0":"post-2431","1":"product","2":"type-product","3":"status-publish","4":"has-post-thumbnail","6":"product_brand-fitcom","7":"product_cat-fitness-zubehoer","8":"product_cat-fitnessband","9":"product_cat-heimgebrauch","10":"product_cat-mobility-recovery","11":"product_cat-reha-physio","12":"pa_artikel-pro-verkaufseinheit-3x","13":"pa_breite-5-cm","14":"pa_dicke-0-4-mm","15":"pa_dicke-0-6-mm","16":"pa_dicke-1-3-mm","17":"pa_farbe-blau","18":"pa_farbe-rot","19":"pa_farbe-schwarz","20":"pa_fitnessbandtyp-mini-loop-band","21":"pa_gewicht-0-005-kg","22":"pa_laenge-25-cm","23":"pa_lieferumfang-3x-fitnessband","24":"pa_material-gummi","25":"pa_widerstand-leicht","26":"pa_widerstand-mittel","27":"pa_widerstand-stark","29":"first","30":"instock","31":"taxable","32":"shipping-taxable","33":"purchasable","34":"product-type-simple"},"bundled_by":[],"bundle_stock_status":"instock","bundle_stock_quantity":158,"bundle_virtual":false,"bundle_layout":"","bundle_add_to_cart_form_location":"","bundle_editable_in_cart":false,"bundle_sold_individually_context":"","bundle_item_grouping":"","bundle_min_size":"","bundle_max_size":"","bundle_price":[],"bundled_items":[],"bundle_sell_ids":[],"acf":[],"df_price":8,"df_sale_price":"","df_regular_price":8,"df_image_link":"https:\/\/www.fitness-flohmarkt.ch\/wp-content\/uploads\/F-12429_Mini-Band-Set-3-Loops_0-20250314-100420-300x300.jpg","_links":{"self":[{"href":"https:\/\/www.fitness-flohmarkt.ch\/fr\/wp-json\/wp\/v2\/product\/2431","targetHints":{"allow":["GET"]}}],"collection":[{"href":"https:\/\/www.fitness-flohmarkt.ch\/fr\/wp-json\/wp\/v2\/product"}],"about":[{"href":"https:\/\/www.fitness-flohmarkt.ch\/fr\/wp-json\/wp\/v2\/types\/product"}],"replies":[{"embeddable":true,"href":"https:\/\/www.fitness-flohmarkt.ch\/fr\/wp-json\/wp\/v2\/comments?post=2431"}],"wp:featuredmedia":[{"embeddable":true,"href":"https:\/\/www.fitness-flohmarkt.ch\/fr\/wp-json\/wp\/v2\/media\/56888"}],"wp:attachment":[{"href":"https:\/\/www.fitness-flohmarkt.ch\/fr\/wp-json\/wp\/v2\/media?parent=2431"}],"wp:term":[{"taxonomy":"product_brand","embeddable":true,"href":"https:\/\/www.fitness-flohmarkt.ch\/fr\/wp-json\/wp\/v2\/product_brand?post=2431"},{"taxonomy":"product_cat","embeddable":true,"href":"https:\/\/www.fitness-flohmarkt.ch\/fr\/wp-json\/wp\/v2\/product_cat?post=2431"},{"taxonomy":"product_tag","embeddable":true,"href":"https:\/\/www.fitness-flohmarkt.ch\/fr\/wp-json\/wp\/v2\/product_tag?post=2431"}],"curies":[{"name":"wp","href":"https:\/\/api.w.org\/{rel}","templated":true}]}}