{"id":2398,"date":"2025-01-25T16:01:26","date_gmt":"2025-01-25T15:01:26","guid":{"rendered":"https:\/\/www2.fitness-flohmarkt.ch\/produkt\/cast-iron-kettlebell-set-4-bis-12-kg\/"},"modified":"2026-05-12T05:16:12","modified_gmt":"2026-05-12T03:16:12","slug":"cast-iron-kettlebell-set-4-a-12-kg","status":"publish","type":"product","link":"https:\/\/www.fitness-flohmarkt.ch\/fr\/produkt\/cast-iron-kettlebell-set-4-bis-12-kg\/","title":{"rendered":"Set Cast Iron Kettlebell | 4 \u00e0 12 kg"},"content":{"rendered":"<h3>Set Kettlebell en fonte - Kettlebells robustes pour un entra\u00eenement fonctionnel efficace<\/h3>\n<p>Les Kettlebells se distinguent par leur excellente finition et leur excellent rapport qualit\u00e9-prix. Nos Kettlebells sont moul\u00e9s d'une seule pi\u00e8ce et ne pr\u00e9sentent pas de soudures sensibles, ce qui permet de les utiliser au mieux pour des exercices dynamiques. Gr\u00e2ce \u00e0 leur fabrication en fonte, les Kettlebells ont une dur\u00e9e de vie tr\u00e8s longue et sont pratiquement indestructibles. En m\u00eame temps, la gaine en caoutchouc assure un maniement s\u00fbr et doux pour l'utilisateur et le sol (sol\/surface d'entra\u00eenement). Gr\u00e2ce \u00e0 leur face inf\u00e9rieure aplatie, nos Kettlebells sont stables et s\u00fbrs.<\/p>\n<p>Points forts du set Kettlebell :<\/p>\n<ul>\n<li>Set de 3 pi\u00e8ces : 4 kg, 8 kg et 12 kg<\/li>\n<li>Fonte robuste<\/li>\n<li>Indication des kilogrammes sur le devant<\/li>\n<li>Face inf\u00e9rieure aplatie<\/li>\n<\/ul>\n<p>Les kettlebells sont des poids en forme de boule (halt\u00e8res \u00e0 boule), qui sont surtout utilis\u00e9s dans le CrossFitness et l'entra\u00eenement fonctionnel. Les kettlebells sont parfaites pour augmenter la force et la forme physique g\u00e9n\u00e9rale avec peu d'efforts - que ce soit \u00e0 la maison, au centre de fitness ou en d\u00e9placement.<\/p>\n<p>La diversit\u00e9 des exercices pour l'entra\u00eenement avec des kettlebells est \u00e9norme. Parmi les exercices les plus populaires, on trouve le Kettlebell Swing, le Snatch, le Deadlift, le Clean &amp; Press \/ Jerk, le Goblet Squat, le Single Arm Military Press, le Turkish Get-Up et bien d'autres encore.<\/p>","protected":false},"excerpt":{"rendered":"<p>Set de kettlebell en fonte : Kettlebells robustes pour le CrossFit et l'entra\u00eenement fonctionnel - set de 4 kg, 8 kg et 12 kg. Moul\u00e9es en une seule pi\u00e8ce, avec une face inf\u00e9rieure aplatie pour une bonne stabilit\u00e9 et une gaine en caoutchouc pour une manipulation en douceur.<\/p>","protected":false},"featured_media":37412,"comment_status":"open","ping_status":"closed","template":"","meta":{"_acf_changed":false,"_gspb_post_css":""},"product_brand":[1000],"product_cat":[818,299],"product_tag":[],"class_list":{"0":"post-2398","1":"product","2":"type-product","3":"status-publish","4":"has-post-thumbnail","6":"product_brand-fitcom","7":"product_cat-conditioning","8":"product_cat-kettlebells","9":"pa_anzahl-gewichte-3x","10":"pa_artikel-pro-verkaufseinheit-3x","11":"pa_farbe-schwarz","12":"pa_gewicht-12-kg","13":"pa_gewicht-4-kg","14":"pa_gewicht-8-kg","15":"pa_kernmaterial-gusseisen","16":"pa_kettlebelltyp-ketlebell-set","17":"pa_lieferumfang-3x-kettlebell","18":"pa_max-gewicht-12-kg","19":"pa_min-gewicht-4-kg","21":"first","22":"instock","23":"taxable","24":"shipping-taxable","25":"purchasable","26":"product-type-simple"},"bundled_by":[],"bundle_stock_status":"instock","bundle_stock_quantity":24,"bundle_virtual":false,"bundle_layout":"","bundle_add_to_cart_form_location":"","bundle_editable_in_cart":false,"bundle_sold_individually_context":"","bundle_item_grouping":"","bundle_min_size":"","bundle_max_size":"","bundle_price":[],"bundled_items":[],"bundle_sell_ids":[],"acf":[],"df_price":90,"df_sale_price":79,"df_regular_price":90,"df_image_link":"https:\/\/www.fitness-flohmarkt.ch\/wp-content\/uploads\/F-66957_Cast-Iron-Kettlebell-Set-4-bis-12-Kg_0-2-300x300.jpg","_links":{"self":[{"href":"https:\/\/www.fitness-flohmarkt.ch\/fr\/wp-json\/wp\/v2\/product\/2398","targetHints":{"allow":["GET"]}}],"collection":[{"href":"https:\/\/www.fitness-flohmarkt.ch\/fr\/wp-json\/wp\/v2\/product"}],"about":[{"href":"https:\/\/www.fitness-flohmarkt.ch\/fr\/wp-json\/wp\/v2\/types\/product"}],"replies":[{"embeddable":true,"href":"https:\/\/www.fitness-flohmarkt.ch\/fr\/wp-json\/wp\/v2\/comments?post=2398"}],"wp:featuredmedia":[{"embeddable":true,"href":"https:\/\/www.fitness-flohmarkt.ch\/fr\/wp-json\/wp\/v2\/media\/37412"}],"wp:attachment":[{"href":"https:\/\/www.fitness-flohmarkt.ch\/fr\/wp-json\/wp\/v2\/media?parent=2398"}],"wp:term":[{"taxonomy":"product_brand","embeddable":true,"href":"https:\/\/www.fitness-flohmarkt.ch\/fr\/wp-json\/wp\/v2\/product_brand?post=2398"},{"taxonomy":"product_cat","embeddable":true,"href":"https:\/\/www.fitness-flohmarkt.ch\/fr\/wp-json\/wp\/v2\/product_cat?post=2398"},{"taxonomy":"product_tag","embeddable":true,"href":"https:\/\/www.fitness-flohmarkt.ch\/fr\/wp-json\/wp\/v2\/product_tag?post=2398"}],"curies":[{"name":"wp","href":"https:\/\/api.w.org\/{rel}","templated":true}]}}