{"id":2320,"date":"2025-01-25T16:00:46","date_gmt":"2025-01-25T15:00:46","guid":{"rendered":"https:\/\/www2.fitness-flohmarkt.ch\/produkt\/spd-klickpedale-spinning-fuer-sw11450\/"},"modified":"2026-04-15T20:10:04","modified_gmt":"2026-04-15T18:10:04","slug":"pedales-a-clic-spd-spinning-pour-sw11450","status":"publish","type":"product","link":"https:\/\/www.fitness-flohmarkt.ch\/fr\/produkt\/spd-klickpedale-spinning-fuer-sw11450\/","title":{"rendered":"SPD P\u00e9dales \u00e0 clic Spinning | pour F-89824"},"content":{"rendered":"<h3>P\u00e9dales \u00e0 clic SPD - adapt\u00e9es au v\u00e9lo de spinning F-89824<\/h3>\n<p data-start=\"438\" data-end=\"716\">Ces p\u00e9dales \u00e0 clic SPD sp\u00e9cialement s\u00e9lectionn\u00e9es sont parfaitement adapt\u00e9es \u00e0 notre v\u00e9lo Fitcom Spinning. Elles offrent deux options : un c\u00f4t\u00e9 est \u00e9quip\u00e9 du syst\u00e8me clic SPD \u00e9prouv\u00e9, l'autre d'une cage \u00e0 p\u00e9dales pour une utilisation avec des chaussures de sport r\u00e9guli\u00e8res.<\/p>\n<p data-start=\"718\" data-end=\"965\">La conception stable assure un maintien s\u00fbr et une transmission efficace de la force - id\u00e9al pour un entra\u00eenement intensif avec une charge \u00e9lev\u00e9e.<\/p>\n<p data-start=\"967\" data-end=\"985\"><strong data-start=\"967\" data-end=\"985\">Caract\u00e9ristiques :<\/strong><\/p>\n<ul data-start=\"987\" data-end=\"1247\">\n<li data-start=\"987\" data-end=\"1035\">\n<p data-start=\"989\" data-end=\"1035\">Con\u00e7u pour le v\u00e9lo de spinning Fitcom<\/p>\n<\/li>\n<li data-start=\"1036\" data-end=\"1081\">\n<p data-start=\"1038\" data-end=\"1081\">C\u00f4t\u00e9 clic compatible avec le SPD + c\u00f4t\u00e9 bonnet<\/p>\n<\/li>\n<li data-start=\"1082\" data-end=\"1135\">\n<p data-start=\"1084\" data-end=\"1135\">Construction m\u00e9tallique robuste pour une grande capacit\u00e9 de charge<\/p>\n<\/li>\n<li data-start=\"1136\" data-end=\"1180\">\n<p data-start=\"1138\" data-end=\"1180\">duret\u00e9 de d\u00e9clenchement r\u00e9glable sur le syst\u00e8me de clic<\/p>\n<\/li>\n<li data-start=\"1181\" data-end=\"1226\">\n<p data-start=\"1183\" data-end=\"1226\">Un maintien s\u00fbr - avec ou sans chaussures \u00e0 clic<\/p>\n<\/li>\n<li data-start=\"1227\" data-end=\"1247\">\n<p data-start=\"1229\" data-end=\"1247\">Montage facile<\/p>\n<\/li>\n<\/ul>\n<p data-start=\"1249\" data-end=\"1425\" data-is-last-node=\"\" data-is-only-node=\"\"><strong>Remarque :<\/strong> Prix par paire. Ces p\u00e9dales sont exclusivement destin\u00e9es \u00e0 \u00eatre utilis\u00e9es avec le Fitcom Spinningbike F-56579. La pr\u00e9cision d'adaptation avec d'autres appareils ne peut pas \u00eatre garantie.<\/p>","protected":false},"excerpt":{"rendered":"<p>P\u00e9dales \u00e0 clic SPD parfaitement adapt\u00e9es \u00e0 notre v\u00e9lo Fitcom Spinning. Utilisables des deux c\u00f4t\u00e9s avec des chaussures \u00e0 clic ou des chaussures de sport. Pour un maintien s\u00fbr, une transmission efficace de la force et un entra\u00eenement intensif - adapt\u00e9es \u00e0 notre v\u00e9lo.<\/p>","protected":false},"featured_media":9063411,"comment_status":"open","ping_status":"closed","template":"","meta":{"_acf_changed":false,"_gspb_post_css":""},"product_brand":[1000],"product_cat":[319,311],"product_tag":[],"class_list":{"0":"post-2320","1":"product","2":"type-product","3":"status-publish","4":"has-post-thumbnail","6":"product_brand-fitcom","7":"product_cat-fitness-zubehoer","8":"product_cat-spinningbikes","9":"pa_farbe-schwarz","11":"first","12":"instock","13":"taxable","14":"shipping-taxable","15":"purchasable","16":"product-type-simple"},"bundled_by":[],"bundle_stock_status":"instock","bundle_stock_quantity":4,"bundle_virtual":false,"bundle_layout":"","bundle_add_to_cart_form_location":"","bundle_editable_in_cart":false,"bundle_sold_individually_context":"","bundle_item_grouping":"","bundle_min_size":"","bundle_max_size":"","bundle_price":[],"bundled_items":[],"bundle_sell_ids":[],"acf":[],"df_price":49,"df_sale_price":"","df_regular_price":49,"df_image_link":"https:\/\/www.fitness-flohmarkt.ch\/wp-content\/uploads\/F-56579_SPD-Klickpedale-Spinning-fuer-SW11450_0-20260323-133111-300x300.jpg","_links":{"self":[{"href":"https:\/\/www.fitness-flohmarkt.ch\/fr\/wp-json\/wp\/v2\/product\/2320","targetHints":{"allow":["GET"]}}],"collection":[{"href":"https:\/\/www.fitness-flohmarkt.ch\/fr\/wp-json\/wp\/v2\/product"}],"about":[{"href":"https:\/\/www.fitness-flohmarkt.ch\/fr\/wp-json\/wp\/v2\/types\/product"}],"replies":[{"embeddable":true,"href":"https:\/\/www.fitness-flohmarkt.ch\/fr\/wp-json\/wp\/v2\/comments?post=2320"}],"wp:featuredmedia":[{"embeddable":true,"href":"https:\/\/www.fitness-flohmarkt.ch\/fr\/wp-json\/wp\/v2\/media\/9063411"}],"wp:attachment":[{"href":"https:\/\/www.fitness-flohmarkt.ch\/fr\/wp-json\/wp\/v2\/media?parent=2320"}],"wp:term":[{"taxonomy":"product_brand","embeddable":true,"href":"https:\/\/www.fitness-flohmarkt.ch\/fr\/wp-json\/wp\/v2\/product_brand?post=2320"},{"taxonomy":"product_cat","embeddable":true,"href":"https:\/\/www.fitness-flohmarkt.ch\/fr\/wp-json\/wp\/v2\/product_cat?post=2320"},{"taxonomy":"product_tag","embeddable":true,"href":"https:\/\/www.fitness-flohmarkt.ch\/fr\/wp-json\/wp\/v2\/product_tag?post=2320"}],"curies":[{"name":"wp","href":"https:\/\/api.w.org\/{rel}","templated":true}]}}