{"id":23136,"date":"2025-02-11T10:35:49","date_gmt":"2025-02-11T09:35:49","guid":{"rendered":"https:\/\/www2.fitness-flohmarkt.ch\/produkt\/new-style-point-storage\/"},"modified":"2026-04-13T10:15:21","modified_gmt":"2026-04-13T08:15:21","slug":"nouveau-style-de-stockage-de-points","status":"publish","type":"product","link":"https:\/\/www.fitness-flohmarkt.ch\/fr\/produkt\/new-style-point-storage\/","title":{"rendered":"Pin de poids support de disque | Accessoires Power Rack"},"content":{"rendered":"<h3 data-start=\"223\" data-end=\"314\"><strong data-start=\"223\" data-end=\"314\">Rangement pour disques Gewichtspin - solution peu encombrante pour stocker les disques d'halt\u00e8res de 50 mm<\/strong><\/h3>\n<p data-start=\"317\" data-end=\"606\">Le support pour disques de poids (Weight Plate Pins) est un accessoire pratique pour nos Power Racks avec un trou de r\u00e9ception de 26 mm et un diam\u00e8tre de poteau entre 7 et 8 cm. Il permet de ranger les disques d'halt\u00e8res avec un trou de 50 mm de mani\u00e8re structur\u00e9e et \u00e0 port\u00e9e de main, directement sur l'appareil d'entra\u00eenement.<\/p>\n<p data-start=\"608\" data-end=\"909\">Le support de disque robuste de 50 mm est chrom\u00e9 mat et offre une surface de rangement stable pour les disques d'halt\u00e8res avec un al\u00e9sage standard. Avec une longueur de rangement utilisable d'environ 22,5 cm, le pin de poids offre suffisamment de place pour plusieurs disques.<\/p>\n<p data-start=\"911\" data-end=\"1127\">De plus, le logement est \u00e9galement adapt\u00e9 au stockage d'accessoires avec un logement de 50 mm, comme les poign\u00e9es de rame, les cha\u00eenes power ou les bouchons d'halt\u00e8res. Une solution compacte et fonctionnelle pour plus d'ordre dans l'espace d'entra\u00eenement.<\/p>\n<p><strong data-start=\"640\" data-end=\"675\">Compatible avec les racks suivants :<\/strong><\/p>\n<ul>\n<li>F-55936 - Power Rack Professional (\u00e0 partir de l'ann\u00e9e 2023)<\/li>\n<li>F-42718 - Rack d'alimentation pliable<\/li>\n<li>F-28587 - Demi-rack ouvert<\/li>\n<\/ul>\n<p>&nbsp;<\/p>","protected":false},"excerpt":{"rendered":"<p>Rangement pour disques Gewichtspin avec r\u00e9ception de 50 mm - id\u00e9al pour stocker les disques d'halt\u00e8res directement sur le rack. Convient aux racks avec un per\u00e7age de 26 mm et un diam\u00e8tre de poteau de 7-8 cm. Avec tampons de but\u00e9e et mat\u00e9riel de fixation.<\/p>","protected":false},"featured_media":9064394,"comment_status":"open","ping_status":"closed","template":"","meta":{"_acf_changed":false,"_gspb_post_css":""},"product_brand":[1000],"product_cat":[950],"product_tag":[],"class_list":{"0":"post-23136","1":"product","2":"type-product","3":"status-publish","4":"has-post-thumbnail","6":"product_brand-fitcom","7":"product_cat-rr-zubehoer","8":"pa_artikel-pro-verkaufseinheit-1x","9":"pa_durchmesser-50-mm","10":"pa_farbe-chrom","11":"pa_fitness-zubehoertyp-rack-attachment","12":"pa_kernmaterial-stahl","13":"pa_lieferumfang-1x-rack-halterung","14":"pa_max-belastung-100-kg","15":"pa_oberflaeche-chrom","16":"pa_verstellbar-nein","18":"first","19":"outofstock","20":"taxable","21":"shipping-taxable","22":"purchasable","23":"product-type-simple"},"bundled_by":[],"bundle_stock_status":"outofstock","bundle_stock_quantity":-14,"bundle_virtual":false,"bundle_layout":"","bundle_add_to_cart_form_location":"","bundle_editable_in_cart":false,"bundle_sold_individually_context":"","bundle_item_grouping":"","bundle_min_size":"","bundle_max_size":"","bundle_price":[],"bundled_items":[],"bundle_sell_ids":[],"acf":[],"df_price":35,"df_sale_price":"","df_regular_price":35,"df_image_link":"https:\/\/www.fitness-flohmarkt.ch\/wp-content\/uploads\/30-300x300.avif","_links":{"self":[{"href":"https:\/\/www.fitness-flohmarkt.ch\/fr\/wp-json\/wp\/v2\/product\/23136","targetHints":{"allow":["GET"]}}],"collection":[{"href":"https:\/\/www.fitness-flohmarkt.ch\/fr\/wp-json\/wp\/v2\/product"}],"about":[{"href":"https:\/\/www.fitness-flohmarkt.ch\/fr\/wp-json\/wp\/v2\/types\/product"}],"replies":[{"embeddable":true,"href":"https:\/\/www.fitness-flohmarkt.ch\/fr\/wp-json\/wp\/v2\/comments?post=23136"}],"wp:featuredmedia":[{"embeddable":true,"href":"https:\/\/www.fitness-flohmarkt.ch\/fr\/wp-json\/wp\/v2\/media\/9064394"}],"wp:attachment":[{"href":"https:\/\/www.fitness-flohmarkt.ch\/fr\/wp-json\/wp\/v2\/media?parent=23136"}],"wp:term":[{"taxonomy":"product_brand","embeddable":true,"href":"https:\/\/www.fitness-flohmarkt.ch\/fr\/wp-json\/wp\/v2\/product_brand?post=23136"},{"taxonomy":"product_cat","embeddable":true,"href":"https:\/\/www.fitness-flohmarkt.ch\/fr\/wp-json\/wp\/v2\/product_cat?post=23136"},{"taxonomy":"product_tag","embeddable":true,"href":"https:\/\/www.fitness-flohmarkt.ch\/fr\/wp-json\/wp\/v2\/product_tag?post=23136"}],"curies":[{"name":"wp","href":"https:\/\/api.w.org\/{rel}","templated":true}]}}