{"id":2306,"date":"2025-01-25T16:00:34","date_gmt":"2025-01-25T15:00:34","guid":{"rendered":"https:\/\/www2.fitness-flohmarkt.ch\/produkt\/atx-super-sz-fat-bar-50mm-curl-stange\/"},"modified":"2026-03-01T23:16:18","modified_gmt":"2026-03-01T22:16:18","slug":"atx-super-sz-fat-bar-barre-curl-50mm","status":"publish","type":"product","link":"https:\/\/www.fitness-flohmarkt.ch\/fr\/produkt\/atx-super-sz-fat-bar-50mm-curl-stange\/","title":{"rendered":"ATX Super SZ FAT Bar 50mm | Barre Curl"},"content":{"rendered":"<h3>ATX\u00ae Super SZ-Fat Bar \u00d8 50 mm - pour un entra\u00eenement maximal des bras et de la force de pr\u00e9hension<\/h3>\n<p>Super SZ- Fat Bar - pour un entra\u00eenement extr\u00eame des muscles des bras\/avant-bras et de la force de pr\u00e9hension.<\/p>\n<p>Avec un diam\u00e8tre de poign\u00e9e de 50 mm, cette barre Fat Bar met \u00e0 l'\u00e9preuve la force de pr\u00e9hension pendant l'entra\u00eenement. Si tu veux d\u00e9velopper tes avant-bras et ta force de pr\u00e9hension, cette barre sp\u00e9ciale est faite pour toi. Fabriqu\u00e9e en tube d'acier de \u00d8 50 mm avec une peinture noire satin\u00e9e, cette barre est compatible avec tous les disques d'halt\u00e8res et bouchons 50 mm disponibles dans le commerce.<\/p>\n<p>Id\u00e9al pour les curls des biceps, les curls invers\u00e9s des biceps, le d\u00e9velopp\u00e9 couch\u00e9 des triceps ou le fron pour les muscles des \u00e9paules et des trap\u00e8zes.<\/p>\n<p><strong>En un coup d'\u0153il :<\/strong><\/p>\n<ul type=\"disc\">\n<li>Fabriqu\u00e9 en tube d'acier<\/li>\n<li>Diam\u00e8tre de la poign\u00e9e : \u00d8 50 mm<\/li>\n<li>r\u00e9ception des disques d'halt\u00e8res : \u00d8 50 mm<\/li>\n<li>Peinture - noire<\/li>\n<li>peut supporter de lourdes charges - jusqu'\u00e0 200 kg<\/li>\n<\/ul>","protected":false},"excerpt":{"rendered":"<p>La barre ATX\u00ae Super SZ-Fat Bar avec un diam\u00e8tre de poign\u00e9e de 50 mm est id\u00e9ale pour un entra\u00eenement intensif des avant-bras, des biceps et de la force de pr\u00e9hension. Elle est parfaite pour les curls, les reverse curls et le triceps press. En tube d'acier massif, laqu\u00e9 noir, compatible avec des disques d'halt\u00e8res de 50 mm, supporte jusqu'\u00e0 200 kg.<\/p>","protected":false},"featured_media":9048536,"comment_status":"open","ping_status":"closed","template":"","meta":{"_acf_changed":false,"_gspb_post_css":""},"product_brand":[1039],"product_cat":[839],"product_tag":[],"class_list":{"0":"post-2306","1":"product","2":"type-product","3":"status-publish","4":"has-post-thumbnail","6":"product_brand-atx","7":"product_cat-50mm-hantelstangen","8":"product_shipping_class-hantelstange","9":"pa_abwurffaehig-nein","10":"pa_artikel-pro-verkaufseinheit-1x","11":"pa_durchmesser-50-mm","12":"pa_farbe-schwarz","13":"pa_gewicht-3-5-kg","14":"pa_griffdurchmesser-50-mm","15":"pa_griffinnenmass-32-cm","16":"pa_griffumfang-157-mm","17":"pa_griffweitenmarkierung-nein","18":"pa_hantelstangentyp-curl-hantelstange","19":"pa_hantelverschluss-keine","20":"pa_laenge-120-cm","21":"pa_lieferumfang-1x-hantelstange","22":"pa_material-stahl-pulverbeschichtet","23":"pa_max-belastung-200-kg","25":"first","26":"outofstock","27":"taxable","28":"shipping-taxable","29":"purchasable","30":"product-type-simple"},"bundled_by":[],"bundle_stock_status":"outofstock","bundle_stock_quantity":0,"bundle_virtual":false,"bundle_layout":"","bundle_add_to_cart_form_location":"","bundle_editable_in_cart":false,"bundle_sold_individually_context":"","bundle_item_grouping":"","bundle_min_size":"","bundle_max_size":"","bundle_price":[],"bundled_items":[],"bundle_sell_ids":[],"acf":[],"df_price":65,"df_sale_price":"","df_regular_price":65,"df_image_link":"https:\/\/www.fitness-flohmarkt.ch\/wp-content\/uploads\/F-75978_ATX-Super-SZ-FAT-Bar-50mm-Curl-Stange_0-20251006-125834-300x300.jpg","_links":{"self":[{"href":"https:\/\/www.fitness-flohmarkt.ch\/fr\/wp-json\/wp\/v2\/product\/2306","targetHints":{"allow":["GET"]}}],"collection":[{"href":"https:\/\/www.fitness-flohmarkt.ch\/fr\/wp-json\/wp\/v2\/product"}],"about":[{"href":"https:\/\/www.fitness-flohmarkt.ch\/fr\/wp-json\/wp\/v2\/types\/product"}],"replies":[{"embeddable":true,"href":"https:\/\/www.fitness-flohmarkt.ch\/fr\/wp-json\/wp\/v2\/comments?post=2306"}],"wp:featuredmedia":[{"embeddable":true,"href":"https:\/\/www.fitness-flohmarkt.ch\/fr\/wp-json\/wp\/v2\/media\/9048536"}],"wp:attachment":[{"href":"https:\/\/www.fitness-flohmarkt.ch\/fr\/wp-json\/wp\/v2\/media?parent=2306"}],"wp:term":[{"taxonomy":"product_brand","embeddable":true,"href":"https:\/\/www.fitness-flohmarkt.ch\/fr\/wp-json\/wp\/v2\/product_brand?post=2306"},{"taxonomy":"product_cat","embeddable":true,"href":"https:\/\/www.fitness-flohmarkt.ch\/fr\/wp-json\/wp\/v2\/product_cat?post=2306"},{"taxonomy":"product_tag","embeddable":true,"href":"https:\/\/www.fitness-flohmarkt.ch\/fr\/wp-json\/wp\/v2\/product_tag?post=2306"}],"curies":[{"name":"wp","href":"https:\/\/api.w.org\/{rel}","templated":true}]}}