{"id":22966,"date":"2025-02-11T10:34:26","date_gmt":"2025-02-11T09:34:26","guid":{"rendered":"https:\/\/www2.fitness-flohmarkt.ch\/produkt\/hanger-for-new-yoga-mat\/"},"modified":"2026-04-13T10:05:22","modified_gmt":"2026-04-13T08:05:22","slug":"support-de-tapis-mural-support-de-tapis-de-gymnastique","status":"publish","type":"product","link":"https:\/\/www.fitness-flohmarkt.ch\/fr\/produkt\/mattenhalter-wandmontage-staender-gymnastikmatte\/","title":{"rendered":"Support de tapis pour montage mural | Support pour tapis de gymnastique"},"content":{"rendered":"<h3 class=\"\" data-start=\"142\" data-end=\"230\"><strong data-start=\"146\" data-end=\"230\">Support de tapis mural - solution de rangement peu encombrante pour les tapis d'entra\u00eenement<\/strong><\/h3>\n<p class=\"\" data-start=\"232\" data-end=\"595\">La suspension murale pour tapis de gymnastique met de l'ordre dans la salle d'entra\u00eenement et permet une utilisation efficace de l'espace. Le support est fabriqu\u00e9 en acier robuste rev\u00eatu par poudre et se fixe facilement au mur. Les deux bras de suspension r\u00e9glables conviennent aux tapis avec des \u0153illets de diff\u00e9rentes largeurs et assurent un rangement s\u00fbr et ordonn\u00e9.<\/p>\n<p class=\"\" data-start=\"597\" data-end=\"824\">La capacit\u00e9 est de 10 \u00e0 20 pi\u00e8ces selon l'\u00e9paisseur des tapis. Les crochets offrent une surface d'appui droite de 22 cm de profondeur. La construction simple et fonctionnelle est id\u00e9ale pour une utilisation dans les salles de sport ou autres zones d'entra\u00eenement.<\/p>\n<p data-start=\"597\" data-end=\"824\"><strong>Remarque :<\/strong> Vis et tapis non inclus dans la livraison.<\/p>","protected":false},"excerpt":{"rendered":"<p>Support de tapis stable pour montage mural en acier rev\u00eatu par poudre. Suspension r\u00e9glable pour tapis de gymnastique avec \u0153illets. Offre de la place pour 10 \u00e0 20 tapis, en fonction de leur \u00e9paisseur. Dimensions : 65 \u00d7 6 cm.<\/p>","protected":false},"featured_media":55932,"comment_status":"open","ping_status":"closed","template":"","meta":{"_acf_changed":false,"_gspb_post_css":""},"product_brand":[],"product_cat":[814],"product_tag":[],"class_list":{"0":"post-22966","1":"product","2":"type-product","3":"status-publish","4":"has-post-thumbnail","6":"product_cat-yogamatte","7":"pa_artikel-pro-verkaufseinheit-1x","8":"pa_breite-65-cm","9":"pa_farbe-schwarz","10":"pa_fitness-zubehoertyp-wand-und-deckenhalterung","11":"pa_hoehe-6-cm","12":"pa_lieferumfang-1x-mattenhalter","13":"pa_material-stahl-pulverbeschichtet","14":"pa_verstellbar-ja","16":"first","17":"instock","18":"taxable","19":"shipping-taxable","20":"purchasable","21":"product-type-simple"},"bundled_by":[],"bundle_stock_status":"instock","bundle_stock_quantity":45,"bundle_virtual":false,"bundle_layout":"","bundle_add_to_cart_form_location":"","bundle_editable_in_cart":false,"bundle_sold_individually_context":"","bundle_item_grouping":"","bundle_min_size":"","bundle_max_size":"","bundle_price":[],"bundled_items":[],"bundle_sell_ids":[],"acf":[],"df_price":19,"df_sale_price":"","df_regular_price":19,"df_image_link":"https:\/\/www.fitness-flohmarkt.ch\/wp-content\/uploads\/Mattenhalter-Wandmontage-1-scaled-1-20250314-095153-300x300.jpg","_links":{"self":[{"href":"https:\/\/www.fitness-flohmarkt.ch\/fr\/wp-json\/wp\/v2\/product\/22966","targetHints":{"allow":["GET"]}}],"collection":[{"href":"https:\/\/www.fitness-flohmarkt.ch\/fr\/wp-json\/wp\/v2\/product"}],"about":[{"href":"https:\/\/www.fitness-flohmarkt.ch\/fr\/wp-json\/wp\/v2\/types\/product"}],"replies":[{"embeddable":true,"href":"https:\/\/www.fitness-flohmarkt.ch\/fr\/wp-json\/wp\/v2\/comments?post=22966"}],"wp:featuredmedia":[{"embeddable":true,"href":"https:\/\/www.fitness-flohmarkt.ch\/fr\/wp-json\/wp\/v2\/media\/55932"}],"wp:attachment":[{"href":"https:\/\/www.fitness-flohmarkt.ch\/fr\/wp-json\/wp\/v2\/media?parent=22966"}],"wp:term":[{"taxonomy":"product_brand","embeddable":true,"href":"https:\/\/www.fitness-flohmarkt.ch\/fr\/wp-json\/wp\/v2\/product_brand?post=22966"},{"taxonomy":"product_cat","embeddable":true,"href":"https:\/\/www.fitness-flohmarkt.ch\/fr\/wp-json\/wp\/v2\/product_cat?post=22966"},{"taxonomy":"product_tag","embeddable":true,"href":"https:\/\/www.fitness-flohmarkt.ch\/fr\/wp-json\/wp\/v2\/product_tag?post=22966"}],"curies":[{"name":"wp","href":"https:\/\/api.w.org\/{rel}","templated":true}]}}