{"id":22630,"date":"2025-02-11T10:31:49","date_gmt":"2025-02-11T09:31:49","guid":{"rendered":"https:\/\/www2.fitness-flohmarkt.ch\/?post_type=product&#038;p=22630"},"modified":"2026-03-24T21:10:17","modified_gmt":"2026-03-24T20:10:17","slug":"plaques-de-pompe-a-corps-aerobic","status":"publish","type":"product","link":"https:\/\/www.fitness-flohmarkt.ch\/fr\/produkt\/aerobic-body-pump-plates\/","title":{"rendered":"Urethane Pump Plates | Disques d'halt\u00e8res a\u00e9robic"},"content":{"rendered":"<h3 data-start=\"368\" data-end=\"455\"><strong data-start=\"368\" data-end=\"455\">Body Pump Plates - Disques d'halt\u00e8res robustes en polyur\u00e9thane pour un entra\u00eenement polyvalent<\/strong><\/h3>\n<p data-start=\"457\" data-end=\"754\">Les plaques Body Pump sont fabriqu\u00e9es en polyur\u00e9thane r\u00e9sistant et inodore et sont con\u00e7ues pour \u00eatre utilis\u00e9es dans les salles de sport, les cours ou la gym \u00e0 domicile. La surface r\u00e9sistante et le mat\u00e9riau de haute qualit\u00e9 rendent les disques particuli\u00e8rement durables - m\u00eame en cas d'utilisation r\u00e9guli\u00e8re.<\/p>\n<p data-start=\"756\" data-end=\"1113\">Gr\u00e2ce aux ouvertures int\u00e9gr\u00e9es pour les poign\u00e9es, les plaques peuvent non seulement \u00eatre mont\u00e9es rapidement et en toute s\u00e9curit\u00e9 sur des barres d'halt\u00e8res de 28 mm de diam\u00e8tre, mais aussi \u00eatre utilis\u00e9es individuellement pour des exercices fonctionnels comme les Russian Twists, les Side Raises ou les Overhead Lunges. La forme bien pens\u00e9e favorise une manipulation s\u00fbre et un changement rapide pendant l'entra\u00eenement.<\/p>\n<p data-start=\"756\" data-end=\"1113\"><strong>Remarque :<\/strong> Prix par pi\u00e8ce ! Les plaques de pompage ne sont PAS adapt\u00e9es aux barres d'halt\u00e8res de 30 mm. Il faut utiliser la barre d'halt\u00e8res Body Pump correspondante !<\/p>","protected":false},"excerpt":{"rendered":"<p>Body Pump Plates en polyur\u00e9thane robuste et inodore - id\u00e9al pour l'entra\u00eenement fonctionnel et le fitness en groupe. Avec des ouvertures de prise pratiques pour une manipulation s\u00fbre et une utilisation polyvalente. Disques disponibles en 1,25, 2,5 et 5 kg.<\/p>","protected":false},"featured_media":9027168,"comment_status":"closed","ping_status":"closed","template":"","meta":{"_acf_changed":false,"_gspb_post_css":""},"product_brand":[1000],"product_cat":[343,304,817],"product_tag":[],"class_list":{"0":"post-22630","1":"product","2":"type-product","3":"status-publish","4":"has-post-thumbnail","6":"product_brand-fitcom","7":"product_cat-heimgebrauch","8":"product_cat-reha-physio","9":"product_cat-zusatzgewicht","10":"pa_abwurffaehig-nein","11":"pa_anzahl-gewichte-1x","12":"pa_artikel-pro-verkaufseinheit-1x","13":"pa_dicke-25-mm","14":"pa_dicke-35-mm","15":"pa_dicke-45-mm","16":"pa_durchmesser-15-5-cm","17":"pa_durchmesser-18-5-cm","18":"pa_durchmesser-21-5-cm","19":"pa_farbe-schwarz","20":"pa_gewicht-1-25-kg","21":"pa_gewicht-2-5-kg","22":"pa_gewicht-5-kg","23":"pa_kernmaterial-urethan","24":"pa_lieferumfang-1x-hantelscheibe","25":"pa_lochdurchmesser-28-mm","26":"pa_materialhaerte-shore-a-90","27":"pa_oberflaeche-kunststoff","28":"pa_scheibengewichtstyp-body-pump-plate","30":"first","31":"instock","32":"taxable","33":"shipping-taxable","34":"purchasable","35":"product-type-variable"},"bundled_by":[],"bundle_stock_status":"instock","bundle_stock_quantity":null,"bundle_virtual":false,"bundle_layout":"","bundle_add_to_cart_form_location":"","bundle_editable_in_cart":false,"bundle_sold_individually_context":"","bundle_item_grouping":"","bundle_min_size":"","bundle_max_size":"","bundle_price":[],"bundled_items":[],"bundle_sell_ids":[],"acf":[],"df_price":5,"df_sale_price":"","df_regular_price":5,"df_image_link":"https:\/\/www.fitness-flohmarkt.ch\/wp-content\/uploads\/Hantel_Set_3-1-300x300.png","_links":{"self":[{"href":"https:\/\/www.fitness-flohmarkt.ch\/fr\/wp-json\/wp\/v2\/product\/22630","targetHints":{"allow":["GET"]}}],"collection":[{"href":"https:\/\/www.fitness-flohmarkt.ch\/fr\/wp-json\/wp\/v2\/product"}],"about":[{"href":"https:\/\/www.fitness-flohmarkt.ch\/fr\/wp-json\/wp\/v2\/types\/product"}],"replies":[{"embeddable":true,"href":"https:\/\/www.fitness-flohmarkt.ch\/fr\/wp-json\/wp\/v2\/comments?post=22630"}],"wp:featuredmedia":[{"embeddable":true,"href":"https:\/\/www.fitness-flohmarkt.ch\/fr\/wp-json\/wp\/v2\/media\/9027168"}],"wp:attachment":[{"href":"https:\/\/www.fitness-flohmarkt.ch\/fr\/wp-json\/wp\/v2\/media?parent=22630"}],"wp:term":[{"taxonomy":"product_brand","embeddable":true,"href":"https:\/\/www.fitness-flohmarkt.ch\/fr\/wp-json\/wp\/v2\/product_brand?post=22630"},{"taxonomy":"product_cat","embeddable":true,"href":"https:\/\/www.fitness-flohmarkt.ch\/fr\/wp-json\/wp\/v2\/product_cat?post=22630"},{"taxonomy":"product_tag","embeddable":true,"href":"https:\/\/www.fitness-flohmarkt.ch\/fr\/wp-json\/wp\/v2\/product_tag?post=22630"}],"curies":[{"name":"wp","href":"https:\/\/api.w.org\/{rel}","templated":true}]}}