{"id":2246,"date":"2025-01-25T15:59:52","date_gmt":"2025-01-25T14:59:52","guid":{"rendered":"https:\/\/www2.fitness-flohmarkt.ch\/produkt\/cast-iron-kettlebell-set-4-bis-32-kg\/"},"modified":"2025-12-04T17:54:39","modified_gmt":"2025-12-04T16:54:39","slug":"cast-iron-kettlebell-set-4-a-32-kg","status":"publish","type":"product","link":"https:\/\/www.fitness-flohmarkt.ch\/fr\/produkt\/cast-iron-kettlebell-set-4-bis-32-kg\/","title":{"rendered":"Set Cast Iron Kettlebell | 4 \u00e0 32 kg"},"content":{"rendered":"<h3>Set de kettlebell en fonte - Kettlebells robustes pour un CrossFit et un entra\u00eenement fonctionnel efficaces<\/h3>\n<p>Kettlebell en fonte. Les kettlebells se distinguent par une excellente finition et le meilleur rapport qualit\u00e9-prix. Nos kettlebells sont moul\u00e9s d'une seule pi\u00e8ce et n'ont pas de soudures sensibles, ce qui les rend parfaits pour les exercices dynamiques. Gr\u00e2ce \u00e0 la fabrication en fonte, les Kettlebells ont une tr\u00e8s longue dur\u00e9e de vie et sont pratiquement indestructibles. Gr\u00e2ce \u00e0 leur face inf\u00e9rieure aplatie, nos kettlebells sont stables et s\u00fbrs.<\/p>\n<p>Points forts du set Kettlebell :<\/p>\n<ul>\n<li>Set de 8 pi\u00e8ces<\/li>\n<li>Fonte robuste<\/li>\n<li>Indication des kilogrammes sur le devant<\/li>\n<li>Face inf\u00e9rieure aplatie<\/li>\n<\/ul>\n<p>Les kettlebells sont des poids en forme de boule (halt\u00e8res \u00e0 boule), qui sont surtout utilis\u00e9s dans le CrossFitness et l'entra\u00eenement fonctionnel. Les kettlebells sont parfaites pour augmenter la force et la forme physique g\u00e9n\u00e9rale avec peu d'efforts - que ce soit \u00e0 la maison, au centre de fitness ou en d\u00e9placement.<\/p>\n<p>La diversit\u00e9 des exercices pour l'entra\u00eenement avec des kettlebells est \u00e9norme. Parmi les exercices les plus populaires, on trouve le Kettlebell Swing, le Snatch, le Deadlift, le Clean &amp; Press \/ Jerk, le Goblet Squat, le Single Arm Military Press, le Turkish Get-Up et bien d'autres encore.<\/p>","protected":false},"excerpt":{"rendered":"<p>Set de kettlebell en fonte : Kettlebells de haute qualit\u00e9 pour un entra\u00eenement dynamique - set de diff\u00e9rents poids. Moul\u00e9es d'une seule pi\u00e8ce, avec une face inf\u00e9rieure aplatie pour une bonne stabilit\u00e9 et une gaine en caoutchouc pour une manipulation s\u00fbre.<\/p>","protected":false},"featured_media":56824,"comment_status":"open","ping_status":"closed","template":"","meta":{"_acf_changed":false,"_gspb_post_css":""},"product_brand":[1000],"product_cat":[818,299],"product_tag":[],"class_list":{"0":"post-2246","1":"product","2":"type-product","3":"status-publish","4":"has-post-thumbnail","6":"product_brand-fitcom","7":"product_cat-conditioning","8":"product_cat-kettlebells","9":"pa_anzahl-gewichte-8x","10":"pa_artikel-pro-verkaufseinheit-8x","11":"pa_farbe-schwarz","12":"pa_gewicht-12-kg","13":"pa_gewicht-16-kg","14":"pa_gewicht-20-kg","15":"pa_gewicht-24-kg","16":"pa_gewicht-28-kg","17":"pa_gewicht-32-kg","18":"pa_gewicht-4-kg","19":"pa_gewicht-8-kg","20":"pa_kernmaterial-gusseisen","21":"pa_kettlebelltyp-ketlebell-set","22":"pa_lieferumfang-8x-kettlebell","23":"pa_max-gewicht-32-kg","24":"pa_min-gewicht-4-kg","25":"pa_verstellbar-nein","27":"first","28":"instock","29":"virtual","30":"taxable","31":"purchasable","32":"product-type-bundle"},"bundled_by":[],"bundle_stock_status":"insufficientstock","bundle_stock_quantity":0,"bundle_virtual":false,"bundle_layout":"default","bundle_add_to_cart_form_location":"default","bundle_editable_in_cart":false,"bundle_sold_individually_context":"product","bundle_item_grouping":"parent","bundle_min_size":"","bundle_max_size":"","bundle_price":{"price":{"min":{"incl_tax":"545","excl_tax":"504.162812"},"max":{"incl_tax":"545","excl_tax":"504.162812"}},"regular_price":{"min":{"incl_tax":"545","excl_tax":"504.162812"},"max":{"incl_tax":"545","excl_tax":"504.162812"}}},"bundled_items":[{"bundled_item_id":847,"product_id":4631,"menu_order":0,"quantity_min":1,"quantity_max":1,"quantity_default":1,"priced_individually":false,"shipped_individually":false,"override_title":false,"title":"Kettlebell Cast Iron","override_description":false,"description":"","optional":false,"hide_thumbnail":false,"discount":"","override_variations":true,"allowed_variations":[16623],"override_default_variation_attributes":true,"default_variation_attributes":[{"id":6,"name":"Poids","option":"4-kg"},{"id":4,"name":"Largeur","option":"14-cm"},{"id":8,"name":"Hauteur","option":"16-5-cm"},{"id":14,"name":"Diam\u00e8tre","option":"9-cm"},{"id":21,"name":"Diam\u00e8tre de la poign\u00e9e","option":"29-mm"},{"id":91,"name":"Circonf\u00e9rence de la poign\u00e9e","option":"91-mm"}],"single_product_visibility":"hidden","cart_visibility":"hidden","order_visibility":"hidden","single_product_price_visibility":"visible","cart_price_visibility":"visible","order_price_visibility":"visible","stock_status":"in_stock"},{"bundled_item_id":848,"product_id":4631,"menu_order":1,"quantity_min":1,"quantity_max":1,"quantity_default":1,"priced_individually":false,"shipped_individually":false,"override_title":false,"title":"Kettlebell Cast Iron","override_description":false,"description":"","optional":false,"hide_thumbnail":false,"discount":"","override_variations":true,"allowed_variations":[16610],"override_default_variation_attributes":true,"default_variation_attributes":[{"id":6,"name":"Poids","option":"8-kg"},{"id":4,"name":"Largeur","option":"16-5-cm"},{"id":8,"name":"Hauteur","option":"19-5-cm"},{"id":14,"name":"Diam\u00e8tre","option":"12-cm"},{"id":21,"name":"Diam\u00e8tre de la poign\u00e9e","option":"33-mm"},{"id":91,"name":"Circonf\u00e9rence de la poign\u00e9e","option":"104-mm"}],"single_product_visibility":"hidden","cart_visibility":"hidden","order_visibility":"hidden","single_product_price_visibility":"visible","cart_price_visibility":"visible","order_price_visibility":"visible","stock_status":"in_stock"},{"bundled_item_id":849,"product_id":4631,"menu_order":2,"quantity_min":1,"quantity_max":1,"quantity_default":1,"priced_individually":false,"shipped_individually":false,"override_title":false,"title":"Kettlebell Cast Iron","override_description":false,"description":"","optional":false,"hide_thumbnail":false,"discount":"","override_variations":true,"allowed_variations":[16597],"override_default_variation_attributes":true,"default_variation_attributes":[{"id":6,"name":"Poids","option":"12-kg"},{"id":4,"name":"Largeur","option":"19-cm"},{"id":8,"name":"Hauteur","option":"22-cm"},{"id":14,"name":"Diam\u00e8tre","option":"14-cm"},{"id":21,"name":"Diam\u00e8tre de la poign\u00e9e","option":"34-mm"},{"id":91,"name":"Circonf\u00e9rence de la poign\u00e9e","option":"107-mm"}],"single_product_visibility":"hidden","cart_visibility":"hidden","order_visibility":"hidden","single_product_price_visibility":"visible","cart_price_visibility":"visible","order_price_visibility":"visible","stock_status":"in_stock"},{"bundled_item_id":850,"product_id":4631,"menu_order":3,"quantity_min":1,"quantity_max":1,"quantity_default":1,"priced_individually":false,"shipped_individually":false,"override_title":false,"title":"Kettlebell Cast Iron","override_description":false,"description":"","optional":false,"hide_thumbnail":false,"discount":"","override_variations":true,"allowed_variations":[16584],"override_default_variation_attributes":true,"default_variation_attributes":[{"id":6,"name":"Poids","option":"16-kg"},{"id":4,"name":"Largeur","option":"20-cm"},{"id":8,"name":"Hauteur","option":"24-5-cm"},{"id":14,"name":"Diam\u00e8tre","option":"16-cm"},{"id":21,"name":"Diam\u00e8tre de la poign\u00e9e","option":"35-mm"},{"id":91,"name":"Circonf\u00e9rence de la poign\u00e9e","option":"110-mm"}],"single_product_visibility":"hidden","cart_visibility":"hidden","order_visibility":"hidden","single_product_price_visibility":"visible","cart_price_visibility":"visible","order_price_visibility":"visible","stock_status":"out_of_stock"},{"bundled_item_id":851,"product_id":4631,"menu_order":4,"quantity_min":1,"quantity_max":1,"quantity_default":1,"priced_individually":false,"shipped_individually":false,"override_title":false,"title":"Kettlebell Cast Iron","override_description":false,"description":"","optional":false,"hide_thumbnail":false,"discount":"","override_variations":true,"allowed_variations":[16571],"override_default_variation_attributes":true,"default_variation_attributes":[{"id":6,"name":"Poids","option":"20-kg"},{"id":4,"name":"Largeur","option":"20-5-cm"},{"id":8,"name":"Hauteur","option":"25-cm"},{"id":14,"name":"Diam\u00e8tre","option":"17-cm"},{"id":21,"name":"Diam\u00e8tre de la poign\u00e9e","option":"36-mm"},{"id":91,"name":"Circonf\u00e9rence de la poign\u00e9e","option":"113-mm"}],"single_product_visibility":"hidden","cart_visibility":"hidden","order_visibility":"hidden","single_product_price_visibility":"visible","cart_price_visibility":"visible","order_price_visibility":"visible","stock_status":"in_stock"},{"bundled_item_id":852,"product_id":4631,"menu_order":5,"quantity_min":1,"quantity_max":1,"quantity_default":1,"priced_individually":false,"shipped_individually":false,"override_title":false,"title":"Kettlebell Cast Iron","override_description":false,"description":"","optional":false,"hide_thumbnail":false,"discount":"","override_variations":true,"allowed_variations":[27476],"override_default_variation_attributes":true,"default_variation_attributes":[{"id":6,"name":"Poids","option":"24-kg"},{"id":4,"name":"Largeur","option":"20-5-cm"},{"id":8,"name":"Hauteur","option":"27-cm"},{"id":14,"name":"Diam\u00e8tre","option":"18-cm"},{"id":21,"name":"Diam\u00e8tre de la poign\u00e9e","option":"37-mm"},{"id":91,"name":"Circonf\u00e9rence de la poign\u00e9e","option":"116-mm"}],"single_product_visibility":"hidden","cart_visibility":"hidden","order_visibility":"hidden","single_product_price_visibility":"visible","cart_price_visibility":"visible","order_price_visibility":"visible","stock_status":"in_stock"},{"bundled_item_id":853,"product_id":4631,"menu_order":6,"quantity_min":1,"quantity_max":1,"quantity_default":1,"priced_individually":false,"shipped_individually":false,"override_title":false,"title":"Kettlebell Cast Iron","override_description":false,"description":"","optional":false,"hide_thumbnail":false,"discount":"","override_variations":true,"allowed_variations":[27463],"override_default_variation_attributes":true,"default_variation_attributes":[{"id":6,"name":"Poids","option":"28-kg"},{"id":4,"name":"Largeur","option":"20-5-cm"},{"id":8,"name":"Hauteur","option":"28-cm"},{"id":14,"name":"Diam\u00e8tre","option":"19-5-cm"},{"id":21,"name":"Diam\u00e8tre de la poign\u00e9e","option":"38-mm"},{"id":91,"name":"Circonf\u00e9rence de la poign\u00e9e","option":"119-mm"}],"single_product_visibility":"hidden","cart_visibility":"hidden","order_visibility":"hidden","single_product_price_visibility":"visible","cart_price_visibility":"visible","order_price_visibility":"visible","stock_status":"in_stock"},{"bundled_item_id":854,"product_id":4631,"menu_order":7,"quantity_min":1,"quantity_max":1,"quantity_default":1,"priced_individually":false,"shipped_individually":false,"override_title":false,"title":"Kettlebell Cast Iron","override_description":false,"description":"","optional":false,"hide_thumbnail":false,"discount":"","override_variations":true,"allowed_variations":[27450],"override_default_variation_attributes":true,"default_variation_attributes":[{"id":6,"name":"Poids","option":"32-kg"},{"id":4,"name":"Largeur","option":"20-5-cm"},{"id":8,"name":"Hauteur","option":"28-5-cm"},{"id":14,"name":"Diam\u00e8tre","option":"20-cm"},{"id":21,"name":"Diam\u00e8tre de la poign\u00e9e","option":"39-mm"},{"id":91,"name":"Circonf\u00e9rence de la poign\u00e9e","option":"123-mm"}],"single_product_visibility":"hidden","cart_visibility":"hidden","order_visibility":"hidden","single_product_price_visibility":"visible","cart_price_visibility":"visible","order_price_visibility":"visible","stock_status":"in_stock"}],"bundle_sell_ids":[],"acf":[],"df_price":545,"df_sale_price":"","df_regular_price":545,"df_image_link":"https:\/\/www.fitness-flohmarkt.ch\/wp-content\/uploads\/F-24118_Cast-Iron-Kettlebell-Set-4-bis-32-Kg_0-20250314-100335-300x300.jpg","_links":{"self":[{"href":"https:\/\/www.fitness-flohmarkt.ch\/fr\/wp-json\/wp\/v2\/product\/2246","targetHints":{"allow":["GET"]}}],"collection":[{"href":"https:\/\/www.fitness-flohmarkt.ch\/fr\/wp-json\/wp\/v2\/product"}],"about":[{"href":"https:\/\/www.fitness-flohmarkt.ch\/fr\/wp-json\/wp\/v2\/types\/product"}],"replies":[{"embeddable":true,"href":"https:\/\/www.fitness-flohmarkt.ch\/fr\/wp-json\/wp\/v2\/comments?post=2246"}],"wp:featuredmedia":[{"embeddable":true,"href":"https:\/\/www.fitness-flohmarkt.ch\/fr\/wp-json\/wp\/v2\/media\/56824"}],"wp:attachment":[{"href":"https:\/\/www.fitness-flohmarkt.ch\/fr\/wp-json\/wp\/v2\/media?parent=2246"}],"wp:term":[{"taxonomy":"product_brand","embeddable":true,"href":"https:\/\/www.fitness-flohmarkt.ch\/fr\/wp-json\/wp\/v2\/product_brand?post=2246"},{"taxonomy":"product_cat","embeddable":true,"href":"https:\/\/www.fitness-flohmarkt.ch\/fr\/wp-json\/wp\/v2\/product_cat?post=2246"},{"taxonomy":"product_tag","embeddable":true,"href":"https:\/\/www.fitness-flohmarkt.ch\/fr\/wp-json\/wp\/v2\/product_tag?post=2246"}],"curies":[{"name":"wp","href":"https:\/\/api.w.org\/{rel}","templated":true}]}}