{"id":2153,"date":"2025-01-25T15:58:57","date_gmt":"2025-01-25T14:58:57","guid":{"rendered":"https:\/\/www2.fitness-flohmarkt.ch\/produkt\/climbing-rope-seil-kletterseil\/"},"modified":"2026-04-17T16:10:21","modified_gmt":"2026-04-17T14:10:21","slug":"climbing-rope-corde-corde-descalade","status":"publish","type":"product","link":"https:\/\/www.fitness-flohmarkt.ch\/fr\/produkt\/climbing-rope-seil-kletterseil\/","title":{"rendered":"Escalade \/ Sled Rope | Corde d'escalade"},"content":{"rendered":"<div class=\"product--description\">\n<h3 class=\"\" data-start=\"153\" data-end=\"249\"><strong data-start=\"157\" data-end=\"249\">Corde \u00e0 grimper en polyester avec crochet pr\u00e9mont\u00e9 - pour un entra\u00eenement fonctionnel polyvalent<\/strong><\/h3>\n<p class=\"\" data-start=\"188\" data-end=\"617\">Corde \u00e0 grimper robuste en polyester durable - id\u00e9ale pour les Rope Climbs, les tractions de luge et autres exercices d'entra\u00eenement fonctionnel. Le crochet \u00e0 \u0153illet pr\u00e9mont\u00e9 et robuste permet une fixation rapide et flexible, par exemple au plafond, au rig ou \u00e0 une luge. En ext\u00e9rieur, il suffit de lancer la corde sur une branche ou une poutre et de la faire passer dans le crochet.<\/p>\n<p class=\"\" data-start=\"619\" data-end=\"833\">La corde a un diam\u00e8tre de 38 mm et est disponible en deux longueurs : 6 m ou 15 m. L'extr\u00e9mit\u00e9 est munie d'un caoutchouc protecteur qui emp\u00eache l'effilochage et assure une longue dur\u00e9e de vie.<\/p>\n<p class=\"\" data-start=\"835\" data-end=\"937\">Un appareil d'entra\u00eenement polyvalent pour des entra\u00eenements intensifs et fonctionnels - aussi bien \u00e0 l'int\u00e9rieur qu'\u00e0 l'ext\u00e9rieur.<\/p>\n<\/div>","protected":false},"excerpt":{"rendered":"<p>Corde \u00e0 grimper robuste en polyester avec crochet \u00e0 \u0153il pr\u00e9mont\u00e9 - id\u00e9ale pour les Rope Climbs, les tractions de luge et autres exercices fonctionnels. Se monte rapidement au plafond, sur une luge, une poutre ou un arbre. L'extr\u00e9mit\u00e9 de la corde gain\u00e9e de caoutchouc emp\u00eache l'effilochage. Disponible en 6 m ou 15 m de longueur, 38 mm de diam\u00e8tre.<\/p>","protected":false},"featured_media":71061,"comment_status":"open","ping_status":"closed","template":"","meta":{"_acf_changed":false,"_gspb_post_css":""},"product_brand":[1000],"product_cat":[818,1197],"product_tag":[],"class_list":{"0":"post-2153","1":"product","2":"type-product","3":"status-publish","4":"has-post-thumbnail","6":"product_brand-fitcom","7":"product_cat-conditioning","8":"product_cat-hyrox","9":"pa_artikel-pro-verkaufseinheit-1x","10":"pa_farbe-schwarz","11":"pa_fitness-zubehoertyp-climbing-und-battle-rope","12":"pa_griffdurchmesser-38-mm","13":"pa_laenge-15-m","14":"pa_laenge-6-m","15":"pa_lieferumfang-1x-climbing-rope","16":"pa_material-griff-gummi","17":"pa_material-seil-polyester","18":"pa_seildurchmesser-38-mm","19":"pa_seiltyp-climbing-rope","21":"first","22":"instock","23":"taxable","24":"shipping-taxable","25":"purchasable","26":"product-type-variable"},"bundled_by":[],"bundle_stock_status":"instock","bundle_stock_quantity":null,"bundle_virtual":false,"bundle_layout":"","bundle_add_to_cart_form_location":"","bundle_editable_in_cart":false,"bundle_sold_individually_context":"","bundle_item_grouping":"","bundle_min_size":"","bundle_max_size":"","bundle_price":[],"bundled_items":[],"bundle_sell_ids":[],"acf":[],"df_price":45,"df_sale_price":"","df_regular_price":45,"df_image_link":"https:\/\/www.fitness-flohmarkt.ch\/wp-content\/uploads\/F-74366_Climbing-Rope-Seil-Kletterseil_0-20250321-161452-300x300.jpg","_links":{"self":[{"href":"https:\/\/www.fitness-flohmarkt.ch\/fr\/wp-json\/wp\/v2\/product\/2153","targetHints":{"allow":["GET"]}}],"collection":[{"href":"https:\/\/www.fitness-flohmarkt.ch\/fr\/wp-json\/wp\/v2\/product"}],"about":[{"href":"https:\/\/www.fitness-flohmarkt.ch\/fr\/wp-json\/wp\/v2\/types\/product"}],"replies":[{"embeddable":true,"href":"https:\/\/www.fitness-flohmarkt.ch\/fr\/wp-json\/wp\/v2\/comments?post=2153"}],"wp:featuredmedia":[{"embeddable":true,"href":"https:\/\/www.fitness-flohmarkt.ch\/fr\/wp-json\/wp\/v2\/media\/71061"}],"wp:attachment":[{"href":"https:\/\/www.fitness-flohmarkt.ch\/fr\/wp-json\/wp\/v2\/media?parent=2153"}],"wp:term":[{"taxonomy":"product_brand","embeddable":true,"href":"https:\/\/www.fitness-flohmarkt.ch\/fr\/wp-json\/wp\/v2\/product_brand?post=2153"},{"taxonomy":"product_cat","embeddable":true,"href":"https:\/\/www.fitness-flohmarkt.ch\/fr\/wp-json\/wp\/v2\/product_cat?post=2153"},{"taxonomy":"product_tag","embeddable":true,"href":"https:\/\/www.fitness-flohmarkt.ch\/fr\/wp-json\/wp\/v2\/product_tag?post=2153"}],"curies":[{"name":"wp","href":"https:\/\/api.w.org\/{rel}","templated":true}]}}