{"id":2123,"date":"2025-01-25T15:58:38","date_gmt":"2025-01-25T14:58:38","guid":{"rendered":"https:\/\/www2.fitness-flohmarkt.ch\/produkt\/new-style-speed-rope-with-weight-black\/"},"modified":"2026-04-11T06:35:11","modified_gmt":"2026-04-11T04:35:11","slug":"new-style-speed-rope-with-weight-black","status":"publish","type":"product","link":"https:\/\/www.fitness-flohmarkt.ch\/fr\/produkt\/new-style-speed-rope-with-weight-black\/","title":{"rendered":"Ergo Speed Jump Rope | Corde \u00e0 sauter"},"content":{"rendered":"<h3>Ergo Speed Jump Rope - Corde \u00e0 sauter avec poign\u00e9es ergonomiques et articulations pivotantes \u00e0 360\u00b0 pour un entra\u00eenement pr\u00e9cis<\/h3>\n<p data-start=\"89\" data-end=\"855\">L'Ergo Speed Rope est une corde \u00e0 sauter particuli\u00e8rement r\u00e9sistante, sp\u00e9cialement con\u00e7ue pour les sports de comp\u00e9tition. Les poign\u00e9es ergonomiques sont \u00e9quip\u00e9es de broches en acier int\u00e9gr\u00e9es et disposent de roulements \u00e0 billes de haute qualit\u00e9 qui r\u00e9pondent \u00e0 toutes les exigences pour un entra\u00eenement optimal en speed ou en double-tunder. Les articulations rotatives \u00e0 360\u00b0 aux extr\u00e9mit\u00e9s des poign\u00e9es assurent une rotation rapide et r\u00e9guli\u00e8re et s'adaptent id\u00e9alement \u00e0 l'angle de balancement de la corde. Le c\u00e2ble m\u00e9tallique de 2,5 millim\u00e8tres d'\u00e9paisseur, recouvert de plastique, apporte la l\u00e9g\u00e8ret\u00e9 n\u00e9cessaire tout en \u00e9tant tr\u00e8s robuste. La longueur de la corde de trois m\u00e8tres, qui convient aux personnes mesurant jusqu'\u00e0 deux m\u00e8tres, peut \u00eatre facilement ajust\u00e9e \u00e0 la main gr\u00e2ce aux vis d'extr\u00e9mit\u00e9 r\u00e9glables.<\/p>\n<p data-start=\"857\" data-end=\"1411\">De plus, les poign\u00e9es ergonomiques disposent d'un poids suppl\u00e9mentaire qui peut \u00eatre retir\u00e9 si n\u00e9cessaire pour rendre l'entra\u00eenement encore plus agr\u00e9able. Les articulations rotatives 360\u00b0 de haute qualit\u00e9 avec roulements \u00e0 billes 3D garantissent un swing parfait. Le c\u00e2ble en acier hautement flexible recouvert de plastique d'une \u00e9paisseur de 2,5 millim\u00e8tres garantit une r\u00e9sistance et une flexibilit\u00e9 maximales. La longueur r\u00e9glable est ajust\u00e9e \u00e0 l'aide des vis.<\/p>\n<p data-start=\"857\" data-end=\"1411\"><strong>Remarque :<\/strong> Pour un meilleur \u00e9lan, nous te conseillons de couper le fil en trop apr\u00e8s avoir ajust\u00e9 la longueur de la corde.<\/p>","protected":false},"excerpt":{"rendered":"<p>L'Ergo Speed Rope est une corde \u00e0 sauter r\u00e9sistante avec des poign\u00e9es ergonomiques et des broches en acier int\u00e9gr\u00e9es. Les articulations pivotantes \u00e0 360\u00b0 permettent une rotation r\u00e9guli\u00e8re. La corde m\u00e9tallique de 3 m de long, recouverte de plastique, est r\u00e9glable en longueur.<\/p>","protected":false},"featured_media":9013619,"comment_status":"open","ping_status":"closed","template":"","meta":{"_acf_changed":false,"_gspb_post_css":""},"product_brand":[1000],"product_cat":[818,820],"product_tag":[],"class_list":{"0":"post-2123","1":"product","2":"type-product","3":"status-publish","4":"has-post-thumbnail","6":"product_brand-fitcom","7":"product_cat-conditioning","8":"product_cat-springseil","9":"pa_360-drehgelenk-ja","10":"pa_artikel-pro-verkaufseinheit-1x","11":"pa_farbe-blau","12":"pa_farbe-schwarz","13":"pa_griffdurchmesser-2-8-mm","14":"pa_grifflaenge-13-5-cm","15":"pa_laenge-300-cm","16":"pa_lieferumfang-1x-springseil","17":"pa_material-griff-kunststoff","18":"pa_material-seil-stahl","19":"pa_max-koerpergroesse-200-cm","20":"pa_seildurchmesser-2-5-mm","21":"pa_springseil-ausstattung-laengenverstellbar","22":"pa_springseiltyp-speed-rope","24":"first","25":"instock","26":"taxable","27":"shipping-taxable","28":"purchasable","29":"product-type-variable"},"bundled_by":[],"bundle_stock_status":"instock","bundle_stock_quantity":null,"bundle_virtual":false,"bundle_layout":"","bundle_add_to_cart_form_location":"","bundle_editable_in_cart":false,"bundle_sold_individually_context":"","bundle_item_grouping":"","bundle_min_size":"","bundle_max_size":"","bundle_price":[],"bundled_items":[],"bundle_sell_ids":[],"acf":[],"df_price":15,"df_sale_price":"","df_regular_price":15,"df_image_link":"https:\/\/www.fitness-flohmarkt.ch\/wp-content\/uploads\/Premium-Speed-Rope-ERGO-1-20250328-081034-300x300.png","_links":{"self":[{"href":"https:\/\/www.fitness-flohmarkt.ch\/fr\/wp-json\/wp\/v2\/product\/2123","targetHints":{"allow":["GET"]}}],"collection":[{"href":"https:\/\/www.fitness-flohmarkt.ch\/fr\/wp-json\/wp\/v2\/product"}],"about":[{"href":"https:\/\/www.fitness-flohmarkt.ch\/fr\/wp-json\/wp\/v2\/types\/product"}],"replies":[{"embeddable":true,"href":"https:\/\/www.fitness-flohmarkt.ch\/fr\/wp-json\/wp\/v2\/comments?post=2123"}],"wp:featuredmedia":[{"embeddable":true,"href":"https:\/\/www.fitness-flohmarkt.ch\/fr\/wp-json\/wp\/v2\/media\/9013619"}],"wp:attachment":[{"href":"https:\/\/www.fitness-flohmarkt.ch\/fr\/wp-json\/wp\/v2\/media?parent=2123"}],"wp:term":[{"taxonomy":"product_brand","embeddable":true,"href":"https:\/\/www.fitness-flohmarkt.ch\/fr\/wp-json\/wp\/v2\/product_brand?post=2123"},{"taxonomy":"product_cat","embeddable":true,"href":"https:\/\/www.fitness-flohmarkt.ch\/fr\/wp-json\/wp\/v2\/product_cat?post=2123"},{"taxonomy":"product_tag","embeddable":true,"href":"https:\/\/www.fitness-flohmarkt.ch\/fr\/wp-json\/wp\/v2\/product_tag?post=2123"}],"curies":[{"name":"wp","href":"https:\/\/api.w.org\/{rel}","templated":true}]}}