{"id":21204,"date":"2025-02-11T10:17:05","date_gmt":"2025-02-11T09:17:05","guid":{"rendered":"https:\/\/www2.fitness-flohmarkt.ch\/?post_type=product&#038;p=21204"},"modified":"2026-03-01T23:34:44","modified_gmt":"2026-03-01T22:34:44","slug":"hand-trainer-reglable","status":"publish","type":"product","link":"https:\/\/www.fitness-flohmarkt.ch\/fr\/produkt\/verstellbarer-hand-trainer\/","title":{"rendered":"Entra\u00eeneur pour les mains | r\u00e9glable"},"content":{"rendered":"<h3 data-start=\"114\" data-end=\"198\"><strong data-start=\"114\" data-end=\"198\">Entra\u00eeneur de main ajustable - entra\u00eenement de la force de pr\u00e9hension pour la musculation, l'escalade et la r\u00e9\u00e9ducation<\/strong><\/h3>\n<p class=\"\" data-start=\"200\" data-end=\"503\">L'entra\u00eeneur de main r\u00e9glable est id\u00e9al pour l'entra\u00eenement cibl\u00e9 de la force de pr\u00e9hension - indispensable pour les exercices de musculation efficaces, la gymnastique su\u00e9doise, l'escalade ou la r\u00e9\u00e9ducation. La r\u00e9sistance peut \u00eatre r\u00e9gl\u00e9e en continu de 5 \u00e0 60 kg et peut donc \u00eatre adapt\u00e9e individuellement au niveau d'entra\u00eenement.<\/p>\n<p class=\"\" data-start=\"505\" data-end=\"790\">Une utilisation r\u00e9guli\u00e8re permet non seulement de renforcer les muscles des mains et des avant-bras, mais aussi d'am\u00e9liorer le contr\u00f4le et la capacit\u00e9 de charge. Cela a un effet positif sur les exercices comme les tractions ou les deadlifts et r\u00e9duit en m\u00eame temps le risque de surcharge ou de blessure.<\/p>\n<p data-start=\"505\" data-end=\"790\"><strong>Remarque :<\/strong> Prix \u00e0 l'unit\u00e9.<\/p>","protected":false},"excerpt":{"rendered":"<p>Entra\u00eeneur pour les mains ajustable avec une r\u00e9sistance r\u00e9glable de 5 \u00e0 60 kg - id\u00e9al pour renforcer la force de pr\u00e9hension lors de la musculation, de la gymnastique su\u00e9doise, de l'escalade et de la r\u00e9\u00e9ducation. Compact, polyvalent et parfait pour un entra\u00eenement cibl\u00e9 des avant-bras.<\/p>","protected":false},"featured_media":35349,"comment_status":"closed","ping_status":"closed","template":"","meta":{"_acf_changed":false,"_gspb_post_css":""},"product_brand":[1000],"product_cat":[319],"product_tag":[91],"class_list":{"0":"post-21204","1":"product","2":"type-product","3":"status-publish","4":"has-post-thumbnail","6":"product_brand-fitcom","7":"product_cat-fitness-zubehoer","8":"product_tag-verstellbar","9":"pa_artikel-pro-verkaufseinheit-1x","10":"pa_breite-12-cm","11":"pa_dicke-20-mm","12":"pa_farbe-schwarz","13":"pa_fitness-zubehoertyp-handtrainer","14":"pa_haertegrad-5-bis-60-kg","15":"pa_handtrainertyp-zange","16":"pa_hoehe-15-5-cm","17":"pa_lieferumfang-1x-handtrainer","18":"pa_material-kunststoff","19":"pa_max-belastung-60-kg","20":"pa_verstellbar-ja","22":"first","23":"outofstock","24":"taxable","25":"shipping-taxable","26":"purchasable","27":"product-type-simple"},"bundled_by":[],"bundle_stock_status":"outofstock","bundle_stock_quantity":0,"bundle_virtual":false,"bundle_layout":"","bundle_add_to_cart_form_location":"","bundle_editable_in_cart":false,"bundle_sold_individually_context":"","bundle_item_grouping":"","bundle_min_size":"","bundle_max_size":"","bundle_price":[],"bundled_items":[],"bundle_sell_ids":[],"acf":[],"df_price":10,"df_sale_price":"","df_regular_price":10,"df_image_link":"https:\/\/www.fitness-flohmarkt.ch\/wp-content\/uploads\/F-37749-1-scaled-1-300x300.jpg","_links":{"self":[{"href":"https:\/\/www.fitness-flohmarkt.ch\/fr\/wp-json\/wp\/v2\/product\/21204","targetHints":{"allow":["GET"]}}],"collection":[{"href":"https:\/\/www.fitness-flohmarkt.ch\/fr\/wp-json\/wp\/v2\/product"}],"about":[{"href":"https:\/\/www.fitness-flohmarkt.ch\/fr\/wp-json\/wp\/v2\/types\/product"}],"replies":[{"embeddable":true,"href":"https:\/\/www.fitness-flohmarkt.ch\/fr\/wp-json\/wp\/v2\/comments?post=21204"}],"wp:featuredmedia":[{"embeddable":true,"href":"https:\/\/www.fitness-flohmarkt.ch\/fr\/wp-json\/wp\/v2\/media\/35349"}],"wp:attachment":[{"href":"https:\/\/www.fitness-flohmarkt.ch\/fr\/wp-json\/wp\/v2\/media?parent=21204"}],"wp:term":[{"taxonomy":"product_brand","embeddable":true,"href":"https:\/\/www.fitness-flohmarkt.ch\/fr\/wp-json\/wp\/v2\/product_brand?post=21204"},{"taxonomy":"product_cat","embeddable":true,"href":"https:\/\/www.fitness-flohmarkt.ch\/fr\/wp-json\/wp\/v2\/product_cat?post=21204"},{"taxonomy":"product_tag","embeddable":true,"href":"https:\/\/www.fitness-flohmarkt.ch\/fr\/wp-json\/wp\/v2\/product_tag?post=21204"}],"curies":[{"name":"wp","href":"https:\/\/api.w.org\/{rel}","templated":true}]}}