{"id":21197,"date":"2025-02-11T10:16:44","date_gmt":"2025-02-11T09:16:44","guid":{"rendered":"https:\/\/www2.fitness-flohmarkt.ch\/?post_type=product&#038;p=21197"},"modified":"2026-04-20T10:31:47","modified_gmt":"2026-04-20T08:31:47","slug":"corde-a-triceps-chanvre","status":"publish","type":"product","link":"https:\/\/www.fitness-flohmarkt.ch\/fr\/produkt\/trizeps-seil-hanf\/","title":{"rendered":"Triceps Rope | Corde \u00e0 triceps chanvre"},"content":{"rendered":"<h3 data-start=\"388\" data-end=\"839\"><strong data-start=\"404\" data-end=\"470\">Corde \u00e0 triceps en chanvre - Pour l'entra\u00eenement du haut du corps \u00e0 la traction \u00e0 c\u00e2ble<\/strong><\/h3>\n<p class=\"\" data-start=\"388\" data-end=\"839\">Cette corde \u00e0 triceps est fabriqu\u00e9e en chanvre r\u00e9sistant et est con\u00e7ue pour \u00eatre utilis\u00e9e sur les stations de traction \u00e0 c\u00e2ble. Avec une longueur totale de 70 cm (35 cm de chaque c\u00f4t\u00e9) et un diam\u00e8tre de 20 mm, elle offre une surface adh\u00e9rente qui permet une bonne prise en main m\u00eame lors d'un entra\u00eenement intensif. Les extr\u00e9mit\u00e9s \u00e9paissies soutiennent la position des mains et r\u00e9duisent le risque de glissement.<\/p>\n<p class=\"\" data-start=\"841\" data-end=\"1271\">Gr\u00e2ce \u00e0 l'anneau solide, la corde se fixe facilement et en toute s\u00e9curit\u00e9 \u00e0 l'appareil. Il convient \u00e0 diff\u00e9rents exercices de traction comme le d\u00e9velopp\u00e9 des triceps, les curls des biceps, les face pulls ou les crunchs. La forme flexible de la corde permet une ex\u00e9cution naturelle des mouvements, ce qui r\u00e9duit la charge sur les articulations et permet diff\u00e9rentes variantes de prise. Il convient donc aussi bien \u00e0 l'utilisation en studio qu'\u00e0 l'entra\u00eenement \u00e0 la maison.<\/p>","protected":false},"excerpt":{"rendered":"<p>Corde \u00e0 triceps en chanvre avec anneau pour la fixation aux stations de traction \u00e0 c\u00e2ble. Longueur 70 cm, diam\u00e8tre 20 mm. Convient aux exercices comme le d\u00e9velopp\u00e9 couch\u00e9 des triceps, les curls des biceps et les face pulls. Mat\u00e9riau maniable avec des extr\u00e9mit\u00e9s \u00e9paissies pour une prise s\u00fbre.<\/p>","protected":false},"featured_media":9022837,"comment_status":"closed","ping_status":"closed","template":"","meta":{"_acf_changed":false,"_gspb_post_css":""},"product_brand":[1000],"product_cat":[815],"product_tag":[],"class_list":{"0":"post-21197","1":"product","2":"type-product","3":"status-publish","4":"has-post-thumbnail","6":"product_brand-fitcom","7":"product_cat-griffe-kabelzug","8":"pa_artikel-pro-verkaufseinheit-1x","9":"pa_ergonomischer-griff-nein","10":"pa_farbe-beige","11":"pa_fitness-zubehoertyp-kabelzuggriff","12":"pa_griffdurchmesser-20-mm","13":"pa_griffweitenmarkierung-nein","14":"pa_laenge-70-cm","15":"pa_lieferumfang-1x-kabelzuggriff","16":"pa_material-hanf","17":"pa_material-griff-hanf","19":"first","20":"instock","21":"taxable","22":"shipping-taxable","23":"purchasable","24":"product-type-simple"},"bundled_by":[],"bundle_stock_status":"instock","bundle_stock_quantity":151,"bundle_virtual":false,"bundle_layout":"","bundle_add_to_cart_form_location":"","bundle_editable_in_cart":false,"bundle_sold_individually_context":"","bundle_item_grouping":"","bundle_min_size":"","bundle_max_size":"","bundle_price":[],"bundled_items":[],"bundle_sell_ids":[],"acf":[],"df_price":15,"df_sale_price":"","df_regular_price":15,"df_image_link":"https:\/\/www.fitness-flohmarkt.ch\/wp-content\/uploads\/Kordel_1-1-e1742475769234-300x300.png","_links":{"self":[{"href":"https:\/\/www.fitness-flohmarkt.ch\/fr\/wp-json\/wp\/v2\/product\/21197","targetHints":{"allow":["GET"]}}],"collection":[{"href":"https:\/\/www.fitness-flohmarkt.ch\/fr\/wp-json\/wp\/v2\/product"}],"about":[{"href":"https:\/\/www.fitness-flohmarkt.ch\/fr\/wp-json\/wp\/v2\/types\/product"}],"replies":[{"embeddable":true,"href":"https:\/\/www.fitness-flohmarkt.ch\/fr\/wp-json\/wp\/v2\/comments?post=21197"}],"wp:featuredmedia":[{"embeddable":true,"href":"https:\/\/www.fitness-flohmarkt.ch\/fr\/wp-json\/wp\/v2\/media\/9022837"}],"wp:attachment":[{"href":"https:\/\/www.fitness-flohmarkt.ch\/fr\/wp-json\/wp\/v2\/media?parent=21197"}],"wp:term":[{"taxonomy":"product_brand","embeddable":true,"href":"https:\/\/www.fitness-flohmarkt.ch\/fr\/wp-json\/wp\/v2\/product_brand?post=21197"},{"taxonomy":"product_cat","embeddable":true,"href":"https:\/\/www.fitness-flohmarkt.ch\/fr\/wp-json\/wp\/v2\/product_cat?post=21197"},{"taxonomy":"product_tag","embeddable":true,"href":"https:\/\/www.fitness-flohmarkt.ch\/fr\/wp-json\/wp\/v2\/product_tag?post=21197"}],"curies":[{"name":"wp","href":"https:\/\/api.w.org\/{rel}","templated":true}]}}