{"id":2069,"date":"2025-01-25T15:58:07","date_gmt":"2025-01-25T14:58:07","guid":{"rendered":"https:\/\/www2.fitness-flohmarkt.ch\/produkt\/adjustable-dumbbell-set-bis-15lbs\/"},"modified":"2026-04-07T18:08:09","modified_gmt":"2026-04-07T16:08:09","slug":"adjustable-dumbbell-set-jusqua-15lbs","status":"publish","type":"product","link":"https:\/\/www.fitness-flohmarkt.ch\/fr\/produkt\/adjustable-dumbbell-set-bis-15lbs\/","title":{"rendered":"Adjustable Dumbbell Set 1.5-7 kg | Halt\u00e8res courts r\u00e9glables"},"content":{"rendered":"<h3 data-start=\"510\" data-end=\"615\"><strong data-start=\"510\" data-end=\"615\">Ensemble d'halt\u00e8res courts r\u00e9glables 1.5-7 kg (3.3-15.4 lbs) - Entra\u00eenement flexible et peu encombrant \u00e0 la maison<\/strong><\/h3>\n<p class=\"\" data-start=\"193\" data-end=\"483\">L'ensemble d'halt\u00e8res courts r\u00e9glables offre une plage de poids de 1,5 \u00e0 7 kg (3,3 \u00e0 15,4 lbs) par halt\u00e8re et un total de 5 niveaux de poids qui permettent un ajustement flexible de la r\u00e9sistance \u00e0 l'entra\u00eenement. Le syst\u00e8me de r\u00e9glage pratique permet un ajustement rapide et facile du poids.<\/p>\n<p class=\"\" data-start=\"485\" data-end=\"834\">Chaque halt\u00e8re a une longueur de 28 cm, une largeur de 12 cm et une hauteur de 12 cm. Le diam\u00e8tre de la poign\u00e9e est de 34 mm, et la poign\u00e9e ergonomique assure une position optimale de la main pour r\u00e9duire la charge sur les poignets et les avant-bras et rendre l'entra\u00eenement confortable.<\/p>\n<p class=\"\" data-start=\"836\" data-end=\"1188\">Halt\u00e8re robuste et facile \u00e0 entretenir en aluminium et en plastique. Le design r\u00e9glable permet d'ajuster facilement le poids, ce qui fait que l'ensemble remplace 10 halt\u00e8res traditionnels et est donc particuli\u00e8rement peu encombrant - id\u00e9al pour l'entra\u00eenement \u00e0 la maison.<\/p>\n<p class=\"\" data-start=\"1190\" data-end=\"1472\">Le kit comprend 2 halt\u00e8res, chacun offrant un poids minimum de 1,5 kg et un poids maximum de 7 kg. Les niveaux de poids s'ajustent rapidement et facilement et sont parfaitement adapt\u00e9s \u00e0 diff\u00e9rents exercices.<\/p>\n<p data-start=\"988\" data-end=\"1309\"><strong>Remarque :<\/strong> Avant chaque utilisation, assure-toi que les poids sont bien bloqu\u00e9s apr\u00e8s avoir ajust\u00e9 les halt\u00e8res.<\/p>","protected":false},"excerpt":{"rendered":"<p>Ensemble d'halt\u00e8res courts r\u00e9glables 1,5-7 kg (3,3-15,4 lbs) : Halt\u00e8res r\u00e9glables en aluminium et en plastique. Poids r\u00e9glable de 1.5 kg \u00e0 7 kg (3.3 lbs \u00e0 15.4 lbs) en 5 \u00e9tapes. Compacts, robustes et faciles \u00e0 entretenir. Poign\u00e9e ergonomique pour un entra\u00eenement confortable. Remplace 10 halt\u00e8res traditionnels, id\u00e9al pour l'entra\u00eenement \u00e0 la maison. Ajustable rapidement et facilement, parfait pour diff\u00e9rents exercices.<\/p>","protected":false},"featured_media":9047073,"comment_status":"open","ping_status":"closed","template":"","meta":{"_acf_changed":false,"_gspb_post_css":""},"product_brand":[1000],"product_cat":[343,302],"product_tag":[91],"class_list":{"0":"post-2069","1":"product","2":"type-product","3":"status-publish","4":"has-post-thumbnail","6":"product_brand-fitcom","7":"product_cat-heimgebrauch","8":"product_cat-kompakthanteln","9":"product_tag-verstellbar","10":"pa_anzahl-hanteln-2x","11":"pa_artikel-pro-verkaufseinheit-2x","12":"pa_breite-12-cm","13":"pa_durchmesser-12-cm","14":"pa_ergonomischer-griff-ja","15":"pa_farbe-schwarz","16":"pa_gewicht-7-kg","17":"pa_griffdurchmesser-34-mm","18":"pa_griffinnenmass-10-cm","19":"pa_griffumfang-107-mm","20":"pa_hanteltyp-kurzhantel-verstellbar","21":"pa_hoehe-12-cm","22":"pa_kernmaterial-aluminium","23":"pa_laenge-28-cm","24":"pa_lieferumfang-2x-hantel","25":"pa_max-gewicht-7-kg","26":"pa_min-gewicht-1-5-kg","27":"pa_oberflaeche-kunststoff","28":"pa_verstellbar-ja","30":"first","31":"instock","32":"taxable","33":"shipping-taxable","34":"purchasable","35":"product-type-simple"},"bundled_by":[],"bundle_stock_status":"instock","bundle_stock_quantity":74,"bundle_virtual":false,"bundle_layout":"","bundle_add_to_cart_form_location":"","bundle_editable_in_cart":false,"bundle_sold_individually_context":"","bundle_item_grouping":"","bundle_min_size":"","bundle_max_size":"","bundle_price":[],"bundled_items":[],"bundle_sell_ids":[],"acf":[],"df_price":129,"df_sale_price":"","df_regular_price":129,"df_image_link":"https:\/\/www.fitness-flohmarkt.ch\/wp-content\/uploads\/F-66472_Adjustable-Dumbbell-Set-bis-15lbs_0-20250922-115052-300x300.jpg","_links":{"self":[{"href":"https:\/\/www.fitness-flohmarkt.ch\/fr\/wp-json\/wp\/v2\/product\/2069","targetHints":{"allow":["GET"]}}],"collection":[{"href":"https:\/\/www.fitness-flohmarkt.ch\/fr\/wp-json\/wp\/v2\/product"}],"about":[{"href":"https:\/\/www.fitness-flohmarkt.ch\/fr\/wp-json\/wp\/v2\/types\/product"}],"replies":[{"embeddable":true,"href":"https:\/\/www.fitness-flohmarkt.ch\/fr\/wp-json\/wp\/v2\/comments?post=2069"}],"wp:featuredmedia":[{"embeddable":true,"href":"https:\/\/www.fitness-flohmarkt.ch\/fr\/wp-json\/wp\/v2\/media\/9047073"}],"wp:attachment":[{"href":"https:\/\/www.fitness-flohmarkt.ch\/fr\/wp-json\/wp\/v2\/media?parent=2069"}],"wp:term":[{"taxonomy":"product_brand","embeddable":true,"href":"https:\/\/www.fitness-flohmarkt.ch\/fr\/wp-json\/wp\/v2\/product_brand?post=2069"},{"taxonomy":"product_cat","embeddable":true,"href":"https:\/\/www.fitness-flohmarkt.ch\/fr\/wp-json\/wp\/v2\/product_cat?post=2069"},{"taxonomy":"product_tag","embeddable":true,"href":"https:\/\/www.fitness-flohmarkt.ch\/fr\/wp-json\/wp\/v2\/product_tag?post=2069"}],"curies":[{"name":"wp","href":"https:\/\/api.w.org\/{rel}","templated":true}]}}