{"id":2015,"date":"2025-01-25T15:57:35","date_gmt":"2025-01-25T14:57:35","guid":{"rendered":"https:\/\/www2.fitness-flohmarkt.ch\/produkt\/aluminium-griff-flach-48cm\/"},"modified":"2026-04-20T13:30:27","modified_gmt":"2026-04-20T11:30:27","slug":"poignee-plate-en-aluminium-48cm","status":"publish","type":"product","link":"https:\/\/www.fitness-flohmarkt.ch\/fr\/produkt\/aluminium-griff-flach-48cm\/","title":{"rendered":"Poign\u00e9e plate en aluminium Tirage \u00e0 c\u00e2ble | Premium"},"content":{"rendered":"<h3 class=\"\" data-start=\"116\" data-end=\"206\"><strong data-start=\"120\" data-end=\"206\">Poign\u00e9e de traction de c\u00e2ble plate en aluminium - l\u00e9g\u00e8re, robuste et fabriqu\u00e9e en qualit\u00e9 premium<\/strong><\/h3>\n<p class=\"\" data-start=\"208\" data-end=\"499\">La poign\u00e9e de traction \u00e0 c\u00e2ble plate en aluminium convainc par son faible poids tout en \u00e9tant tr\u00e8s r\u00e9sistante. Avec une longueur de poign\u00e9e de 49 cm et un diam\u00e8tre de poign\u00e9e de 33 mm, elle tient bien en main et convient \u00e0 une multitude d'exercices de traction sur le c\u00e2ble.<\/p>\n<p class=\"\" data-start=\"501\" data-end=\"741\">Fabriqu\u00e9e en aluminium de qualit\u00e9 sup\u00e9rieure, la poign\u00e9e offre des conditions optimales pour une utilisation en studio ou en home gym.<\/p>\n<p>&nbsp;<\/p>","protected":false},"excerpt":{"rendered":"<p>Poign\u00e9e de traction de c\u00e2ble plate en aluminium de qualit\u00e9 sup\u00e9rieure. L\u00e9g\u00e8re, r\u00e9sistante et robuste. Largeur : 49 cm, diam\u00e8tre de la poign\u00e9e : 33 mm, poids : 0,65 kg.<\/p>","protected":false},"featured_media":56556,"comment_status":"closed","ping_status":"closed","template":"","meta":{"_acf_changed":false,"_gspb_post_css":""},"product_brand":[1000],"product_cat":[815],"product_tag":[],"class_list":{"0":"post-2015","1":"product","2":"type-product","3":"status-publish","4":"has-post-thumbnail","6":"product_brand-fitcom","7":"product_cat-griffe-kabelzug","8":"pa_artikel-pro-verkaufseinheit-1x","9":"pa_breite-49-cm","10":"pa_ergonomischer-griff-nein","11":"pa_farbe-chrom","12":"pa_fitness-zubehoertyp-kabelzuggriff","13":"pa_griffdurchmesser-33-mm","14":"pa_griffweitenmarkierung-nein","15":"pa_hoehe-8-cm","16":"pa_lieferumfang-1x-kabelzuggriff","17":"pa_material-aluminium","18":"pa_material-griff-aluminium","20":"first","21":"outofstock","22":"taxable","23":"shipping-taxable","24":"purchasable","25":"product-type-simple"},"bundled_by":[],"bundle_stock_status":"outofstock","bundle_stock_quantity":0,"bundle_virtual":false,"bundle_layout":"","bundle_add_to_cart_form_location":"","bundle_editable_in_cart":false,"bundle_sold_individually_context":"","bundle_item_grouping":"","bundle_min_size":"","bundle_max_size":"","bundle_price":[],"bundled_items":[],"bundle_sell_ids":[],"acf":[],"df_price":29,"df_sale_price":"","df_regular_price":29,"df_image_link":"https:\/\/www.fitness-flohmarkt.ch\/wp-content\/uploads\/Aluminium-Griff-flach-2-20250314-100017-300x300.png","_links":{"self":[{"href":"https:\/\/www.fitness-flohmarkt.ch\/fr\/wp-json\/wp\/v2\/product\/2015","targetHints":{"allow":["GET"]}}],"collection":[{"href":"https:\/\/www.fitness-flohmarkt.ch\/fr\/wp-json\/wp\/v2\/product"}],"about":[{"href":"https:\/\/www.fitness-flohmarkt.ch\/fr\/wp-json\/wp\/v2\/types\/product"}],"replies":[{"embeddable":true,"href":"https:\/\/www.fitness-flohmarkt.ch\/fr\/wp-json\/wp\/v2\/comments?post=2015"}],"wp:featuredmedia":[{"embeddable":true,"href":"https:\/\/www.fitness-flohmarkt.ch\/fr\/wp-json\/wp\/v2\/media\/56556"}],"wp:attachment":[{"href":"https:\/\/www.fitness-flohmarkt.ch\/fr\/wp-json\/wp\/v2\/media?parent=2015"}],"wp:term":[{"taxonomy":"product_brand","embeddable":true,"href":"https:\/\/www.fitness-flohmarkt.ch\/fr\/wp-json\/wp\/v2\/product_brand?post=2015"},{"taxonomy":"product_cat","embeddable":true,"href":"https:\/\/www.fitness-flohmarkt.ch\/fr\/wp-json\/wp\/v2\/product_cat?post=2015"},{"taxonomy":"product_tag","embeddable":true,"href":"https:\/\/www.fitness-flohmarkt.ch\/fr\/wp-json\/wp\/v2\/product_tag?post=2015"}],"curies":[{"name":"wp","href":"https:\/\/api.w.org\/{rel}","templated":true}]}}