{"id":2002,"date":"2025-01-25T15:57:27","date_gmt":"2025-01-25T14:57:27","guid":{"rendered":"https:\/\/www2.fitness-flohmarkt.ch\/produkt\/aluminium-sz-griff-kabelzug-premium\/"},"modified":"2026-04-20T13:30:25","modified_gmt":"2026-04-20T11:30:25","slug":"aluminium-sz-poignee-tire-cable-premium","status":"publish","type":"product","link":"https:\/\/www.fitness-flohmarkt.ch\/fr\/produkt\/aluminium-sz-griff-kabelzug-premium\/","title":{"rendered":"Poign\u00e9e en aluminium SZ Tirage \u00e0 c\u00e2ble | Premium"},"content":{"rendered":"<h3 class=\"\" data-start=\"132\" data-end=\"220\"><strong data-start=\"136\" data-end=\"220\">Poign\u00e9e de traction de c\u00e2ble SZ en aluminium - l\u00e9g\u00e8re, r\u00e9sistante et fabriqu\u00e9e en qualit\u00e9 premium<\/strong><\/h3>\n<p class=\"\" data-start=\"222\" data-end=\"553\">La poign\u00e9e SZ en aluminium est con\u00e7ue pour l'entra\u00eenement \u00e0 la traction sur les stations de c\u00e2bles et offre de multiples possibilit\u00e9s d'utilisation gr\u00e2ce \u00e0 sa forme SZ, notamment pour les exercices des bras et du haut du corps. Avec une largeur de 78 cm, un diam\u00e8tre de poign\u00e9e de 33 mm et un poids de seulement 1 kg, la poign\u00e9e tient bien dans la main.<\/p>\n<p class=\"\" data-start=\"555\" data-end=\"754\">Fabriqu\u00e9e en aluminium de qualit\u00e9 sup\u00e9rieure, la poign\u00e9e est extr\u00eamement l\u00e9g\u00e8re, mais en m\u00eame temps robuste et r\u00e9sistante - id\u00e9ale pour un entra\u00eenement intensif en salle ou \u00e0 domicile.<\/p>\n<p>&nbsp;<\/p>","protected":false},"excerpt":{"rendered":"<p>Poign\u00e9e de traction de c\u00e2ble SZ en aluminium de qualit\u00e9 sup\u00e9rieure. Largeur de 78 cm, robuste et r\u00e9sistante. Id\u00e9ale pour un entra\u00eenement de musculation polyvalent au tirant \u00e0 c\u00e2ble.<\/p>","protected":false},"featured_media":56548,"comment_status":"closed","ping_status":"closed","template":"","meta":{"_acf_changed":false,"_gspb_post_css":""},"product_brand":[1000],"product_cat":[815],"product_tag":[],"class_list":{"0":"post-2002","1":"product","2":"type-product","3":"status-publish","4":"has-post-thumbnail","6":"product_brand-fitcom","7":"product_cat-griffe-kabelzug","8":"pa_artikel-pro-verkaufseinheit-1x","9":"pa_breite-78-cm","10":"pa_ergonomischer-griff-nein","11":"pa_farbe-chrom","12":"pa_fitness-zubehoertyp-kabelzuggriff","13":"pa_gewicht-1-kg","14":"pa_griffdurchmesser-33-mm","15":"pa_griffweitenmarkierung-nein","16":"pa_hoehe-8-cm","17":"pa_lieferumfang-1x-kabelzuggriff","18":"pa_material-aluminium","19":"pa_material-griff-aluminium","21":"first","22":"instock","23":"taxable","24":"shipping-taxable","25":"purchasable","26":"product-type-simple"},"bundled_by":[],"bundle_stock_status":"instock","bundle_stock_quantity":54,"bundle_virtual":false,"bundle_layout":"","bundle_add_to_cart_form_location":"","bundle_editable_in_cart":false,"bundle_sold_individually_context":"","bundle_item_grouping":"","bundle_min_size":"","bundle_max_size":"","bundle_price":[],"bundled_items":[],"bundle_sell_ids":[],"acf":[],"df_price":38,"df_sale_price":"","df_regular_price":38,"df_image_link":"https:\/\/www.fitness-flohmarkt.ch\/wp-content\/uploads\/Aluminium-SZ-Griff-1-20250314-100010-300x300.png","_links":{"self":[{"href":"https:\/\/www.fitness-flohmarkt.ch\/fr\/wp-json\/wp\/v2\/product\/2002","targetHints":{"allow":["GET"]}}],"collection":[{"href":"https:\/\/www.fitness-flohmarkt.ch\/fr\/wp-json\/wp\/v2\/product"}],"about":[{"href":"https:\/\/www.fitness-flohmarkt.ch\/fr\/wp-json\/wp\/v2\/types\/product"}],"replies":[{"embeddable":true,"href":"https:\/\/www.fitness-flohmarkt.ch\/fr\/wp-json\/wp\/v2\/comments?post=2002"}],"wp:featuredmedia":[{"embeddable":true,"href":"https:\/\/www.fitness-flohmarkt.ch\/fr\/wp-json\/wp\/v2\/media\/56548"}],"wp:attachment":[{"href":"https:\/\/www.fitness-flohmarkt.ch\/fr\/wp-json\/wp\/v2\/media?parent=2002"}],"wp:term":[{"taxonomy":"product_brand","embeddable":true,"href":"https:\/\/www.fitness-flohmarkt.ch\/fr\/wp-json\/wp\/v2\/product_brand?post=2002"},{"taxonomy":"product_cat","embeddable":true,"href":"https:\/\/www.fitness-flohmarkt.ch\/fr\/wp-json\/wp\/v2\/product_cat?post=2002"},{"taxonomy":"product_tag","embeddable":true,"href":"https:\/\/www.fitness-flohmarkt.ch\/fr\/wp-json\/wp\/v2\/product_tag?post=2002"}],"curies":[{"name":"wp","href":"https:\/\/api.w.org\/{rel}","templated":true}]}}