{"id":1993,"date":"2025-01-25T15:57:22","date_gmt":"2025-01-25T14:57:22","guid":{"rendered":"https:\/\/www2.fitness-flohmarkt.ch\/produkt\/kurzhantelsatz-1-10-kg-inkl-staender-set-chrome-hanteln\/"},"modified":"2026-04-20T15:12:54","modified_gmt":"2026-04-20T13:12:54","slug":"ensemble-dhalteres-courts-1-10-kg-y-compris-lensemble-de-supports-halteres-chrome","status":"publish","type":"product","link":"https:\/\/www.fitness-flohmarkt.ch\/fr\/produkt\/kurzhantelsatz-1-10-kg-inkl-staender-set-chrome-hanteln\/","title":{"rendered":"Ensemble d'halt\u00e8res courts 1-10 kg y compris support | Ensemble d'halt\u00e8res en chrome"},"content":{"rendered":"<h3 data-start=\"359\" data-end=\"809\"><strong data-start=\"378\" data-end=\"490\">Set de dumbbell chrom\u00e9 de 1 \u00e0 10 kg avec support - Design noble et rangement peu encombrant pour un entra\u00eenement intensif<\/strong><\/h3>\n<p class=\"\" data-start=\"359\" data-end=\"809\">Le set Chrom Dumbbell 1-10 kg comprend 10 paires d'halt\u00e8res en chrome sans odeur, dot\u00e9es d'un moletage antid\u00e9rapant et d'une forme de poign\u00e9e ergonomique pour une prise en main optimale pendant l'entra\u00eenement. L'indication du poids grav\u00e9e permet d'identifier rapidement la charge dont tu as besoin.<\/p>\n<p class=\"\" data-start=\"811\" data-end=\"1163\">La solution de rangement peu encombrante est rendue possible par le Vertical Dumbbell Rack (dimensions : 48 x 42 x 127 cm) qui permet de stocker les halt\u00e8res de mani\u00e8re s\u00fbre et ordonn\u00e9e. Ce rack offre non seulement une mani\u00e8re stable et pratique de ranger les halt\u00e8res, mais il contribue \u00e9galement \u00e0 l'esth\u00e9tique de la zone d'entra\u00eenement gr\u00e2ce \u00e0 son look \u00e9l\u00e9gant.<\/p>\n<p class=\"\" data-start=\"1165\" data-end=\"1538\">Gr\u00e2ce \u00e0 la finition chrom\u00e9e de haute qualit\u00e9, les halt\u00e8res sont non seulement durables et robustes, mais aussi inodores - un plus pour une exp\u00e9rience d'entra\u00eenement agr\u00e9able. Cet ensemble est parfait pour la musculation, les exercices d'endurance et l'utilisation dans les salles de sport ou les gymnases \u00e0 domicile, o\u00f9 la qualit\u00e9 et la fonctionnalit\u00e9 sont toutes deux requises.<\/p>","protected":false},"excerpt":{"rendered":"<p>Le Chrom Dumbbell Set 1-10 kg offre un choix d'halt\u00e8res de haute qualit\u00e9 pour un entra\u00eenement intensif : 10 paires d'halt\u00e8res en acier chrom\u00e9, rang\u00e9es dans un Vertical Dumbbell Rack stable et peu encombrant. Id\u00e9al pour la musculation et les exercices d'endurance.<\/p>","protected":false},"featured_media":9048135,"comment_status":"closed","ping_status":"closed","template":"","meta":{"_acf_changed":false,"_gspb_post_css":""},"product_brand":[1000],"product_cat":[302,304],"product_tag":[],"class_list":{"0":"post-1993","1":"product","2":"type-product","3":"status-publish","4":"has-post-thumbnail","6":"product_brand-fitcom","7":"product_cat-kompakthanteln","8":"product_cat-reha-physio","9":"product_shipping_class-standard","10":"pa_artikel-pro-verkaufseinheit-2x","11":"pa_breite-48-cm","12":"pa_farbe-schwarz","13":"pa_gewicht-21-kg","14":"pa_hanteltyp-kurzhantel","15":"pa_hoehe-127-cm","16":"pa_kernmaterial-metall","17":"pa_lieferumfang-1x-1-10-kg-chromhantel-paar","18":"pa_lieferumfang-1x-kurzhantelstaender","19":"pa_max-belastung-250-kg","20":"pa_staendertyp-kurzhantelstaender","21":"pa_tiefe-42-cm","23":"first","24":"outofstock","25":"taxable","26":"shipping-taxable","27":"purchasable","28":"product-type-simple"},"bundled_by":[],"bundle_stock_status":"outofstock","bundle_stock_quantity":-1,"bundle_virtual":false,"bundle_layout":"","bundle_add_to_cart_form_location":"","bundle_editable_in_cart":false,"bundle_sold_individually_context":"","bundle_item_grouping":"","bundle_min_size":"","bundle_max_size":"","bundle_price":[],"bundled_items":[],"bundle_sell_ids":[],"acf":[],"df_price":550,"df_sale_price":"","df_regular_price":550,"df_image_link":"https:\/\/www.fitness-flohmarkt.ch\/wp-content\/uploads\/web_St-nder-Kurzhanteln-10-fach-2-20250314-095917_1080x1080-300x300.png","_links":{"self":[{"href":"https:\/\/www.fitness-flohmarkt.ch\/fr\/wp-json\/wp\/v2\/product\/1993","targetHints":{"allow":["GET"]}}],"collection":[{"href":"https:\/\/www.fitness-flohmarkt.ch\/fr\/wp-json\/wp\/v2\/product"}],"about":[{"href":"https:\/\/www.fitness-flohmarkt.ch\/fr\/wp-json\/wp\/v2\/types\/product"}],"replies":[{"embeddable":true,"href":"https:\/\/www.fitness-flohmarkt.ch\/fr\/wp-json\/wp\/v2\/comments?post=1993"}],"wp:featuredmedia":[{"embeddable":true,"href":"https:\/\/www.fitness-flohmarkt.ch\/fr\/wp-json\/wp\/v2\/media\/9048135"}],"wp:attachment":[{"href":"https:\/\/www.fitness-flohmarkt.ch\/fr\/wp-json\/wp\/v2\/media?parent=1993"}],"wp:term":[{"taxonomy":"product_brand","embeddable":true,"href":"https:\/\/www.fitness-flohmarkt.ch\/fr\/wp-json\/wp\/v2\/product_brand?post=1993"},{"taxonomy":"product_cat","embeddable":true,"href":"https:\/\/www.fitness-flohmarkt.ch\/fr\/wp-json\/wp\/v2\/product_cat?post=1993"},{"taxonomy":"product_tag","embeddable":true,"href":"https:\/\/www.fitness-flohmarkt.ch\/fr\/wp-json\/wp\/v2\/product_tag?post=1993"}],"curies":[{"name":"wp","href":"https:\/\/api.w.org\/{rel}","templated":true}]}}