{"id":1980,"date":"2025-01-25T15:57:08","date_gmt":"2025-01-25T14:57:08","guid":{"rendered":"https:\/\/www2.fitness-flohmarkt.ch\/produkt\/atx-interval-digitaler-timer-mini-magnetisch\/"},"modified":"2026-04-20T14:55:22","modified_gmt":"2026-04-20T12:55:22","slug":"atx-interval-minuterie-digitale-mini-magnetique","status":"publish","type":"product","link":"https:\/\/www.fitness-flohmarkt.ch\/fr\/produkt\/atx-interval-digitaler-timer-mini-magnetisch\/","title":{"rendered":"ATX Interval Minuteur num\u00e9rique mini | magn\u00e9tique"},"content":{"rendered":"<h3 class=\"product--description\"><strong>ATX<sup>\u00ae<\/sup>\u00a0Interval Timer Mini - Minuteur magn\u00e9tique \u00e0 intervalles au format de poche<\/strong><\/h3>\n<p class=\"product--description\">L'ATX\u00ae Interval Timer Mini magn\u00e9tique est un minuteur d'intervalle compact et polyvalent au format de poche, qui se range facilement gr\u00e2ce \u00e0 sa taille de seulement 15 x 5 centim\u00e8tres et peut \u00eatre emport\u00e9 partout. Il a \u00e9t\u00e9 sp\u00e9cialement con\u00e7u pour fonctionner de mani\u00e8re ind\u00e9pendante, il n'est donc pas n\u00e9cessaire d'avoir une t\u00e9l\u00e9commande ou un smartphone pour l'utiliser. Le dos magn\u00e9tique permet une fixation facile sur les surfaces m\u00e9talliques ferreuses, de sorte que le minuteur reste toujours bien visible et \u00e0 port\u00e9e de main. Le minuteur peut \u00e9galement \u00eatre plac\u00e9 librement, m\u00eame \u00e0 l'envers, ce qui le rend id\u00e9al pour diff\u00e9rentes situations d'entra\u00eenement comme les pompes sur les mains. L'affichage des chiffres \u00e0 6 chiffres est bicolore, vert et rouge, et offre des chiffres clairs, faciles \u00e0 lire m\u00eame \u00e0 distance.La batterie rechargeable dure jusqu'\u00e0 dix heures d'entra\u00eenement et peut \u00eatre recharg\u00e9e via le c\u00e2ble USB-C fourni, et le minuteur peut continuer \u00e0 \u00eatre utilis\u00e9 pendant le chargement. Diff\u00e9rents modes permettent de programmer les temps d'entra\u00eenement, les pauses et le nombre de tours, ainsi que de l'utiliser comme chronom\u00e8tre avec une pr\u00e9cision de 1\/100 de seconde. En plus des fonctions de countup et de compte \u00e0 rebours, il est possible de s\u00e9lectionner des programmes d'entra\u00eenement pr\u00e9programm\u00e9s comme Tabata ou Fight Gone Bad, qui d\u00e9marrent avant le d\u00e9but par un compte \u00e0 rebours de 10 secondes. Un bip sonore puissant signale le d\u00e9but, la fin et les pauses des programmes. Le bo\u00eetier est en plastique robuste et r\u00e9sistant aux chocs, ce qui rend le minuteur adapt\u00e9 aux s\u00e9ances d'entra\u00eenement les plus exigeantes.<\/p>","protected":false},"excerpt":{"rendered":"<p>L'ATX\u00ae Interval Timer Mini magn\u00e9tique est un minuteur d'intervalles compact et rechargeable avec un affichage couleur \u00e0 6 chiffres facile \u00e0 lire et un dos magn\u00e9tique pour la fixation. Il offre des modes d'entra\u00eenement polyvalents, des intervalles programmables ainsi que des fonctions de chronom\u00e8tre et convient parfaitement \u00e0 l'entra\u00eenement mobile sans t\u00e9l\u00e9commande ou smartphone.<\/p>","protected":false},"featured_media":9048533,"comment_status":"closed","ping_status":"closed","template":"","meta":{"_acf_changed":false,"_gspb_post_css":""},"product_brand":[1039],"product_cat":[819],"product_tag":[],"class_list":{"0":"post-1980","1":"product","2":"type-product","3":"status-publish","4":"has-post-thumbnail","6":"product_brand-atx","7":"product_cat-digital-timer","8":"pa_artikel-pro-verkaufseinheit-2x","9":"pa_farbe-schwarz","10":"pa_fitness-zubehoertyp-digital-timer","11":"pa_gewicht-0-5-kg","12":"pa_hoehe-5-cm","13":"pa_laenge-15-cm","14":"pa_lieferumfang-1x-digital-timer","15":"pa_lieferumfang-1x-usb-c-ladekabel","16":"pa_material-kunststoff","17":"pa_tiefe-2-5-cm","19":"first","20":"instock","21":"taxable","22":"shipping-taxable","23":"purchasable","24":"product-type-simple"},"bundled_by":[],"bundle_stock_status":"instock","bundle_stock_quantity":6,"bundle_virtual":false,"bundle_layout":"","bundle_add_to_cart_form_location":"","bundle_editable_in_cart":false,"bundle_sold_individually_context":"","bundle_item_grouping":"","bundle_min_size":"","bundle_max_size":"","bundle_price":[],"bundled_items":[],"bundle_sell_ids":[],"acf":[],"df_price":99,"df_sale_price":"","df_regular_price":99,"df_image_link":"https:\/\/www.fitness-flohmarkt.ch\/wp-content\/uploads\/317257_1-20251006-125805-300x300.jpg","_links":{"self":[{"href":"https:\/\/www.fitness-flohmarkt.ch\/fr\/wp-json\/wp\/v2\/product\/1980","targetHints":{"allow":["GET"]}}],"collection":[{"href":"https:\/\/www.fitness-flohmarkt.ch\/fr\/wp-json\/wp\/v2\/product"}],"about":[{"href":"https:\/\/www.fitness-flohmarkt.ch\/fr\/wp-json\/wp\/v2\/types\/product"}],"replies":[{"embeddable":true,"href":"https:\/\/www.fitness-flohmarkt.ch\/fr\/wp-json\/wp\/v2\/comments?post=1980"}],"wp:featuredmedia":[{"embeddable":true,"href":"https:\/\/www.fitness-flohmarkt.ch\/fr\/wp-json\/wp\/v2\/media\/9048533"}],"wp:attachment":[{"href":"https:\/\/www.fitness-flohmarkt.ch\/fr\/wp-json\/wp\/v2\/media?parent=1980"}],"wp:term":[{"taxonomy":"product_brand","embeddable":true,"href":"https:\/\/www.fitness-flohmarkt.ch\/fr\/wp-json\/wp\/v2\/product_brand?post=1980"},{"taxonomy":"product_cat","embeddable":true,"href":"https:\/\/www.fitness-flohmarkt.ch\/fr\/wp-json\/wp\/v2\/product_cat?post=1980"},{"taxonomy":"product_tag","embeddable":true,"href":"https:\/\/www.fitness-flohmarkt.ch\/fr\/wp-json\/wp\/v2\/product_tag?post=1980"}],"curies":[{"name":"wp","href":"https:\/\/api.w.org\/{rel}","templated":true}]}}