{"id":19516,"date":"2025-02-11T02:32:38","date_gmt":"2025-02-11T01:32:38","guid":{"rendered":"https:\/\/www2.fitness-flohmarkt.ch\/produkt\/premium-speed-jump-rope-springseil\/"},"modified":"2026-04-20T13:30:44","modified_gmt":"2026-04-20T11:30:44","slug":"premium-speed-jump-rope-corde-a-sauter","status":"publish","type":"product","link":"https:\/\/www.fitness-flohmarkt.ch\/fr\/produkt\/premium-speed-jump-rope-springseil\/","title":{"rendered":"Premium Speed Jump Rope | Corde \u00e0 sauter"},"content":{"rendered":"<h3><span data-sheets-root=\"1\">Premium Springseil<\/span> \u2013 Hochleistungs-Springseil f\u00fcr Speed, Technik und Kontrolle<\/h3>\n<p data-start=\"72\" data-end=\"1046\">Die Premium Jump Rope ist ein besonders strapazierf\u00e4higes Springseil, das speziell f\u00fcr den Einsatz im Leistungssport entwickelt wurde. Die Griffe bestehen aus einer langlebigen Legierung und sind mit integrierten Stahlstiften sowie hochwertigen Kugellagern ausgestattet, wodurch das Springseil alle Anforderungen f\u00fcr ein optimales Speed- oder Doubleunder-Training erf\u00fcllt. Die etwas l\u00e4ngeren und sehr robusten Aluminiumgriffe mit einer L\u00e4nge von 16 Zentimetern liegen gut in der Hand, wobei der leicht rauere Bereich am Griff f\u00fcr einen sicheren Halt sorgt. Die 360\u00b0 Drehgelenke an den Griffenden gew\u00e4hrleisten eine schnelle und gleichm\u00e4ssige Rotation und passen sich optimal dem Schwungwinkel des Seils an. Das 2,5 Millimeter d\u00fcnne, mit Kunststoff ummantelte Drahtseil bietet die n\u00f6tige Leichtigkeit und ist dennoch sehr robust. Die Seill\u00e4nge von drei Metern, geeignet f\u00fcr K\u00f6rpergr\u00f6ssen bis zwei Meter, l\u00e4sst sich \u00fcber verstellbare Endschrauben einfach von Hand anpassen.<\/p>\n<p data-start=\"1048\" data-end=\"1397\">La Hi-End Speed Jump Rope est parfaite pour l'entra\u00eenement et la comp\u00e9tition et se distingue par sa finition solide. C'est un excellent accessoire pour am\u00e9liorer la coordination, l'agilit\u00e9, la vitesse, le travail des pieds et l'endurance.<\/p>\n<p><strong>Remarque :<\/strong> Pour un meilleur \u00e9lan, nous te conseillons de couper le fil en trop apr\u00e8s avoir ajust\u00e9 la longueur de la corde.<\/p>","protected":false},"excerpt":{"rendered":"<p>Corde de saut de vitesse Hi-End avec articulations pivotantes \u00e0 360\u00b0 et poign\u00e9es en aluminium - id\u00e9ale pour les double-unders, l'entra\u00eenement de vitesse et les comp\u00e9titions. C\u00e2ble en acier robuste (2,5 mm) recouvert de plastique de 3 m de long, r\u00e9glable jusqu'\u00e0 une taille de 2 m. Pour une rotation et une pr\u00e9cision maximales.<\/p>","protected":false},"featured_media":9013691,"comment_status":"closed","ping_status":"closed","template":"","meta":{"_acf_changed":false,"_gspb_post_css":""},"product_brand":[1000],"product_cat":[818,820],"product_tag":[],"class_list":{"0":"post-19516","1":"product","2":"type-product","3":"status-publish","4":"has-post-thumbnail","6":"product_brand-fitcom","7":"product_cat-conditioning","8":"product_cat-springseil","9":"pa_360-drehgelenk-ja","10":"pa_artikel-pro-verkaufseinheit-1x","11":"pa_farbe-blau","12":"pa_farbe-gold","13":"pa_farbe-pink","14":"pa_farbe-schwarz","15":"pa_gewicht-0-2-kg","16":"pa_griffdurchmesser-18-mm","17":"pa_grifflaenge-15-cm","18":"pa_laenge-3-m","19":"pa_lieferumfang-1x-springseil","20":"pa_material-griff-aluminium","21":"pa_material-seil-stahl","22":"pa_max-koerpergroesse-200-cm","23":"pa_seildurchmesser-25-mm-fr","24":"pa_springseil-ausstattung-laengenverstellbar","25":"pa_springseiltyp-speed-rope","27":"first","28":"instock","29":"taxable","30":"shipping-taxable","31":"purchasable","32":"product-type-variable"},"bundled_by":[],"bundle_stock_status":"instock","bundle_stock_quantity":null,"bundle_virtual":false,"bundle_layout":"","bundle_add_to_cart_form_location":"","bundle_editable_in_cart":false,"bundle_sold_individually_context":"","bundle_item_grouping":"","bundle_min_size":"","bundle_max_size":"","bundle_price":[],"bundled_items":[],"bundle_sell_ids":[],"acf":[],"df_price":15,"df_sale_price":"","df_regular_price":15,"df_image_link":"https:\/\/www.fitness-flohmarkt.ch\/wp-content\/uploads\/F-11375_Aluminium-Springseil_0-20250328-081151-300x300.jpg","_links":{"self":[{"href":"https:\/\/www.fitness-flohmarkt.ch\/fr\/wp-json\/wp\/v2\/product\/19516","targetHints":{"allow":["GET"]}}],"collection":[{"href":"https:\/\/www.fitness-flohmarkt.ch\/fr\/wp-json\/wp\/v2\/product"}],"about":[{"href":"https:\/\/www.fitness-flohmarkt.ch\/fr\/wp-json\/wp\/v2\/types\/product"}],"replies":[{"embeddable":true,"href":"https:\/\/www.fitness-flohmarkt.ch\/fr\/wp-json\/wp\/v2\/comments?post=19516"}],"wp:featuredmedia":[{"embeddable":true,"href":"https:\/\/www.fitness-flohmarkt.ch\/fr\/wp-json\/wp\/v2\/media\/9013691"}],"wp:attachment":[{"href":"https:\/\/www.fitness-flohmarkt.ch\/fr\/wp-json\/wp\/v2\/media?parent=19516"}],"wp:term":[{"taxonomy":"product_brand","embeddable":true,"href":"https:\/\/www.fitness-flohmarkt.ch\/fr\/wp-json\/wp\/v2\/product_brand?post=19516"},{"taxonomy":"product_cat","embeddable":true,"href":"https:\/\/www.fitness-flohmarkt.ch\/fr\/wp-json\/wp\/v2\/product_cat?post=19516"},{"taxonomy":"product_tag","embeddable":true,"href":"https:\/\/www.fitness-flohmarkt.ch\/fr\/wp-json\/wp\/v2\/product_tag?post=19516"}],"curies":[{"name":"wp","href":"https:\/\/api.w.org\/{rel}","templated":true}]}}