{"id":19467,"date":"2025-02-11T02:32:18","date_gmt":"2025-02-11T01:32:18","guid":{"rendered":"https:\/\/www2.fitness-flohmarkt.ch\/produkt\/hex-dumbbell-hexagon-hantel\/"},"modified":"2026-04-16T11:50:46","modified_gmt":"2026-04-16T09:50:46","slug":"hex-dumbbell-haltere-hexagonal","status":"publish","type":"product","link":"https:\/\/www.fitness-flohmarkt.ch\/fr\/produkt\/hex-dumbbell-hexagon-hantel\/","title":{"rendered":"Hex Dumbbell | Halt\u00e8re hexagonal"},"content":{"rendered":"<h3 class=\"\" data-start=\"112\" data-end=\"199\"><strong data-start=\"116\" data-end=\"197\">Hex Dumbbells - halt\u00e8res courts robustes de studio pour un entra\u00eenement fonctionnel intensif<\/strong><\/h3>\n<p class=\"\" data-start=\"200\" data-end=\"568\">Les Hex Dumbbells sont des halt\u00e8res courts professionnels en caoutchouc qui convainquent par leur haute qualit\u00e9 et leur longue dur\u00e9e de vie. Le noyau massif en fonte est recouvert d'un rev\u00eatement en caoutchouc r\u00e9sistant qui est non seulement extr\u00eamement robuste &amp; durable, mais qui prot\u00e8ge \u00e9galement le sol - id\u00e9al pour une utilisation fr\u00e9quente dans le domaine de l'entra\u00eenement fonctionnel ou du CrossFit.<\/p>\n<p class=\"\" data-start=\"570\" data-end=\"921\">Gr\u00e2ce \u00e0 leur forme hexagonale, les halt\u00e8res peuvent \u00eatre d\u00e9pos\u00e9s en toute s\u00e9curit\u00e9 sans rouler. La poign\u00e9e ergonomique - chrom\u00e9e &amp; avec une longueur de poign\u00e9e d'environ 13 cm - est agr\u00e9able dans la main et permet des mouvements contr\u00f4l\u00e9s. Chaque halt\u00e8re dispose d'une indication de poids int\u00e9gr\u00e9e, ce qui facilite une reconnaissance rapide pendant l'entra\u00eenement.<\/p>\n<p class=\"\" data-start=\"923\" data-end=\"1310\">En tant qu'\u00e9quipement de studio professionnel, les Hex Dumbbells r\u00e9pondent aux exigences les plus \u00e9lev\u00e9es en mati\u00e8re de qualit\u00e9 et d'utilisation quotidienne. L'utilisation de mati\u00e8res premi\u00e8res de haute qualit\u00e9 - compos\u00e9es de caoutchouc r\u00e9sistant et d'une poign\u00e9e chrom\u00e9e \u00e0 la finition soign\u00e9e - en fait le choix id\u00e9al pour un entra\u00eenement intensif et r\u00e9p\u00e9t\u00e9 en studio ou \u00e0 la maison.<\/p>\n<p class=\"\" data-start=\"923\" data-end=\"1310\">Disponible en poids de 1 \u00e0 60 kg.<\/p>","protected":false},"excerpt":{"rendered":"<p>Hex Dumbbells : halt\u00e8res courts robustes avec rev\u00eatement en caoutchouc et forme hexagonale - id\u00e9aux pour l'entra\u00eenement fonctionnel et le CrossFit. Durables, n'ab\u00eemant pas le sol et avec une poign\u00e9e chrom\u00e9e pour une prise en main s\u00fbre. Disponibles de 1 \u00e0 60 kg.<\/p>","protected":false},"featured_media":9049004,"comment_status":"closed","ping_status":"closed","template":"","meta":{"_acf_changed":false,"_gspb_post_css":""},"product_brand":[1000],"product_cat":[302],"product_tag":[],"class_list":{"0":"post-19467","1":"product","2":"type-product","3":"status-publish","4":"has-post-thumbnail","6":"product_brand-fitcom","7":"product_cat-kompakthanteln","8":"pa_anzahl-hanteln-1x","9":"pa_artikel-pro-verkaufseinheit-1x","10":"pa_breite-10-5-cm","11":"pa_breite-11-cm","12":"pa_breite-11-5-cm","13":"pa_breite-13-cm","14":"pa_breite-14-cm","15":"pa_breite-14-5-cm","16":"pa_breite-15-cm","17":"pa_breite-15-5-cm","18":"pa_breite-16-cm","19":"pa_breite-16-5-cm","20":"pa_breite-17-cm","21":"pa_breite-17-5-cm","22":"pa_breite-18-cm","23":"pa_breite-18-5-cm","24":"pa_breite-19-cm","25":"pa_breite-20-cm","26":"pa_breite-20-5-cm","27":"pa_breite-7-cm","28":"pa_breite-9-cm","29":"pa_ergonomischer-griff-nein","30":"pa_farbe-schwarz","31":"pa_gewicht-1-kg","32":"pa_gewicht-10-kg","33":"pa_gewicht-12-5-kg","34":"pa_gewicht-15-kg","35":"pa_gewicht-17-5-kg","36":"pa_gewicht-2-kg","37":"pa_gewicht-2-5-kg","38":"pa_gewicht-20-kg","39":"pa_gewicht-22-5-kg","40":"pa_gewicht-25-kg","41":"pa_gewicht-27-5-kg","42":"pa_gewicht-3-kg","43":"pa_gewicht-30-kg","44":"pa_gewicht-32-5-kg","45":"pa_gewicht-35-kg","46":"pa_gewicht-37-5-kg","47":"pa_gewicht-4-kg","48":"pa_gewicht-40-kg","49":"pa_gewicht-42-5-kg","50":"pa_gewicht-45-kg","51":"pa_gewicht-47-5-kg","52":"pa_gewicht-5-kg","53":"pa_gewicht-50-kg","54":"pa_gewicht-52-5-kg","55":"pa_gewicht-55-kg","56":"pa_gewicht-57-5-kg","57":"pa_gewicht-6-kg","58":"pa_gewicht-60-kg","59":"pa_gewicht-7-kg","60":"pa_gewicht-7-5-kg","61":"pa_gewicht-8-kg","62":"pa_gewicht-9-kg","63":"pa_griffdurchmesser-2-8-mm","64":"pa_griffdurchmesser-34-mm","65":"pa_griffinnenmass-13-cm","66":"pa_griffumfang-107-mm","67":"pa_griffumfang-88-mm","68":"pa_hanteltyp-kurzhantel","69":"pa_hoehe-10-5-cm","70":"pa_hoehe-12-cm","71":"pa_hoehe-13-cm","72":"pa_hoehe-13-5-cm","73":"pa_hoehe-15-cm","74":"pa_hoehe-16-cm","75":"pa_hoehe-16-5-cm","76":"pa_hoehe-17-cm","77":"pa_hoehe-17-5-cm","78":"pa_hoehe-18-cm","79":"pa_hoehe-18-5-cm","80":"pa_hoehe-19-cm","81":"pa_hoehe-19-5-cm","82":"pa_hoehe-20-cm","83":"pa_hoehe-21-cm","84":"pa_hoehe-21-5-cm","85":"pa_hoehe-22-cm","86":"pa_hoehe-22-5-cm","87":"pa_hoehe-23-cm","88":"pa_hoehe-23-5-cm","89":"pa_hoehe-8-cm","90":"pa_kernmaterial-gusseisen","91":"pa_laenge-22-cm","92":"pa_laenge-22-5-cm","93":"pa_laenge-24-5-cm","94":"pa_laenge-26-cm","95":"pa_laenge-28-5-cm","96":"pa_laenge-29-5-cm","97":"pa_laenge-30-cm","98":"pa_laenge-30-5-cm","99":"pa_laenge-31-cm","100":"pa_laenge-32-5-cm","101":"pa_laenge-34-cm","102":"pa_laenge-35-5-cm","103":"pa_laenge-36-5-cm","104":"pa_laenge-37-cm","105":"pa_laenge-38-cm","106":"pa_laenge-39-cm","107":"pa_laenge-39-5-cm","108":"pa_laenge-40-5-cm","109":"pa_laenge-41-5-cm","110":"pa_laenge-42-5-cm","111":"pa_laenge-43-5-cm","112":"pa_laenge-45-cm","113":"pa_laenge-46-cm","114":"pa_laenge-47-cm","115":"pa_laenge-48-cm","116":"pa_lieferumfang-1x-hantel","117":"pa_max-gewicht-60-kg","118":"pa_min-gewicht-1-kg","119":"pa_oberflaeche-gummi","120":"pa_verstellbar-nein","122":"first","123":"instock","124":"taxable","125":"shipping-taxable","126":"purchasable","127":"product-type-variable"},"bundled_by":["4153","4153","4153","4153","4153","4153","4153","4153","4153","4153","5172","5172","5172","5172","5172","5172","5274","5274","5274","5274","5274","5274","5274","5274","5274","5274","5274","5274","11541","11541","11541","11541","11541","11541","11541","11541","11541","11541","5133","5133","5133","5133","5133","5133","5133","5133","5133","5133"],"bundle_stock_status":"instock","bundle_stock_quantity":4195,"bundle_virtual":false,"bundle_layout":"","bundle_add_to_cart_form_location":"","bundle_editable_in_cart":false,"bundle_sold_individually_context":"","bundle_item_grouping":"","bundle_min_size":"","bundle_max_size":"","bundle_price":[],"bundled_items":[],"bundle_sell_ids":[],"acf":[],"df_price":3,"df_sale_price":"","df_regular_price":3,"df_image_link":"https:\/\/www.fitness-flohmarkt.ch\/wp-content\/uploads\/Hex-Dumbbell-5-Kg-1-3-300x200.jpg","_links":{"self":[{"href":"https:\/\/www.fitness-flohmarkt.ch\/fr\/wp-json\/wp\/v2\/product\/19467","targetHints":{"allow":["GET"]}}],"collection":[{"href":"https:\/\/www.fitness-flohmarkt.ch\/fr\/wp-json\/wp\/v2\/product"}],"about":[{"href":"https:\/\/www.fitness-flohmarkt.ch\/fr\/wp-json\/wp\/v2\/types\/product"}],"replies":[{"embeddable":true,"href":"https:\/\/www.fitness-flohmarkt.ch\/fr\/wp-json\/wp\/v2\/comments?post=19467"}],"wp:featuredmedia":[{"embeddable":true,"href":"https:\/\/www.fitness-flohmarkt.ch\/fr\/wp-json\/wp\/v2\/media\/9049004"}],"wp:attachment":[{"href":"https:\/\/www.fitness-flohmarkt.ch\/fr\/wp-json\/wp\/v2\/media?parent=19467"}],"wp:term":[{"taxonomy":"product_brand","embeddable":true,"href":"https:\/\/www.fitness-flohmarkt.ch\/fr\/wp-json\/wp\/v2\/product_brand?post=19467"},{"taxonomy":"product_cat","embeddable":true,"href":"https:\/\/www.fitness-flohmarkt.ch\/fr\/wp-json\/wp\/v2\/product_cat?post=19467"},{"taxonomy":"product_tag","embeddable":true,"href":"https:\/\/www.fitness-flohmarkt.ch\/fr\/wp-json\/wp\/v2\/product_tag?post=19467"}],"curies":[{"name":"wp","href":"https:\/\/api.w.org\/{rel}","templated":true}]}}