{"id":1711,"date":"2025-01-15T01:11:44","date_gmt":"2025-01-15T00:11:44","guid":{"rendered":"https:\/\/www2.fitness-flohmarkt.ch\/produkt\/slamball-gummi-medizinball\/"},"modified":"2026-04-15T12:50:46","modified_gmt":"2026-04-15T10:50:46","slug":"slamball-caoutchouc-ballon-de-medecine","status":"publish","type":"product","link":"https:\/\/www.fitness-flohmarkt.ch\/fr\/produkt\/slamball-gummi-medizinball\/","title":{"rendered":"Slamball | M\u00e9decine-ball en caoutchouc"},"content":{"rendered":"<h3 data-start=\"226\" data-end=\"308\"><strong data-start=\"226\" data-end=\"308\">Slamball - m\u00e9decine-ball robuste sans rebond pour un entra\u00eenement de musculation fonctionnel<\/strong><\/h3>\n<p data-start=\"310\" data-end=\"561\">La balle slam est un outil d'entra\u00eenement sp\u00e9cialis\u00e9 pour les exercices de lancer et de frappe dans le cadre de l'entra\u00eenement fonctionnel. Gr\u00e2ce \u00e0 son design \"no bounce\", la balle ne rebondit pas \u00e0 l'impact, ce qui permet des mouvements contr\u00f4l\u00e9s et un entra\u00eenement en toute s\u00e9curit\u00e9.<\/p>\n<p data-start=\"563\" data-end=\"830\">La surface en caoutchouc adh\u00e9rente assure une manipulation fiable, m\u00eame lors de mouvements rapides. Le remplissage de sable et d'air conf\u00e8re au ballon poids et stabilit\u00e9 de forme. L'enveloppe ext\u00e9rieure r\u00e9sistante est adapt\u00e9e \u00e0 une utilisation durable en studio ou \u00e0 la gym \u00e0 domicile.<\/p>\n<p data-start=\"832\" data-end=\"1083\">Le slamball convient \u00e0 diff\u00e9rents objectifs d'entra\u00eenement comme la force rapide, la coordination et la force explosive. Elle est disponible dans une large gamme de poids de 2 \u00e0 60 kg et peut donc \u00eatre adapt\u00e9e \u00e0 diff\u00e9rents niveaux de performance.<\/p>","protected":false},"excerpt":{"rendered":"<p>Balle slam en caoutchouc : id\u00e9ale pour l'entra\u00eenement fonctionnel, le renforcement musculaire et les exercices de lancer. Avec une peau ext\u00e9rieure robuste et adh\u00e9rente et la propri\u00e9t\u00e9 \"no bounce\" pour un contr\u00f4le maximal. Extr\u00eamement r\u00e9sistant et disponible dans des cat\u00e9gories de poids de 2 \u00e0 60 kg.<\/p>","protected":false},"featured_media":9012590,"comment_status":"closed","ping_status":"closed","template":"","meta":{"_acf_changed":false,"_gspb_post_css":""},"product_brand":[1000],"product_cat":[818,902],"product_tag":[],"class_list":{"0":"post-1711","1":"product","2":"type-product","3":"status-publish","4":"has-post-thumbnail","6":"product_brand-fitcom","7":"product_cat-conditioning","8":"product_cat-medizinbaelle","9":"pa_artikel-pro-verkaufseinheit-1x","10":"pa_balltyp-slam-ball","11":"pa_durchmesser-24-cm","12":"pa_durchmesser-27-cm","13":"pa_durchmesser-30-cm","14":"pa_durchmesser-32-cm","15":"pa_durchmesser-38-cm","16":"pa_durchmesser-40-cm","17":"pa_farbe-schwarz","18":"pa_gewicht-10-kg","19":"pa_gewicht-12-kg","20":"pa_gewicht-15-kg","21":"pa_gewicht-2-kg","22":"pa_gewicht-20-kg","23":"pa_gewicht-30-kg","24":"pa_gewicht-4-kg","25":"pa_gewicht-40-kg","26":"pa_gewicht-50-kg","27":"pa_gewicht-6-kg","28":"pa_gewicht-60-kg","29":"pa_gewicht-8-kg","30":"pa_kernmaterial-sand","31":"pa_lieferumfang-1x-slamball","32":"pa_oberflaeche-gummi","34":"first","35":"instock","36":"taxable","37":"shipping-taxable","38":"purchasable","39":"product-type-variable"},"bundled_by":[],"bundle_stock_status":"instock","bundle_stock_quantity":null,"bundle_virtual":false,"bundle_layout":"","bundle_add_to_cart_form_location":"","bundle_editable_in_cart":false,"bundle_sold_individually_context":"","bundle_item_grouping":"","bundle_min_size":"","bundle_max_size":"","bundle_price":[],"bundled_items":[],"bundle_sell_ids":[],"acf":[],"df_price":8,"df_sale_price":"","df_regular_price":8,"df_image_link":"https:\/\/www.fitness-flohmarkt.ch\/wp-content\/uploads\/F-73837_Slamball_0-20250324-155133-300x300.jpg","_links":{"self":[{"href":"https:\/\/www.fitness-flohmarkt.ch\/fr\/wp-json\/wp\/v2\/product\/1711","targetHints":{"allow":["GET"]}}],"collection":[{"href":"https:\/\/www.fitness-flohmarkt.ch\/fr\/wp-json\/wp\/v2\/product"}],"about":[{"href":"https:\/\/www.fitness-flohmarkt.ch\/fr\/wp-json\/wp\/v2\/types\/product"}],"replies":[{"embeddable":true,"href":"https:\/\/www.fitness-flohmarkt.ch\/fr\/wp-json\/wp\/v2\/comments?post=1711"}],"wp:featuredmedia":[{"embeddable":true,"href":"https:\/\/www.fitness-flohmarkt.ch\/fr\/wp-json\/wp\/v2\/media\/9012590"}],"wp:attachment":[{"href":"https:\/\/www.fitness-flohmarkt.ch\/fr\/wp-json\/wp\/v2\/media?parent=1711"}],"wp:term":[{"taxonomy":"product_brand","embeddable":true,"href":"https:\/\/www.fitness-flohmarkt.ch\/fr\/wp-json\/wp\/v2\/product_brand?post=1711"},{"taxonomy":"product_cat","embeddable":true,"href":"https:\/\/www.fitness-flohmarkt.ch\/fr\/wp-json\/wp\/v2\/product_cat?post=1711"},{"taxonomy":"product_tag","embeddable":true,"href":"https:\/\/www.fitness-flohmarkt.ch\/fr\/wp-json\/wp\/v2\/product_tag?post=1711"}],"curies":[{"name":"wp","href":"https:\/\/api.w.org\/{rel}","templated":true}]}}