{"id":1614,"date":"2025-01-15T01:10:46","date_gmt":"2025-01-15T00:10:46","guid":{"rendered":"https:\/\/www2.fitness-flohmarkt.ch\/produkt\/guss-hantelscheibe-50-mm\/"},"modified":"2026-04-17T19:11:04","modified_gmt":"2026-04-17T17:11:04","slug":"disque-dhalteres-en-fonte-50-mm","status":"publish","type":"product","link":"https:\/\/www.fitness-flohmarkt.ch\/fr\/produkt\/guss-hantelscheibe-50-mm\/","title":{"rendered":"Disque d'halt\u00e8res en fonte | 50 mm"},"content":{"rendered":"<h3 data-start=\"195\" data-end=\"281\"><strong data-start=\"195\" data-end=\"281\">Disque d'halt\u00e8res en fonte avec poign\u00e9es - compact, durable et polyvalent<\/strong><\/h3>\n<p class=\"\" data-start=\"283\" data-end=\"625\">Ces disques d'halt\u00e8res en fonte massive convainquent par leur grande stabilit\u00e9, leur construction compacte et leur aspect classique de studio. Gr\u00e2ce \u00e0 la structure particuli\u00e8rement dense du mat\u00e9riau, le diam\u00e8tre est relativement petit, m\u00eame avec des poids \u00e9lev\u00e9s - cela cr\u00e9e plus de place sur la barre d'halt\u00e8res et rend l'entra\u00eenement particuli\u00e8rement efficace.<\/p>\n<p class=\"\" data-start=\"627\" data-end=\"920\">La fonte est synonyme de long\u00e9vit\u00e9 exceptionnelle : le mat\u00e9riau robuste avec un rev\u00eatement de couleur pour une protection suppl\u00e9mentaire contre la rouille r\u00e9siste \u00e0 une forte sollicitation pendant de nombreuses ann\u00e9es et ne n\u00e9cessite que peu d'entretien. En m\u00eame temps, le mat\u00e9riau est inodore - id\u00e9al pour ceux qui recherchent une sensation d'entra\u00eenement authentique.<\/p>\n<p class=\"\" data-start=\"922\" data-end=\"1269\">L'anneau int\u00e9rieur fabriqu\u00e9 avec pr\u00e9cision avec un diam\u00e8tre de trou de 51 mm assure un maintien s\u00fbr sur toutes les barres d'halt\u00e8res longues courantes de 50 mm. Gr\u00e2ce aux trous de pr\u00e9hension int\u00e9gr\u00e9s, les disques peuvent \u00eatre pris confortablement, chang\u00e9s et utilis\u00e9s de mani\u00e8re polyvalente m\u00eame sans barre d'halt\u00e8res - par exemple pour des exercices comme les twists debout, les \u00e9l\u00e9vations frontales, les twists russes ou les crunchs.<\/p>\n<p class=\"\" data-start=\"1271\" data-end=\"1433\">Que ce soit au studio ou \u00e0 la salle de gym \u00e0 domicile, ces disques d'halt\u00e8res offrent une solution fiable et solide pour tous les niveaux d'entra\u00eenement.<\/p>\n<p class=\"\" data-start=\"1271\" data-end=\"1433\">Disponible dans des poids allant de 1,25 kg \u00e0 20 kg.<\/p>\n<p data-start=\"1271\" data-end=\"1433\"><strong>Remarque :<\/strong> La couleur grise peut varier en fonction de l'unit\u00e9 de production.<\/p>","protected":false},"excerpt":{"rendered":"<p>Disques d'halt\u00e8res en fonte avec poign\u00e9es : Construction compacte pour une grande stabilit\u00e9. Surface robuste, facile \u00e0 entretenir et inodore. Anneau int\u00e9rieur en acier inoxydable (51 mm) pour un maintien s\u00fbr sur des barres d'halt\u00e8res de 50 mm. Trous de pr\u00e9hension pour une manipulation facile. Disponible de 1,25 kg \u00e0 20 kg.<\/p>","protected":false},"featured_media":9043388,"comment_status":"closed","ping_status":"closed","template":"","meta":{"_acf_changed":false,"_gspb_post_css":""},"product_brand":[1000],"product_cat":[807],"product_tag":[],"class_list":{"0":"post-1614","1":"product","2":"type-product","3":"status-publish","4":"has-post-thumbnail","6":"product_brand-fitcom","7":"product_cat-50mm-hantelscheiben","8":"pa_abwurffaehig-nein","9":"pa_anzahl-gewichte-1x","10":"pa_artikel-pro-verkaufseinheit-1x","11":"pa_dicke-20-mm","12":"pa_dicke-25-mm","13":"pa_dicke-30-mm","14":"pa_dicke-35-mm","15":"pa_dicke-40-mm","16":"pa_durchmesser-15-5-cm","17":"pa_durchmesser-19-cm","18":"pa_durchmesser-22-5-cm","19":"pa_durchmesser-30-cm","20":"pa_durchmesser-36-5-cm","21":"pa_durchmesser-38-5-cm","22":"pa_farbe-grau","23":"pa_gewicht-1-25-kg","24":"pa_gewicht-10-kg","25":"pa_gewicht-15-kg","26":"pa_gewicht-2-5-kg","27":"pa_gewicht-20-kg","28":"pa_gewicht-5-kg","29":"pa_kernmaterial-gusseisen","30":"pa_lieferumfang-1x-hantelscheibe","31":"pa_lochdurchmesser-51-mm","32":"pa_oberflaeche-farbbeschichtung","33":"pa_scheibengewichtstyp-gusshantelscheibe","35":"first","36":"instock","37":"taxable","38":"shipping-taxable","39":"purchasable","40":"product-type-variable"},"bundled_by":[],"bundle_stock_status":"instock","bundle_stock_quantity":null,"bundle_virtual":false,"bundle_layout":"","bundle_add_to_cart_form_location":"","bundle_editable_in_cart":false,"bundle_sold_individually_context":"","bundle_item_grouping":"","bundle_min_size":"","bundle_max_size":"","bundle_price":[],"bundled_items":[],"bundle_sell_ids":[],"acf":[],"df_price":3.75,"df_sale_price":"","df_regular_price":3.75,"df_image_link":"https:\/\/www.fitness-flohmarkt.ch\/wp-content\/uploads\/F-13343_Hantelscheibe-Guss-50-mm_0-20250821-113134-300x300.jpg","_links":{"self":[{"href":"https:\/\/www.fitness-flohmarkt.ch\/fr\/wp-json\/wp\/v2\/product\/1614","targetHints":{"allow":["GET"]}}],"collection":[{"href":"https:\/\/www.fitness-flohmarkt.ch\/fr\/wp-json\/wp\/v2\/product"}],"about":[{"href":"https:\/\/www.fitness-flohmarkt.ch\/fr\/wp-json\/wp\/v2\/types\/product"}],"replies":[{"embeddable":true,"href":"https:\/\/www.fitness-flohmarkt.ch\/fr\/wp-json\/wp\/v2\/comments?post=1614"}],"wp:featuredmedia":[{"embeddable":true,"href":"https:\/\/www.fitness-flohmarkt.ch\/fr\/wp-json\/wp\/v2\/media\/9043388"}],"wp:attachment":[{"href":"https:\/\/www.fitness-flohmarkt.ch\/fr\/wp-json\/wp\/v2\/media?parent=1614"}],"wp:term":[{"taxonomy":"product_brand","embeddable":true,"href":"https:\/\/www.fitness-flohmarkt.ch\/fr\/wp-json\/wp\/v2\/product_brand?post=1614"},{"taxonomy":"product_cat","embeddable":true,"href":"https:\/\/www.fitness-flohmarkt.ch\/fr\/wp-json\/wp\/v2\/product_cat?post=1614"},{"taxonomy":"product_tag","embeddable":true,"href":"https:\/\/www.fitness-flohmarkt.ch\/fr\/wp-json\/wp\/v2\/product_tag?post=1614"}],"curies":[{"name":"wp","href":"https:\/\/api.w.org\/{rel}","templated":true}]}}