{"id":12883,"date":"2025-02-10T00:59:08","date_gmt":"2025-02-09T23:59:08","guid":{"rendered":"https:\/\/www2.fitness-flohmarkt.ch\/produkt\/fitness-rig-rack-6-stationen\/"},"modified":"2026-03-01T23:09:09","modified_gmt":"2026-03-01T22:09:09","slug":"fitness-rig-rack-6-stations","status":"publish","type":"product","link":"https:\/\/www.fitness-flohmarkt.ch\/fr\/produkt\/fitness-rig-rack-6-stationen\/","title":{"rendered":"Fitness Rig Rack | 6 stations"},"content":{"rendered":"<p>RIG professionnel avec 6 stations pour l'entra\u00eenement des halt\u00e8res.<\/p>\n<p>Dimensions : 9.0 x 1.8 x 3.0 m (sans les attaches).<\/p>\n<p>\u00c9tat : neuf et non utilis\u00e9.<\/p>","protected":false},"excerpt":{"rendered":"<p>RIG professionnel avec 6 stations pour l'entra\u00eenement des halt\u00e8res. Dimensions : 9.0 x 1.8 x 3.0 m (sans les attachements). \u00c9tat : neuf et non utilis\u00e9.<\/p>","protected":false},"featured_media":56300,"comment_status":"open","ping_status":"closed","template":"","meta":{"_acf_changed":false,"_gspb_post_css":""},"product_brand":[],"product_cat":[330],"product_tag":[],"class_list":{"0":"post-12883","1":"product","2":"type-product","3":"status-publish","4":"has-post-thumbnail","6":"product_cat-rigs","7":"product_shipping_class-nicht-stapelbar","9":"first","10":"outofstock","11":"taxable","12":"shipping-taxable","13":"purchasable","14":"product-type-simple"},"bundled_by":[],"bundle_stock_status":"outofstock","bundle_stock_quantity":0,"bundle_virtual":false,"bundle_layout":"","bundle_add_to_cart_form_location":"","bundle_editable_in_cart":false,"bundle_sold_individually_context":"","bundle_item_grouping":"","bundle_min_size":"","bundle_max_size":"","bundle_price":[],"bundled_items":[],"bundle_sell_ids":[],"acf":[],"df_price":4900,"df_sale_price":"","df_regular_price":4900,"df_image_link":"https:\/\/www.fitness-flohmarkt.ch\/wp-content\/uploads\/Freestanding-RIG-20250314-095536-300x240.jpg","_links":{"self":[{"href":"https:\/\/www.fitness-flohmarkt.ch\/fr\/wp-json\/wp\/v2\/product\/12883","targetHints":{"allow":["GET"]}}],"collection":[{"href":"https:\/\/www.fitness-flohmarkt.ch\/fr\/wp-json\/wp\/v2\/product"}],"about":[{"href":"https:\/\/www.fitness-flohmarkt.ch\/fr\/wp-json\/wp\/v2\/types\/product"}],"replies":[{"embeddable":true,"href":"https:\/\/www.fitness-flohmarkt.ch\/fr\/wp-json\/wp\/v2\/comments?post=12883"}],"wp:featuredmedia":[{"embeddable":true,"href":"https:\/\/www.fitness-flohmarkt.ch\/fr\/wp-json\/wp\/v2\/media\/56300"}],"wp:attachment":[{"href":"https:\/\/www.fitness-flohmarkt.ch\/fr\/wp-json\/wp\/v2\/media?parent=12883"}],"wp:term":[{"taxonomy":"product_brand","embeddable":true,"href":"https:\/\/www.fitness-flohmarkt.ch\/fr\/wp-json\/wp\/v2\/product_brand?post=12883"},{"taxonomy":"product_cat","embeddable":true,"href":"https:\/\/www.fitness-flohmarkt.ch\/fr\/wp-json\/wp\/v2\/product_cat?post=12883"},{"taxonomy":"product_tag","embeddable":true,"href":"https:\/\/www.fitness-flohmarkt.ch\/fr\/wp-json\/wp\/v2\/product_tag?post=12883"}],"curies":[{"name":"wp","href":"https:\/\/api.w.org\/{rel}","templated":true}]}}