{"id":12796,"date":"2025-02-10T00:58:43","date_gmt":"2025-02-09T23:58:43","guid":{"rendered":"https:\/\/www2.fitness-flohmarkt.ch\/produkt\/squat-stand-block-kniebeugenblock\/"},"modified":"2026-04-13T11:15:44","modified_gmt":"2026-04-13T09:15:44","slug":"squat-stand-block-bloc-de-squat","status":"publish","type":"product","link":"https:\/\/www.fitness-flohmarkt.ch\/fr\/produkt\/squat-stand-block-kniebeugenblock\/","title":{"rendered":"Squat Stand Block | Bloc de flexion des genoux"},"content":{"rendered":"<h3 data-start=\"431\" data-end=\"490\"><strong data-start=\"431\" data-end=\"490\">Squat Stand Block - squats optimis\u00e9s avec une stabilit\u00e9 suppl\u00e9mentaire<\/strong><\/h3>\n<p class=\"\" data-start=\"492\" data-end=\"868\">Le Squat Stand Block est un outil indispensable pour l'entra\u00eenement des squats. Il soulage le dos et les articulations des chevilles et permet d'optimiser la position du haut du corps. Gr\u00e2ce \u00e0 l'\u00e9l\u00e9vation stable des talons d'environ 10 mm \u00e0 50 mm, la barre d'halt\u00e8res est mieux \u00e9quilibr\u00e9e et la stabilit\u00e9 pendant le mouvement de squat est nettement am\u00e9lior\u00e9e.<\/p>\n<p class=\"\" data-start=\"870\" data-end=\"1209\">Le Squat Block est \u00e9galement adapt\u00e9 \u00e0 l'ex\u00e9cution de squats excentriques et peut \u00e9galement \u00eatre utilis\u00e9 comme bascule pour les mollets ou comme roll-stop pour les halt\u00e8res longs. Le bloc est fabriqu\u00e9 en caoutchouc plein incassable et garantit une grande r\u00e9sistance ainsi qu'une surface d'appui antid\u00e9rapante qui offre une s\u00e9curit\u00e9 suppl\u00e9mentaire.<\/p>\n<p class=\"\" data-start=\"1211\" data-end=\"1481\">Avec des dimensions de 70 x 16 x 5 cm, le bloc est polyvalent et offre une solution r\u00e9sistante et difficile \u00e0 supporter pour un entra\u00eenement intensif. Un outil d'entra\u00eenement durable et fonctionnel qui fait la diff\u00e9rence lors de l'entra\u00eenement.<\/p>\n<p class=\"\" data-start=\"1483\" data-end=\"1503\"><strong data-start=\"1483\" data-end=\"1503\">Remarque : <\/strong>Prix \u00e0 l'unit\u00e9.<\/p>","protected":false},"excerpt":{"rendered":"<p>Le Squat Stand Block optimise la posture lors de l'entra\u00eenement des fl\u00e9chisseurs de genoux, soulage le dos et les chevilles et augmente la stabilit\u00e9. Les talons peuvent \u00eatre augment\u00e9s de 10 mm \u00e0 50 mm. Le bloc en caoutchouc plein incassable est r\u00e9sistant et antid\u00e9rapant.<\/p>","protected":false},"featured_media":56232,"comment_status":"open","ping_status":"closed","template":"","meta":{"_acf_changed":false,"_gspb_post_css":""},"product_brand":[1000],"product_cat":[319],"product_tag":[],"class_list":{"0":"post-12796","1":"product","2":"type-product","3":"status-publish","4":"has-post-thumbnail","6":"product_brand-fitcom","7":"product_cat-fitness-zubehoer","8":"pa_artikel-pro-verkaufseinheit-1x","9":"pa_breite-16-cm","10":"pa_farbe-schwarz","11":"pa_fitness-zubehoertyp-weightlifting","12":"pa_gewicht-5-kg","13":"pa_hoehe-5-cm","14":"pa_laenge-70-cm","15":"pa_lieferumfang-1x-squat-stand-block","16":"pa_material-gummi","18":"first","19":"instock","20":"taxable","21":"shipping-taxable","22":"purchasable","23":"product-type-simple"},"bundled_by":[],"bundle_stock_status":"instock","bundle_stock_quantity":10,"bundle_virtual":false,"bundle_layout":"","bundle_add_to_cart_form_location":"","bundle_editable_in_cart":false,"bundle_sold_individually_context":"","bundle_item_grouping":"","bundle_min_size":"","bundle_max_size":"","bundle_price":[],"bundled_items":[],"bundle_sell_ids":[],"acf":[],"df_price":29,"df_sale_price":"","df_regular_price":29,"df_image_link":"https:\/\/www.fitness-flohmarkt.ch\/wp-content\/uploads\/Squat-Stand-Block-1-20250314-095506-300x300.png","_links":{"self":[{"href":"https:\/\/www.fitness-flohmarkt.ch\/fr\/wp-json\/wp\/v2\/product\/12796","targetHints":{"allow":["GET"]}}],"collection":[{"href":"https:\/\/www.fitness-flohmarkt.ch\/fr\/wp-json\/wp\/v2\/product"}],"about":[{"href":"https:\/\/www.fitness-flohmarkt.ch\/fr\/wp-json\/wp\/v2\/types\/product"}],"replies":[{"embeddable":true,"href":"https:\/\/www.fitness-flohmarkt.ch\/fr\/wp-json\/wp\/v2\/comments?post=12796"}],"wp:featuredmedia":[{"embeddable":true,"href":"https:\/\/www.fitness-flohmarkt.ch\/fr\/wp-json\/wp\/v2\/media\/56232"}],"wp:attachment":[{"href":"https:\/\/www.fitness-flohmarkt.ch\/fr\/wp-json\/wp\/v2\/media?parent=12796"}],"wp:term":[{"taxonomy":"product_brand","embeddable":true,"href":"https:\/\/www.fitness-flohmarkt.ch\/fr\/wp-json\/wp\/v2\/product_brand?post=12796"},{"taxonomy":"product_cat","embeddable":true,"href":"https:\/\/www.fitness-flohmarkt.ch\/fr\/wp-json\/wp\/v2\/product_cat?post=12796"},{"taxonomy":"product_tag","embeddable":true,"href":"https:\/\/www.fitness-flohmarkt.ch\/fr\/wp-json\/wp\/v2\/product_tag?post=12796"}],"curies":[{"name":"wp","href":"https:\/\/api.w.org\/{rel}","templated":true}]}}