{"id":12775,"date":"2025-02-10T00:58:39","date_gmt":"2025-02-09T23:58:39","guid":{"rendered":"https:\/\/www2.fitness-flohmarkt.ch\/produkt\/conic-fat-grips-griffset-kabelzug\/"},"modified":"2026-04-20T13:53:15","modified_gmt":"2026-04-20T11:53:15","slug":"conic-fat-grips-set-de-poignees-de-traction-a-cable","status":"publish","type":"product","link":"https:\/\/www.fitness-flohmarkt.ch\/fr\/produkt\/conic-fat-grips-griffset-kabelzug\/","title":{"rendered":"Conic Fat Grips | Set de poign\u00e9es de traction \u00e0 c\u00e2ble"},"content":{"rendered":"<h3>Conic Fat Grips - Jeu de poign\u00e9es en caoutchouc pour le tirage de c\u00e2bles<\/h3>\n<p class=\"\" data-start=\"129\" data-end=\"394\">Le set de poign\u00e9es Conic Fat Grips se compose de deux poign\u00e9es, bande et mousqueton inclus, et apporte plus de vari\u00e9t\u00e9 dans chaque entra\u00eenement. Les poign\u00e9es de forme conique (diam\u00e8tre 49-63 mm) offrent diff\u00e9rentes variantes de prise et peuvent \u00eatre utilis\u00e9es de mani\u00e8re id\u00e9ale sur les tirages de c\u00e2bles.<\/p>\n<p class=\"\" data-start=\"396\" data-end=\"674\">Les poign\u00e9es \u00e9paissies en caoutchouc exigent une prise plus forte, ce qui active un plus grand nombre de fibres musculaires. Cette charge suppl\u00e9mentaire entra\u00eene de nouveaux stimuli d'entra\u00eenement tout en favorisant la force de pr\u00e9hension, ce qui peut am\u00e9liorer les performances dans de nombreux exercices.<\/p>\n<p class=\"\" data-start=\"676\" data-end=\"961\">Gr\u00e2ce au mat\u00e9riau en caoutchouc r\u00e9sistant, les Fat Grips ont une dur\u00e9e de vie particuli\u00e8rement longue et offrent une grande durabilit\u00e9. Le maniement agr\u00e9able assure un entra\u00eenement confortable, tandis que la force de pr\u00e9hension am\u00e9lior\u00e9e et la multitude de variantes de prises rendent l'entra\u00eenement plus vari\u00e9.<\/p>\n<p data-start=\"676\" data-end=\"961\"><strong>Remarque :<\/strong> Prix par paire.<\/p>","protected":false},"excerpt":{"rendered":"<p>Le set de poign\u00e9es Conic Fat Grips en caoutchouc comprend deux poign\u00e9es (diam\u00e8tre 49-63 mm), une sangle et un mousqueton. La forme \u00e9paissie favorise la force de pr\u00e9hension et active des fibres musculaires suppl\u00e9mentaires - id\u00e9al pour un entra\u00eenement intensif \u00e0 la poulie.<\/p>","protected":false},"featured_media":56208,"comment_status":"open","ping_status":"closed","template":"","meta":{"_acf_changed":false,"_gspb_post_css":""},"product_brand":[1000],"product_cat":[815],"product_tag":[],"class_list":{"0":"post-12775","1":"product","2":"type-product","3":"status-publish","4":"has-post-thumbnail","6":"product_brand-fitcom","7":"product_cat-griffe-kabelzug","8":"pa_artikel-pro-verkaufseinheit-3x","9":"pa_breite-13-cm","10":"pa_ergonomischer-griff-nein","11":"pa_farbe-schwarz","12":"pa_fitness-zubehoertyp-kabelzuggriff","13":"pa_griffdurchmesser-49-63-mm","14":"pa_griffweitenmarkierung-nein","15":"pa_lieferumfang-2x-band","16":"pa_lieferumfang-2x-kabelzuggriff","17":"pa_lieferumfang-2x-karabinerhaken","18":"pa_material-gummi","19":"pa_material-griff-gummi","21":"first","22":"instock","23":"taxable","24":"shipping-taxable","25":"purchasable","26":"product-type-simple"},"bundled_by":[],"bundle_stock_status":"instock","bundle_stock_quantity":14,"bundle_virtual":false,"bundle_layout":"","bundle_add_to_cart_form_location":"","bundle_editable_in_cart":false,"bundle_sold_individually_context":"","bundle_item_grouping":"","bundle_min_size":"","bundle_max_size":"","bundle_price":[],"bundled_items":[],"bundle_sell_ids":[],"acf":[],"df_price":25,"df_sale_price":"","df_regular_price":25,"df_image_link":"https:\/\/www.fitness-flohmarkt.ch\/wp-content\/uploads\/Conic-Fat-Grips-1-20250314-095457-300x300.png","_links":{"self":[{"href":"https:\/\/www.fitness-flohmarkt.ch\/fr\/wp-json\/wp\/v2\/product\/12775","targetHints":{"allow":["GET"]}}],"collection":[{"href":"https:\/\/www.fitness-flohmarkt.ch\/fr\/wp-json\/wp\/v2\/product"}],"about":[{"href":"https:\/\/www.fitness-flohmarkt.ch\/fr\/wp-json\/wp\/v2\/types\/product"}],"replies":[{"embeddable":true,"href":"https:\/\/www.fitness-flohmarkt.ch\/fr\/wp-json\/wp\/v2\/comments?post=12775"}],"wp:featuredmedia":[{"embeddable":true,"href":"https:\/\/www.fitness-flohmarkt.ch\/fr\/wp-json\/wp\/v2\/media\/56208"}],"wp:attachment":[{"href":"https:\/\/www.fitness-flohmarkt.ch\/fr\/wp-json\/wp\/v2\/media?parent=12775"}],"wp:term":[{"taxonomy":"product_brand","embeddable":true,"href":"https:\/\/www.fitness-flohmarkt.ch\/fr\/wp-json\/wp\/v2\/product_brand?post=12775"},{"taxonomy":"product_cat","embeddable":true,"href":"https:\/\/www.fitness-flohmarkt.ch\/fr\/wp-json\/wp\/v2\/product_cat?post=12775"},{"taxonomy":"product_tag","embeddable":true,"href":"https:\/\/www.fitness-flohmarkt.ch\/fr\/wp-json\/wp\/v2\/product_tag?post=12775"}],"curies":[{"name":"wp","href":"https:\/\/api.w.org\/{rel}","templated":true}]}}