{"id":12733,"date":"2025-02-10T00:58:33","date_gmt":"2025-02-09T23:58:33","guid":{"rendered":"https:\/\/www2.fitness-flohmarkt.ch\/produkt\/rotation-row-handle-parallelgriff-kabelzug\/"},"modified":"2026-04-09T10:43:32","modified_gmt":"2026-04-09T08:43:32","slug":"rotation-row-handle-parallel-handle-cable-train","status":"publish","type":"product","link":"https:\/\/www.fitness-flohmarkt.ch\/fr\/produkt\/rotation-row-handle-parallelgriff-kabelzug\/","title":{"rendered":"Rotation Row Handle | Poign\u00e9e parall\u00e8le Palan \u00e0 c\u00e2ble"},"content":{"rendered":"<h3 data-start=\"97\" data-end=\"204\"><strong data-start=\"101\" data-end=\"204\">Premium Rotation Row Handle - Poign\u00e9e de rame ergonomique \u00e9troite avec rotation \u00e0 360\u00a0<\/strong><\/h3>\n<p data-start=\"206\" data-end=\"505\">La poign\u00e9e Premium Rotation Row Handle est une poign\u00e9e d'aviron \u00e9troite sp\u00e9cialement con\u00e7ue pour toutes les stations de traction \u00e0 c\u00e2ble disponibles dans le commerce. L'angle d'inclinaison unique des poign\u00e9es permet un angle d'attaque optimal des coudes, ce qui permet d'activer les muscles du dos de mani\u00e8re plus cibl\u00e9e et plus efficace.<\/p>\n<p data-start=\"507\" data-end=\"883\">\u00c9quip\u00e9e d'un double axe d'articulation et d'un anneau rotatif \u00e0 360\u00b0, la poign\u00e9e garantit une ex\u00e9cution des mouvements sans \u00e0-coups et sans danger pour les articulations. La surface molet\u00e9e assure une prise s\u00fbre pendant l'exercice. Le design robuste est con\u00e7u pour une grande r\u00e9sistance et une longue dur\u00e9e de vie, ce qui permet \u00e0 la poign\u00e9e de r\u00e9sister \u00e0 des s\u00e9ances d'entra\u00eenement intensives.<\/p>","protected":false},"excerpt":{"rendered":"<p>Poign\u00e9e de rame \u00e9troite Premium avec axe d'articulation pivotant \u00e0 360\u00b0 et angle d'inclinaison ergonomique. Pour un entra\u00eenement du dos au c\u00e2ble efficace et m\u00e9nageant les articulations.<\/p>","protected":false},"featured_media":56180,"comment_status":"open","ping_status":"closed","template":"","meta":{"_acf_changed":false,"_gspb_post_css":""},"product_brand":[1000],"product_cat":[815],"product_tag":[],"class_list":{"0":"post-12733","1":"product","2":"type-product","3":"status-publish","4":"has-post-thumbnail","6":"product_brand-fitcom","7":"product_cat-griffe-kabelzug","8":"pa_artikel-pro-verkaufseinheit-1x","9":"pa_breite-18-cm","10":"pa_ergonomischer-griff-ja","11":"pa_farbe-chrom","12":"pa_fitness-zubehoertyp-kabelzuggriff","13":"pa_griffdurchmesser-2-8-mm","14":"pa_griffweitenmarkierung-nein","15":"pa_hoehe-22-cm","16":"pa_lieferumfang-1x-kabelzuggriff","17":"pa_material-stahl","18":"pa_material-griff-stahl-verchromt","19":"pa_tiefe-16-5-cm","21":"first","22":"instock","23":"taxable","24":"shipping-taxable","25":"purchasable","26":"product-type-simple"},"bundled_by":[],"bundle_stock_status":"instock","bundle_stock_quantity":51,"bundle_virtual":false,"bundle_layout":"","bundle_add_to_cart_form_location":"","bundle_editable_in_cart":false,"bundle_sold_individually_context":"","bundle_item_grouping":"","bundle_min_size":"","bundle_max_size":"","bundle_price":[],"bundled_items":[],"bundle_sell_ids":[],"acf":[],"df_price":45,"df_sale_price":"","df_regular_price":45,"df_image_link":"https:\/\/www.fitness-flohmarkt.ch\/wp-content\/uploads\/Rotation-Row-Handle-1-20250314-095443-300x300.png","_links":{"self":[{"href":"https:\/\/www.fitness-flohmarkt.ch\/fr\/wp-json\/wp\/v2\/product\/12733","targetHints":{"allow":["GET"]}}],"collection":[{"href":"https:\/\/www.fitness-flohmarkt.ch\/fr\/wp-json\/wp\/v2\/product"}],"about":[{"href":"https:\/\/www.fitness-flohmarkt.ch\/fr\/wp-json\/wp\/v2\/types\/product"}],"replies":[{"embeddable":true,"href":"https:\/\/www.fitness-flohmarkt.ch\/fr\/wp-json\/wp\/v2\/comments?post=12733"}],"wp:featuredmedia":[{"embeddable":true,"href":"https:\/\/www.fitness-flohmarkt.ch\/fr\/wp-json\/wp\/v2\/media\/56180"}],"wp:attachment":[{"href":"https:\/\/www.fitness-flohmarkt.ch\/fr\/wp-json\/wp\/v2\/media?parent=12733"}],"wp:term":[{"taxonomy":"product_brand","embeddable":true,"href":"https:\/\/www.fitness-flohmarkt.ch\/fr\/wp-json\/wp\/v2\/product_brand?post=12733"},{"taxonomy":"product_cat","embeddable":true,"href":"https:\/\/www.fitness-flohmarkt.ch\/fr\/wp-json\/wp\/v2\/product_cat?post=12733"},{"taxonomy":"product_tag","embeddable":true,"href":"https:\/\/www.fitness-flohmarkt.ch\/fr\/wp-json\/wp\/v2\/product_tag?post=12733"}],"curies":[{"name":"wp","href":"https:\/\/api.w.org\/{rel}","templated":true}]}}