{"id":12699,"date":"2025-02-10T00:58:27","date_gmt":"2025-02-09T23:58:27","guid":{"rendered":"https:\/\/www2.fitness-flohmarkt.ch\/produkt\/aluminium-latzug-griff-kabelzug-premium\/"},"modified":"2026-04-20T13:30:09","modified_gmt":"2026-04-20T11:30:09","slug":"traction-latissimus-en-aluminium-poignee-traction-par-cable-premium","status":"publish","type":"product","link":"https:\/\/www.fitness-flohmarkt.ch\/fr\/produkt\/aluminium-latzug-griff-kabelzug-premium\/","title":{"rendered":"Poign\u00e9e de traction latissimus en aluminium C\u00e2ble de traction | Premium"},"content":{"rendered":"<h3>Barre de traction latissimus chrom\u00e9e avec articulation tournante - barre de traction robuste pour diff\u00e9rentes prises en main<\/h3>\n<p class=\"\" data-start=\"298\" data-end=\"628\">La barre de traction latissimus chrom\u00e9e avec articulation pivotante int\u00e9gr\u00e9e est id\u00e9ale pour l'entra\u00eenement sur la tour de traction \u00e0 c\u00e2ble. Avec une largeur de 123 cm et un diam\u00e8tre de poign\u00e9e de 33 mm, elle permet diff\u00e9rentes techniques de prise - de la prise serr\u00e9e \u00e0 la prise large - et donc des efforts cibl\u00e9s sur diff\u00e9rentes zones du dos.<\/p>\n<p class=\"\" data-start=\"630\" data-end=\"895\">L'articulation rotative r\u00e9duit la charge sur les poignets et favorise une ex\u00e9cution propre du mouvement de traction. Fabriqu\u00e9e en qualit\u00e9 studio de haute qualit\u00e9, la barre r\u00e9siste \u00e0 des charges allant jusqu'\u00e0 200 kg et est con\u00e7ue pour un entra\u00eenement de musculation intensif.<\/p>","protected":false},"excerpt":{"rendered":"<p>Barre de traction latissimus premium en chrome avec articulation rotative int\u00e9gr\u00e9e. Largeur : 123 cm, diam\u00e8tre de la poign\u00e9e : 33 mm, peut supporter jusqu'\u00e0 200 kg. Mod\u00e8le de studio de haute qualit\u00e9 premium pour un entra\u00eenement efficace sur la tour de c\u00e2bles.<\/p>","protected":false},"featured_media":56172,"comment_status":"open","ping_status":"closed","template":"","meta":{"_acf_changed":false,"_gspb_post_css":""},"product_brand":[1000],"product_cat":[815],"product_tag":[],"class_list":{"0":"post-12699","1":"product","2":"type-product","3":"status-publish","4":"has-post-thumbnail","6":"product_brand-fitcom","7":"product_cat-griffe-kabelzug","8":"pa_artikel-pro-verkaufseinheit-1x","9":"pa_breite-123-cm","10":"pa_ergonomischer-griff-nein","11":"pa_farbe-chrom","12":"pa_fitness-zubehoertyp-kabelzuggriff","13":"pa_griffdurchmesser-33-mm","14":"pa_griffweitenmarkierung-ja","15":"pa_hoehe-8-cm","16":"pa_lieferumfang-1x-kabelzuggriff","17":"pa_material-aluminium","19":"first","20":"instock","21":"taxable","22":"shipping-taxable","23":"purchasable","24":"product-type-simple"},"bundled_by":[],"bundle_stock_status":"instock","bundle_stock_quantity":33,"bundle_virtual":false,"bundle_layout":"","bundle_add_to_cart_form_location":"","bundle_editable_in_cart":false,"bundle_sold_individually_context":"","bundle_item_grouping":"","bundle_min_size":"","bundle_max_size":"","bundle_price":[],"bundled_items":[],"bundle_sell_ids":[],"acf":[],"df_price":45,"df_sale_price":"","df_regular_price":45,"df_image_link":"https:\/\/www.fitness-flohmarkt.ch\/wp-content\/uploads\/Aluminium-Latzug-Griff-1-20250314-095436-300x300.png","_links":{"self":[{"href":"https:\/\/www.fitness-flohmarkt.ch\/fr\/wp-json\/wp\/v2\/product\/12699","targetHints":{"allow":["GET"]}}],"collection":[{"href":"https:\/\/www.fitness-flohmarkt.ch\/fr\/wp-json\/wp\/v2\/product"}],"about":[{"href":"https:\/\/www.fitness-flohmarkt.ch\/fr\/wp-json\/wp\/v2\/types\/product"}],"replies":[{"embeddable":true,"href":"https:\/\/www.fitness-flohmarkt.ch\/fr\/wp-json\/wp\/v2\/comments?post=12699"}],"wp:featuredmedia":[{"embeddable":true,"href":"https:\/\/www.fitness-flohmarkt.ch\/fr\/wp-json\/wp\/v2\/media\/56172"}],"wp:attachment":[{"href":"https:\/\/www.fitness-flohmarkt.ch\/fr\/wp-json\/wp\/v2\/media?parent=12699"}],"wp:term":[{"taxonomy":"product_brand","embeddable":true,"href":"https:\/\/www.fitness-flohmarkt.ch\/fr\/wp-json\/wp\/v2\/product_brand?post=12699"},{"taxonomy":"product_cat","embeddable":true,"href":"https:\/\/www.fitness-flohmarkt.ch\/fr\/wp-json\/wp\/v2\/product_cat?post=12699"},{"taxonomy":"product_tag","embeddable":true,"href":"https:\/\/www.fitness-flohmarkt.ch\/fr\/wp-json\/wp\/v2\/product_tag?post=12699"}],"curies":[{"name":"wp","href":"https:\/\/api.w.org\/{rel}","templated":true}]}}