{"id":12341,"date":"2025-02-10T00:56:21","date_gmt":"2025-02-09T23:56:21","guid":{"rendered":"https:\/\/www2.fitness-flohmarkt.ch\/produkt\/staender-body-pump-hanteln-storage\/"},"modified":"2026-04-20T13:53:11","modified_gmt":"2026-04-20T11:53:11","slug":"support-body-pump-halteres-storage","status":"publish","type":"product","link":"https:\/\/www.fitness-flohmarkt.ch\/fr\/produkt\/staender-body-pump-hanteln-storage\/","title":{"rendered":"Supports Body Pump Halt\u00e8res | Stockage"},"content":{"rendered":"<h3 data-start=\"106\" data-end=\"198\"><strong data-start=\"106\" data-end=\"198\">Support pour halt\u00e8res longs pour 20 ensembles Body Pump - rangement pratique pour les ensembles d'halt\u00e8res et les accessoires<\/strong><\/h3>\n<p class=\"\" data-start=\"200\" data-end=\"805\">Le support d'halt\u00e8res longs pour les ensembles Body Pump permet un acc\u00e8s rapide dans la salle de cours. Avec de la place pour jusqu'\u00e0 20 ensembles d'halt\u00e8res longs Body Pump, y compris les barres d'halt\u00e8res, les disques de poids et les fermetures, tout reste \u00e0 port\u00e9e de main et bien rang\u00e9. La construction solide en acier garantit une bonne stabilit\u00e9, tandis que les pieds en caoutchouc prot\u00e8gent le sol des \u00e9raflures. Gr\u00e2ce aux dispositifs pratiques, tous les \u00e9l\u00e9ments du set d'halt\u00e8res peuvent \u00eatre rang\u00e9s efficacement. Le support mesure 146 x 51 x 108 cm et est id\u00e9al pour une utilisation en salle de cours.<\/p>\n<p class=\"\" data-start=\"200\" data-end=\"805\"><strong>Remarque :<\/strong> Les ensembles d'halt\u00e8res et les fermetures ne sont pas inclus dans la livraison.<\/p>","protected":false},"excerpt":{"rendered":"<p>Support pour halt\u00e8res longs pour 20 ensembles Body Pump en construction stable en acier. Les pieds caoutchout\u00e9s prot\u00e8gent le sol. Avec ses dimensions de 146 x 51 x 108 cm, il peut accueillir jusqu'\u00e0 20 ensembles d'halt\u00e8res et assure un rangement ordonn\u00e9.<\/p>","protected":false},"featured_media":68361,"comment_status":"open","ping_status":"closed","template":"","meta":{"_acf_changed":false,"_gspb_post_css":""},"product_brand":[1000],"product_cat":[332,304],"product_tag":[],"class_list":{"0":"post-12341","1":"product","2":"type-product","3":"status-publish","4":"has-post-thumbnail","6":"product_brand-fitcom","7":"product_cat-hantelstaender","8":"product_cat-reha-physio","9":"product_shipping_class-standard","10":"pa_ablage-gummiert-nein","11":"pa_artikel-pro-verkaufseinheit-1x","12":"pa_breite-146-cm","13":"pa_farbe-schwarz","14":"pa_hanteltyp-hantelscheiben","15":"pa_hanteltyp-hantelstange","16":"pa_hoehe-108-cm","17":"pa_kernmaterial-stahl","18":"pa_lieferumfang-1x-hantelscheibenstaender","19":"pa_lochdurchmesser-25-mm","20":"pa_max-belastung-1000-kg","21":"pa_oberflaeche-pulverbeschichtet","22":"pa_staendertyp-hantelscheibenstaender","23":"pa_tiefe-51-cm","25":"first","26":"instock","27":"taxable","28":"shipping-taxable","29":"purchasable","30":"product-type-simple"},"bundled_by":[],"bundle_stock_status":"instock","bundle_stock_quantity":27,"bundle_virtual":false,"bundle_layout":"","bundle_add_to_cart_form_location":"","bundle_editable_in_cart":false,"bundle_sold_individually_context":"","bundle_item_grouping":"","bundle_min_size":"","bundle_max_size":"","bundle_price":[],"bundled_items":[],"bundle_sell_ids":[],"acf":[],"df_price":345,"df_sale_price":"","df_regular_price":345,"df_image_link":"https:\/\/www.fitness-flohmarkt.ch\/wp-content\/uploads\/rack_2-1-300x300.png","_links":{"self":[{"href":"https:\/\/www.fitness-flohmarkt.ch\/fr\/wp-json\/wp\/v2\/product\/12341","targetHints":{"allow":["GET"]}}],"collection":[{"href":"https:\/\/www.fitness-flohmarkt.ch\/fr\/wp-json\/wp\/v2\/product"}],"about":[{"href":"https:\/\/www.fitness-flohmarkt.ch\/fr\/wp-json\/wp\/v2\/types\/product"}],"replies":[{"embeddable":true,"href":"https:\/\/www.fitness-flohmarkt.ch\/fr\/wp-json\/wp\/v2\/comments?post=12341"}],"wp:featuredmedia":[{"embeddable":true,"href":"https:\/\/www.fitness-flohmarkt.ch\/fr\/wp-json\/wp\/v2\/media\/68361"}],"wp:attachment":[{"href":"https:\/\/www.fitness-flohmarkt.ch\/fr\/wp-json\/wp\/v2\/media?parent=12341"}],"wp:term":[{"taxonomy":"product_brand","embeddable":true,"href":"https:\/\/www.fitness-flohmarkt.ch\/fr\/wp-json\/wp\/v2\/product_brand?post=12341"},{"taxonomy":"product_cat","embeddable":true,"href":"https:\/\/www.fitness-flohmarkt.ch\/fr\/wp-json\/wp\/v2\/product_cat?post=12341"},{"taxonomy":"product_tag","embeddable":true,"href":"https:\/\/www.fitness-flohmarkt.ch\/fr\/wp-json\/wp\/v2\/product_tag?post=12341"}],"curies":[{"name":"wp","href":"https:\/\/api.w.org\/{rel}","templated":true}]}}